{"id":4607,"date":"2021-07-04T15:33:38","date_gmt":"2021-07-04T15:33:38","guid":{"rendered":"https:\/\/sourcenaturelle.eu\/product\/sanoll-baby-kinder-waschcreme-200ml\/"},"modified":"2021-07-04T15:33:38","modified_gmt":"2021-07-04T15:33:38","slug":"sanoll-baby-kinder-waschcreme-200ml","status":"publish","type":"product","link":"https:\/\/sourcenaturelle.eu\/de\/produkt\/sanoll-baby-kinder-waschcreme-200ml\/","title":{"rendered":"Sanoll Baby- &#038; Kinder Waschcreme, 200ml"},"content":{"rendered":"<p>Ein milde K\u00f6rperreinigung f\u00fcr Babys, Kinder, Erwachsene und auch in der Altenpflege!<\/p>\n<p>Unsere Erfahrung hat uns gelehrt, dass ein Baby keine klassischen Shampoos oder Badezus\u00e4tze braucht. Die SANOLL Baby &#038; Kinder Waschcreme bietet auf nat\u00fcrlichste Art gute Hilfe bei der K\u00f6rperpflege. Ob auf dem Wasch-Handschuh, im Badewasser oder wenn n\u00f6tig f\u00fcrs feine Baby-Haar, diese Waschcreme schont den empfindlichen Schutzfilm auf Babys Haut. Sie reinigt gr\u00fcndlich und sanft zugleich, weil Tensid reduziert und mit der sanften Waschkraft von biologischem Seifenkraut. Das Badewasser k\u00f6nnen Sie nat\u00fcrlich jederzeit nach Ihren Vorstellungen mit z.B. etwas Sahne, biologischem Pflanzen\u00f6l oder Honig zus\u00e4tzlich verfeinern. Das K\u00f6pfchen wird am Besten im Badewasser mit gewaschen. Tipp: Diese Waschcreme eignet sich hervorragend auch f\u00fcr die Altenpflege!<\/p>\n<p>Bio-%: 97 %<br \/>\npH-Wert (ca.): 5,0<br \/>\nTier-Philosophie: vegan<br \/>\nGlutenFREI: ja<br \/>\nLaktoseFREI: ja<\/p>\n<p>Ehrliche VOLLdeklaration: Quellwasser, Zuckertensid, Seifenkraut Extrakt*, Apfelessig*, Neroli Hydrolat*, Lavendel Hydrolat*, Aprikosenkern\u00f6l*, Mandel\u00f6l*, Zitronens\u00e4ure, Ringelblumen Tinktur*, Xanthan, Weizenprotein*, Rosmarin Extrakt*, Amyris\u00f6l, Vanille*, Ylang\u00f6l*, Shiu\u00f6l, Rosengeranie*, Mandarin\u00f6l*. Landwirtschaftlicher Bio-Anteil 97%.<\/p>\n","protected":false},"excerpt":{"rendered":"<p>A mild body cleanser for babies, children, adults and also in elderly care!<\/p>\n","protected":false},"featured_media":4601,"template":"","meta":{"_kad_post_transparent":"","_kad_post_title":"","_kad_post_layout":"","_kad_post_sidebar_id":"","_kad_post_content_style":"","_kad_post_vertical_padding":"","_kad_post_feature":"","_kad_post_feature_position":"","_kad_post_header":false,"_kad_post_footer":false,"_kad_post_classname":""},"product_brand":[],"product_cat":[189,124,106,118,76,133,210],"product_tag":[],"class_list":{"0":"post-4607","1":"product","2":"type-product","3":"status-publish","4":"has-post-thumbnail","6":"product_cat-bad-dusche","7":"product_cat-dusche-shampoo","8":"product_cat-haare","9":"product_cat-kinder","10":"product_cat-koerper","11":"product_cat-sanoll-de","12":"product_cat-shampoo-spulung","14":"first","15":"instock","16":"shipping-taxable","17":"purchasable","18":"product-type-simple","19":"entry","20":"content-bg","21":"loop-entry"},"_links":{"self":[{"href":"https:\/\/sourcenaturelle.eu\/de\/wp-json\/wp\/v2\/product\/4607","targetHints":{"allow":["GET"]}}],"collection":[{"href":"https:\/\/sourcenaturelle.eu\/de\/wp-json\/wp\/v2\/product"}],"about":[{"href":"https:\/\/sourcenaturelle.eu\/de\/wp-json\/wp\/v2\/types\/product"}],"wp:featuredmedia":[{"embeddable":true,"href":"https:\/\/sourcenaturelle.eu\/de\/wp-json\/wp\/v2\/media\/4601"}],"wp:attachment":[{"href":"https:\/\/sourcenaturelle.eu\/de\/wp-json\/wp\/v2\/media?parent=4607"}],"wp:term":[{"taxonomy":"product_brand","embeddable":true,"href":"https:\/\/sourcenaturelle.eu\/de\/wp-json\/wp\/v2\/product_brand?post=4607"},{"taxonomy":"product_cat","embeddable":true,"href":"https:\/\/sourcenaturelle.eu\/de\/wp-json\/wp\/v2\/product_cat?post=4607"},{"taxonomy":"product_tag","embeddable":true,"href":"https:\/\/sourcenaturelle.eu\/de\/wp-json\/wp\/v2\/product_tag?post=4607"}],"curies":[{"name":"wp","href":"https:\/\/api.w.org\/{rel}","templated":true}]}}