{"id":4594,"date":"2021-07-04T15:04:52","date_gmt":"2021-07-04T15:04:52","guid":{"rendered":"https:\/\/sourcenaturelle.eu\/product\/sanoll-baby-kinder-bodycreme-50ml\/"},"modified":"2021-07-04T15:04:52","modified_gmt":"2021-07-04T15:04:52","slug":"sanoll-baby-kinder-bodycreme-50ml","status":"publish","type":"product","link":"https:\/\/sourcenaturelle.eu\/de\/produkt\/sanoll-baby-kinder-bodycreme-50ml\/","title":{"rendered":"Sanoll Baby- &#038; Kinder Bodycreme, 50ml"},"content":{"rendered":"<p>bei trockener &#038; gereizter Haut f\u00fcr alle Altersstufen<\/p>\n<p>Die etwas leichtere Bodycreme zeichnet sich durch eine gute und nachhaltige Hautpflege aus. Wertvolle Pflanzen\u00f6le und Kr\u00e4uterwirkstoffe n\u00e4hren und beruhigen trockene und gereizte Hautstellen. Sie zieht im Vergleich zur Po-Creme schneller in die entsprechenden Hautzonen ein. Dieses Produkt wird auch erfolgreich in der Altenpflege eingesetzt.<\/p>\n<p>Bio-%: 99 %<br \/>\npH-Wert (ca.): 7,4<br \/>\nTier-Philosophie: beegan<br \/>\nGlutenFREI: ja<br \/>\nLaktoseFREI: ja<\/p>\n<p>Ehrliche VOLLdeklaration: Sonnenblumen\u00f6l*, Lavendel Hydrolat*, Kokos\u00f6l*, Bienenwachs*, Lavendel Tinktur*, Jojoba\u00f6l*, Heilerde wei\u00df, Mandel\u00f6l*, Makadamia\u00f6l*, Sheabutter*, Kakaobutter*, Nachtkerzen\u00f6l*, Wundklee*, Stiefm\u00fctterchen*, Rosmarin Extrakt*, Amyris\u00f6l, Vanille*, Ylang\u00f6l*, Shiu\u00f6l, Rosengeranie*, Mandarin\u00f6l*, pflanzliches Vitamin E. Landwirtschaftlicher Bioanteil 99 %.<\/p>\n","protected":false},"excerpt":{"rendered":"<p>bei trockener &#038; gereizter Haut f\u00fcr alle Altersstufen<\/p>\n","protected":false},"featured_media":4592,"template":"","meta":{"_kad_post_transparent":"","_kad_post_title":"","_kad_post_layout":"","_kad_post_sidebar_id":"","_kad_post_content_style":"","_kad_post_vertical_padding":"","_kad_post_feature":"","_kad_post_feature_position":"","_kad_post_header":false,"_kad_post_footer":false,"_kad_post_classname":""},"product_brand":[],"product_cat":[195,118,76,121,133],"product_tag":[],"class_list":{"0":"post-4594","1":"product","2":"type-product","3":"status-publish","4":"has-post-thumbnail","6":"product_cat-hautpflege","7":"product_cat-kinder","8":"product_cat-koerper","9":"product_cat-koerperpflege","10":"product_cat-sanoll-de","12":"first","13":"instock","14":"shipping-taxable","15":"purchasable","16":"product-type-simple","17":"entry","18":"content-bg","19":"loop-entry"},"_links":{"self":[{"href":"https:\/\/sourcenaturelle.eu\/de\/wp-json\/wp\/v2\/product\/4594","targetHints":{"allow":["GET"]}}],"collection":[{"href":"https:\/\/sourcenaturelle.eu\/de\/wp-json\/wp\/v2\/product"}],"about":[{"href":"https:\/\/sourcenaturelle.eu\/de\/wp-json\/wp\/v2\/types\/product"}],"wp:featuredmedia":[{"embeddable":true,"href":"https:\/\/sourcenaturelle.eu\/de\/wp-json\/wp\/v2\/media\/4592"}],"wp:attachment":[{"href":"https:\/\/sourcenaturelle.eu\/de\/wp-json\/wp\/v2\/media?parent=4594"}],"wp:term":[{"taxonomy":"product_brand","embeddable":true,"href":"https:\/\/sourcenaturelle.eu\/de\/wp-json\/wp\/v2\/product_brand?post=4594"},{"taxonomy":"product_cat","embeddable":true,"href":"https:\/\/sourcenaturelle.eu\/de\/wp-json\/wp\/v2\/product_cat?post=4594"},{"taxonomy":"product_tag","embeddable":true,"href":"https:\/\/sourcenaturelle.eu\/de\/wp-json\/wp\/v2\/product_tag?post=4594"}],"curies":[{"name":"wp","href":"https:\/\/api.w.org\/{rel}","templated":true}]}}