{"id":4586,"date":"2021-07-04T14:53:14","date_gmt":"2021-07-04T14:53:14","guid":{"rendered":"https:\/\/sourcenaturelle.eu\/product\/sanoll-kinder-zahnpaste-malve-orange-75ml\/"},"modified":"2021-07-04T14:53:14","modified_gmt":"2021-07-04T14:53:14","slug":"sanoll-kinder-zahnpaste-malve-orange-75ml","status":"publish","type":"product","link":"https:\/\/sourcenaturelle.eu\/de\/produkt\/sanoll-kinder-zahnpaste-malve-orange-75ml\/","title":{"rendered":"Sanoll Kinder Zahnpaste Malve-Orange, 75ml"},"content":{"rendered":"<p>fruchtig-frische Zahnpflege<\/p>\n<p>Eine (bio)logische Tensid- und schaumfreie Kinder-Zahnpflege, welche auch noch gut \u201eschmeckt\u201c! G\u00e4nsebl\u00fcmchen und Heilkreide unterst\u00fctzen und pflegen das Zahnfleisch. Die Javanische Gelbwurz (Curcuma Xanthorrhiza) kann Kariesbildung entgegenwirken, was bei Kindern \u201edoppelt wichtig\u201c ist. Durch den fruchtigfrischen Geschmack kann Z\u00e4hneputzen ab sofort auch Spa\u00df machen! Tipp: Nat\u00fcrlich ist diese Zahnpaste genauso f\u00fcr Erwachsene geeignet.<\/p>\n<p>Bio-%: 99 %<br \/>\npH-Wert (ca.): 7,0<br \/>\nTier-Philosophie: vegan<br \/>\nGlutenFREI: ja<br \/>\nLaktoseFREI: ja<\/p>\n<p>Ehrliche VOLLdeklaration: Quellwasser, Neroli Hydrolat*, Heilerde wei\u00df, Kokos\u00f6l*, Malve Tinktur*, G\u00e4nsebl\u00fcmchentinktur*, Zellulose, Xanthan, Blutorangen\u00f6l*, Zitronen\u00f6l*, javanische Gelbwurz*, Stevia, Rosmarin Extrakt*, Ajowanfrucht*. Landwirtschaftlicher Bioanteil 99 %.<\/p>\n","protected":false},"excerpt":{"rendered":"<p>fruchtig-frische Zahnpflege<\/p>\n","protected":false},"featured_media":4584,"template":"","meta":{"_kad_post_transparent":"","_kad_post_title":"","_kad_post_layout":"","_kad_post_sidebar_id":"","_kad_post_content_style":"","_kad_post_vertical_padding":"","_kad_post_feature":"","_kad_post_feature_position":"","_kad_post_header":false,"_kad_post_footer":false,"_kad_post_classname":""},"product_brand":[],"product_cat":[94,118,207,133],"product_tag":[],"class_list":{"0":"post-4586","1":"product","2":"type-product","3":"status-publish","4":"has-post-thumbnail","6":"product_cat-gesicht","7":"product_cat-kinder","8":"product_cat-mundpflege","9":"product_cat-sanoll-de","11":"first","12":"instock","13":"shipping-taxable","14":"purchasable","15":"product-type-simple","16":"entry","17":"content-bg","18":"loop-entry"},"_links":{"self":[{"href":"https:\/\/sourcenaturelle.eu\/de\/wp-json\/wp\/v2\/product\/4586","targetHints":{"allow":["GET"]}}],"collection":[{"href":"https:\/\/sourcenaturelle.eu\/de\/wp-json\/wp\/v2\/product"}],"about":[{"href":"https:\/\/sourcenaturelle.eu\/de\/wp-json\/wp\/v2\/types\/product"}],"wp:featuredmedia":[{"embeddable":true,"href":"https:\/\/sourcenaturelle.eu\/de\/wp-json\/wp\/v2\/media\/4584"}],"wp:attachment":[{"href":"https:\/\/sourcenaturelle.eu\/de\/wp-json\/wp\/v2\/media?parent=4586"}],"wp:term":[{"taxonomy":"product_brand","embeddable":true,"href":"https:\/\/sourcenaturelle.eu\/de\/wp-json\/wp\/v2\/product_brand?post=4586"},{"taxonomy":"product_cat","embeddable":true,"href":"https:\/\/sourcenaturelle.eu\/de\/wp-json\/wp\/v2\/product_cat?post=4586"},{"taxonomy":"product_tag","embeddable":true,"href":"https:\/\/sourcenaturelle.eu\/de\/wp-json\/wp\/v2\/product_tag?post=4586"}],"curies":[{"name":"wp","href":"https:\/\/api.w.org\/{rel}","templated":true}]}}