{"id":4578,"date":"2021-07-04T14:38:03","date_gmt":"2021-07-04T14:38:03","guid":{"rendered":"https:\/\/sourcenaturelle.eu\/product\/sanoll-zahnpaste-menthol-echinacea-75ml\/"},"modified":"2021-07-04T14:38:03","modified_gmt":"2021-07-04T14:38:03","slug":"sanoll-zahnpaste-menthol-echinacea-75ml","status":"publish","type":"product","link":"https:\/\/sourcenaturelle.eu\/de\/produkt\/sanoll-zahnpaste-menthol-echinacea-75ml\/","title":{"rendered":"Sanoll Zahnpaste Menthol-Echinacea, 75ml"},"content":{"rendered":"<p>(bio)logisch-frische Zahn-Pflege<\/p>\n<p>Tensid- und somit auch schaumfreie Mundpflege mit Wirkstoffen der Natur! Die Frische des Menthols und die \u201esch\u00fctzenden Kr\u00e4uter\u201d pflegen Z\u00e4hne und Zahnfleisch, sie verleihen einen angenehm frischen Geschmack.<\/p>\n<p>Bio-%: 98 %<br \/>\npH-Wert (ca.): 7,0<br \/>\nTier-Philosophie: vegan<br \/>\nGlutenFREI: ja<br \/>\nLaktoseFREI: ja<\/p>\n<p>Ehrliche VOLLdeklaration: W\u00e4ssrig-alkoholischer* Auszug von Echinacea* und Ringelblume*, Heilerde wei\u00df, Mandel\u00f6l*, Zellulose, Xanthan, Sesam\u00f6l*, Menthol, Zitronen\u00f6l*, Pfefferminze\u00f6l*, javanische Gelbwurz*, pflanzliches Vitamin E. Landwirtschaftlicher Bioanteil 98 %.<\/p>\n","protected":false},"excerpt":{"rendered":"<p>(bio)logisch-frische Zahn-Pflege<\/p>\n","protected":false},"featured_media":4576,"template":"","meta":{"_kad_post_transparent":"","_kad_post_title":"","_kad_post_layout":"","_kad_post_sidebar_id":"","_kad_post_content_style":"","_kad_post_vertical_padding":"","_kad_post_feature":"","_kad_post_feature_position":"","_kad_post_header":false,"_kad_post_footer":false,"_kad_post_classname":""},"product_brand":[],"product_cat":[94,207,133],"product_tag":[],"class_list":{"0":"post-4578","1":"product","2":"type-product","3":"status-publish","4":"has-post-thumbnail","6":"product_cat-gesicht","7":"product_cat-mundpflege","8":"product_cat-sanoll-de","10":"first","11":"instock","12":"shipping-taxable","13":"purchasable","14":"product-type-simple","15":"entry","16":"content-bg","17":"loop-entry"},"_links":{"self":[{"href":"https:\/\/sourcenaturelle.eu\/de\/wp-json\/wp\/v2\/product\/4578","targetHints":{"allow":["GET"]}}],"collection":[{"href":"https:\/\/sourcenaturelle.eu\/de\/wp-json\/wp\/v2\/product"}],"about":[{"href":"https:\/\/sourcenaturelle.eu\/de\/wp-json\/wp\/v2\/types\/product"}],"wp:featuredmedia":[{"embeddable":true,"href":"https:\/\/sourcenaturelle.eu\/de\/wp-json\/wp\/v2\/media\/4576"}],"wp:attachment":[{"href":"https:\/\/sourcenaturelle.eu\/de\/wp-json\/wp\/v2\/media?parent=4578"}],"wp:term":[{"taxonomy":"product_brand","embeddable":true,"href":"https:\/\/sourcenaturelle.eu\/de\/wp-json\/wp\/v2\/product_brand?post=4578"},{"taxonomy":"product_cat","embeddable":true,"href":"https:\/\/sourcenaturelle.eu\/de\/wp-json\/wp\/v2\/product_cat?post=4578"},{"taxonomy":"product_tag","embeddable":true,"href":"https:\/\/sourcenaturelle.eu\/de\/wp-json\/wp\/v2\/product_tag?post=4578"}],"curies":[{"name":"wp","href":"https:\/\/api.w.org\/{rel}","templated":true}]}}