{"id":4570,"date":"2021-07-04T14:19:33","date_gmt":"2021-07-04T14:19:33","guid":{"rendered":"https:\/\/sourcenaturelle.eu\/product\/sanoll-zahnpaste-echinacea-salbei-75ml\/"},"modified":"2021-07-04T14:19:33","modified_gmt":"2021-07-04T14:19:33","slug":"sanoll-zahnpaste-echinacea-salbei-75ml","status":"publish","type":"product","link":"https:\/\/sourcenaturelle.eu\/de\/produkt\/sanoll-zahnpaste-echinacea-salbei-75ml\/","title":{"rendered":"Sanoll Zahnpaste Echinacea-Salbei, 75ml"},"content":{"rendered":"<p>(bio)logische Zahn- und Zahnfleisch-Pflege<br \/>\nTensid- und somit auch schaumfreie Mundpflege mit wichtigen Wirkstoffen aus der Natur! Wohltuende Kr\u00e4uter sch\u00fctzen und pflegen das Zahnfleisch und k\u00f6nnen Entz\u00fcndungen vorbeugen. Hinweis: Auch bei hom\u00f6opathischer Behandlung sehr gut geeignet.<\/p>\n<p>Bio-%: 99 %<br \/>\npH-Wert (ca.): 7,0<br \/>\nTier-Philosophie: vegan<br \/>\nGlutenFREI: ja<br \/>\nLaktoseFREI: ja<\/p>\n<p>Ehrliche VOLLdeklaration: W\u00e4ssrig-alkoholischer* Auszug von Echinacea* und Ringelblume*, Heilerde wei\u00df, Mandel\u00f6l*, Kristallsalz, Zellulose, Xanthan, Salbei\u00f6l*, Sesam\u00f6l*, Zitronen\u00f6l*, Myrte\u00f6l*, Thymian\u00f6l*, javanische Gelbwurz*, pflanzliches Vitamin E. Landwirtschaftlicher Bioanteil 99 %.<\/p>\n","protected":false},"excerpt":{"rendered":"<p>(bio)logische Zahn- und Zahnfleisch-Pflege<\/p>\n","protected":false},"featured_media":4568,"template":"","meta":{"_kad_post_transparent":"","_kad_post_title":"","_kad_post_layout":"","_kad_post_sidebar_id":"","_kad_post_content_style":"","_kad_post_vertical_padding":"","_kad_post_feature":"","_kad_post_feature_position":"","_kad_post_header":false,"_kad_post_footer":false,"_kad_post_classname":""},"product_brand":[],"product_cat":[94,207,133],"product_tag":[],"class_list":{"0":"post-4570","1":"product","2":"type-product","3":"status-publish","4":"has-post-thumbnail","6":"product_cat-gesicht","7":"product_cat-mundpflege","8":"product_cat-sanoll-de","10":"first","11":"instock","12":"shipping-taxable","13":"purchasable","14":"product-type-simple","15":"entry","16":"content-bg","17":"loop-entry"},"_links":{"self":[{"href":"https:\/\/sourcenaturelle.eu\/de\/wp-json\/wp\/v2\/product\/4570","targetHints":{"allow":["GET"]}}],"collection":[{"href":"https:\/\/sourcenaturelle.eu\/de\/wp-json\/wp\/v2\/product"}],"about":[{"href":"https:\/\/sourcenaturelle.eu\/de\/wp-json\/wp\/v2\/types\/product"}],"wp:featuredmedia":[{"embeddable":true,"href":"https:\/\/sourcenaturelle.eu\/de\/wp-json\/wp\/v2\/media\/4568"}],"wp:attachment":[{"href":"https:\/\/sourcenaturelle.eu\/de\/wp-json\/wp\/v2\/media?parent=4570"}],"wp:term":[{"taxonomy":"product_brand","embeddable":true,"href":"https:\/\/sourcenaturelle.eu\/de\/wp-json\/wp\/v2\/product_brand?post=4570"},{"taxonomy":"product_cat","embeddable":true,"href":"https:\/\/sourcenaturelle.eu\/de\/wp-json\/wp\/v2\/product_cat?post=4570"},{"taxonomy":"product_tag","embeddable":true,"href":"https:\/\/sourcenaturelle.eu\/de\/wp-json\/wp\/v2\/product_tag?post=4570"}],"curies":[{"name":"wp","href":"https:\/\/api.w.org\/{rel}","templated":true}]}}