{"id":4562,"date":"2021-07-04T13:45:59","date_gmt":"2021-07-04T13:45:59","guid":{"rendered":"https:\/\/sourcenaturelle.eu\/product\/sanoll-sos-hautpflegestift-4g\/"},"modified":"2021-07-04T13:45:59","modified_gmt":"2021-07-04T13:45:59","slug":"sanoll-sos-hautpflegestift-4g","status":"publish","type":"product","link":"https:\/\/sourcenaturelle.eu\/de\/produkt\/sanoll-sos-hautpflegestift-4g\/","title":{"rendered":"Sanoll SOS &#8211; Hautpflegestift, 4g"},"content":{"rendered":"<p>for skin and lip care<br \/>\nZur punktuellen Hautpflege z.B. nach INSEKTENSTICHEN und zur Neutralisierung bei Juckreiz aus den verschiedensten Gr\u00fcnden. Ebenso ist dieser \u201eStift\u201c auch sehr gut f\u00fcr die Lippenpflege geeignet, die sorgf\u00e4ltig ausgew\u00e4hlten hochwertigen BIO-Rohstoffe sch\u00fctzen und pflegen empfindliche Lippen besonders nachhaltig. Ein Produkt f\u00fcr viele Einsatzm\u00f6glichkeiten&#8230;.<\/p>\n<p>Bio-%: 99 %<br \/>\nTier-Philosophie: vegan<br \/>\nGlutenFREI: ja<br \/>\nLaktoseFREI: ja<\/p>\n<p>Ehrliche VOLLdeklaration: Kokos\u00f6l*, Carnaubawachs*, Sheabutter*, Lavendel\u00f6l*, Sandornfrucht\u00f6l*, Lavendel*, pflanzliches Vitamin E. Landwirtschaftlicher Bioanteil 99 %.<\/p>\n","protected":false},"excerpt":{"rendered":"<p>for skin and lip care<\/p>\n","protected":false},"featured_media":4560,"template":"","meta":{"_kad_post_transparent":"","_kad_post_title":"","_kad_post_layout":"","_kad_post_sidebar_id":"","_kad_post_content_style":"","_kad_post_vertical_padding":"","_kad_post_feature":"","_kad_post_feature_position":"","_kad_post_header":false,"_kad_post_footer":false,"_kad_post_classname":""},"product_brand":[],"product_cat":[201,94,76,130,133],"product_tag":[],"class_list":{"0":"post-4562","1":"product","2":"type-product","3":"status-publish","4":"has-post-thumbnail","6":"product_cat-augen-lippen","7":"product_cat-gesicht","8":"product_cat-koerper","9":"product_cat-mehr","10":"product_cat-sanoll-de","12":"first","13":"instock","14":"shipping-taxable","15":"purchasable","16":"product-type-simple","17":"entry","18":"content-bg","19":"loop-entry"},"_links":{"self":[{"href":"https:\/\/sourcenaturelle.eu\/de\/wp-json\/wp\/v2\/product\/4562","targetHints":{"allow":["GET"]}}],"collection":[{"href":"https:\/\/sourcenaturelle.eu\/de\/wp-json\/wp\/v2\/product"}],"about":[{"href":"https:\/\/sourcenaturelle.eu\/de\/wp-json\/wp\/v2\/types\/product"}],"wp:featuredmedia":[{"embeddable":true,"href":"https:\/\/sourcenaturelle.eu\/de\/wp-json\/wp\/v2\/media\/4560"}],"wp:attachment":[{"href":"https:\/\/sourcenaturelle.eu\/de\/wp-json\/wp\/v2\/media?parent=4562"}],"wp:term":[{"taxonomy":"product_brand","embeddable":true,"href":"https:\/\/sourcenaturelle.eu\/de\/wp-json\/wp\/v2\/product_brand?post=4562"},{"taxonomy":"product_cat","embeddable":true,"href":"https:\/\/sourcenaturelle.eu\/de\/wp-json\/wp\/v2\/product_cat?post=4562"},{"taxonomy":"product_tag","embeddable":true,"href":"https:\/\/sourcenaturelle.eu\/de\/wp-json\/wp\/v2\/product_tag?post=4562"}],"curies":[{"name":"wp","href":"https:\/\/api.w.org\/{rel}","templated":true}]}}