{"id":4548,"date":"2021-07-04T08:26:11","date_gmt":"2021-07-04T08:26:11","guid":{"rendered":"https:\/\/sourcenaturelle.eu\/product\/sanoll-deo-stick-intensiv-60g\/"},"modified":"2021-07-04T08:26:11","modified_gmt":"2021-07-04T08:26:11","slug":"sanoll-deo-stick-intensiv-60g","status":"publish","type":"product","link":"https:\/\/sourcenaturelle.eu\/de\/produkt\/sanoll-deo-stick-intensiv-60g\/","title":{"rendered":"Sanoll Deo-Stick Intensiv, 60g"},"content":{"rendered":"<p>frisch-sicher-plastikfrei<\/p>\n<p>Bio-%: 99 %<br \/>\nTier-Philosophie: vegan<br \/>\nGlutenFREI: ja<br \/>\nLaktoseFREI: ja<\/p>\n<p>Ehrliche VOLLdeklaration: Kokos\u00f6l*, Sonnenblumen\u00f6l*, Mandel\u00f6l*, Carnaubawachs*, Natriumhydrogencarbonat, Maisst\u00e4rke*, Vitamin E, Grapefruit\u00f6l*, Lavendel\u00f6l*, Pfefferminz\u00f6l*, Salbei\u00f6l*, Amyris\u00f6l. Landwirtschaftlicher Bioanteil 99 %.<\/p>\n","protected":false},"excerpt":{"rendered":"<p>frisch-sicher-plastikfrei<\/p>\n","protected":false},"featured_media":4546,"template":"","meta":{"_kad_post_transparent":"","_kad_post_title":"","_kad_post_layout":"","_kad_post_sidebar_id":"","_kad_post_content_style":"","_kad_post_vertical_padding":"","_kad_post_feature":"","_kad_post_feature_position":"","_kad_post_header":false,"_kad_post_footer":false,"_kad_post_classname":""},"product_brand":[],"product_cat":[192,76,133],"product_tag":[],"class_list":{"0":"post-4548","1":"product","2":"type-product","3":"status-publish","4":"has-post-thumbnail","6":"product_cat-deodorants-de","7":"product_cat-koerper","8":"product_cat-sanoll-de","10":"first","11":"onbackorder","12":"shipping-taxable","13":"purchasable","14":"product-type-simple","15":"entry","16":"content-bg","17":"loop-entry"},"_links":{"self":[{"href":"https:\/\/sourcenaturelle.eu\/de\/wp-json\/wp\/v2\/product\/4548","targetHints":{"allow":["GET"]}}],"collection":[{"href":"https:\/\/sourcenaturelle.eu\/de\/wp-json\/wp\/v2\/product"}],"about":[{"href":"https:\/\/sourcenaturelle.eu\/de\/wp-json\/wp\/v2\/types\/product"}],"wp:featuredmedia":[{"embeddable":true,"href":"https:\/\/sourcenaturelle.eu\/de\/wp-json\/wp\/v2\/media\/4546"}],"wp:attachment":[{"href":"https:\/\/sourcenaturelle.eu\/de\/wp-json\/wp\/v2\/media?parent=4548"}],"wp:term":[{"taxonomy":"product_brand","embeddable":true,"href":"https:\/\/sourcenaturelle.eu\/de\/wp-json\/wp\/v2\/product_brand?post=4548"},{"taxonomy":"product_cat","embeddable":true,"href":"https:\/\/sourcenaturelle.eu\/de\/wp-json\/wp\/v2\/product_cat?post=4548"},{"taxonomy":"product_tag","embeddable":true,"href":"https:\/\/sourcenaturelle.eu\/de\/wp-json\/wp\/v2\/product_tag?post=4548"}],"curies":[{"name":"wp","href":"https:\/\/api.w.org\/{rel}","templated":true}]}}