{"id":4532,"date":"2021-07-04T07:24:22","date_gmt":"2021-07-04T07:24:22","guid":{"rendered":"https:\/\/sourcenaturelle.eu\/product\/sanoll-festes-bio-veganes-dusch-ding-80g\/"},"modified":"2021-07-04T07:40:33","modified_gmt":"2021-07-04T07:40:33","slug":"sanoll-festes-bio-veganes-dusch-ding-80g","status":"publish","type":"product","link":"https:\/\/sourcenaturelle.eu\/de\/produkt\/sanoll-festes-bio-veganes-dusch-ding-80g\/","title":{"rendered":"Sanoll Festes bio-veganes Dusch-Ding, 80g"},"content":{"rendered":"<p>pflegt &#038; erfrischt<br \/>\nFestes Dusch-St\u00fcck, ohne synthetischer Tenside und chemischer Hilfsstoffe! <\/p>\n<p>&#8222;Ich bin KEINE einfache Seife &#8211; ich bin ein echtes Dusch-Ding!&#8220; <\/p>\n<p>Feiner Schaum aus verseiftem biologischen Kokos-\/Oliven\u00f6l, Rosskastanien-Saponin und etwas mildem Zuckertensid. Fruchtig frischer Duft aus reinen \u00e4therischen \u00d6len der Orange und Pfefferminze! Das Produkt ist handgemacht, es ist einfach und sparsam in der Anwendung, besonders mit einem plastikfreien Dusch &#038; Seifen-S\u00e4ckchen. <\/p>\n<p>\u00dcber die \u00f6kologische plastikfreie Graspapier-Verpackung freut sich unsere Mutter-Erde! <\/p>\n<p>Anwendung: Auf die nasse Haut auftragen und den K\u00f6rper sanft abmassieren. Optimal ist die Anwendung dem &#8222;Dusch &#038; Seifen-S\u00e4ckchen&#8220;! Dazu das feste Duschbad in das S\u00e4ckchen geben und auch nach dem Duschen gerne im S\u00e4ckchen belassen (luftig zum Trocknen aufh\u00e4ngen). Das bef\u00fcllte S\u00e4ckchen mit Duschwasser durchn\u00e4ssen und durch Reiben mit den H\u00e4nden aufsch\u00e4umen, dann den nassen K\u00f6rper mit dem schaumigen S\u00e4ckchen abreiben. Genie\u00dfen sie den wohligen Schaum und das sanfte Peeling des Stoffs\u00e4ckchens! ACHTUNG \u2013 Dusch-St\u00fcck immer trocken auf einer Abtropftasse und\/oder auf einem Lufa-Schwamm lagern oder im S\u00e4ckchen luftig aufh\u00e4ngen!<\/p>\n<p>Bio-%: 100 %<br \/>\npH-Wert (ca.): 9,0<br \/>\nTier-Philosophie: vegan<br \/>\nGlutenFREI: ja<br \/>\nLaktoseFREI: ja<\/p>\n<p>Ehrliche VOLLdeklaration: Kokos\u00f6l* und Oliven\u00f6l* verseift, Quellwasser, Blutorangen\u00f6l*, Zuckertensid, Rosskastanie*, Gerstengras*, Pfefferminze\u00f6l*. Landwirtschaftlicher Bioanteil 100 %.<\/p>\n","protected":false},"excerpt":{"rendered":"<p>pflegt &#038; erfrischt<\/p>\n","protected":false},"featured_media":4530,"template":"","meta":{"_kad_post_transparent":"","_kad_post_title":"","_kad_post_layout":"","_kad_post_sidebar_id":"","_kad_post_content_style":"","_kad_post_vertical_padding":"","_kad_post_feature":"","_kad_post_feature_position":"","_kad_post_header":false,"_kad_post_footer":false,"_kad_post_classname":""},"product_brand":[],"product_cat":[189,76,133],"product_tag":[],"class_list":{"0":"post-4532","1":"product","2":"type-product","3":"status-publish","4":"has-post-thumbnail","6":"product_cat-bad-dusche","7":"product_cat-koerper","8":"product_cat-sanoll-de","10":"first","11":"instock","12":"shipping-taxable","13":"purchasable","14":"product-type-simple","15":"entry","16":"content-bg","17":"loop-entry"},"_links":{"self":[{"href":"https:\/\/sourcenaturelle.eu\/de\/wp-json\/wp\/v2\/product\/4532","targetHints":{"allow":["GET"]}}],"collection":[{"href":"https:\/\/sourcenaturelle.eu\/de\/wp-json\/wp\/v2\/product"}],"about":[{"href":"https:\/\/sourcenaturelle.eu\/de\/wp-json\/wp\/v2\/types\/product"}],"wp:featuredmedia":[{"embeddable":true,"href":"https:\/\/sourcenaturelle.eu\/de\/wp-json\/wp\/v2\/media\/4530"}],"wp:attachment":[{"href":"https:\/\/sourcenaturelle.eu\/de\/wp-json\/wp\/v2\/media?parent=4532"}],"wp:term":[{"taxonomy":"product_brand","embeddable":true,"href":"https:\/\/sourcenaturelle.eu\/de\/wp-json\/wp\/v2\/product_brand?post=4532"},{"taxonomy":"product_cat","embeddable":true,"href":"https:\/\/sourcenaturelle.eu\/de\/wp-json\/wp\/v2\/product_cat?post=4532"},{"taxonomy":"product_tag","embeddable":true,"href":"https:\/\/sourcenaturelle.eu\/de\/wp-json\/wp\/v2\/product_tag?post=4532"}],"curies":[{"name":"wp","href":"https:\/\/api.w.org\/{rel}","templated":true}]}}