{"id":4524,"date":"2021-07-04T07:14:21","date_gmt":"2021-07-04T07:14:21","guid":{"rendered":"https:\/\/sourcenaturelle.eu\/product\/sanoll-duschgel-mandelol-orange-200ml\/"},"modified":"2021-07-04T07:14:21","modified_gmt":"2021-07-04T07:14:21","slug":"sanoll-duschgel-mandelol-orange-200ml","status":"publish","type":"product","link":"https:\/\/sourcenaturelle.eu\/de\/produkt\/sanoll-duschgel-mandelol-orange-200ml\/","title":{"rendered":"Sanoll Duschgel Mandel\u00f6l-Orange, 200ml"},"content":{"rendered":"<p>pflegt &#038; erfrischt<\/p>\n<p>Genie\u00dfen Sie die fruchtige Frische der Orange und die wohltuende Pflege des sanften Mandel\u00f6ls. Die einzigartige Kombination aus nat\u00fcrlichem Zuckertensid und biologischem Seifenkrautextrakt reinigt sanft und sch\u00fctzt den S\u00e4ureschutzmantel der Haut. Anwendung: Vor Gebrauch sch\u00fctteln!<\/p>\n<p>Bio-%: 95 %<br \/>\npH-Wert (ca.): 4,0<br \/>\nTier-Philosophie: vegan<\/p>\n<p>Ehrliche VOLLdeklaration: Quellwasser, Zuckertensid, Apfelessig*, Neroli Hydrolat*, Sonnenblumen\u00f6l*, Seifenkraut*, Quinoa*, Mandel\u00f6l*, Weingeist*, Xanthan, Blutorangen\u00f6l*, Bergamotte\u00f6l*, Mandarin\u00f6l*, Shiu\u00f6l, Rosengeranie*, Ingwer\u00f6l*. Landwirtschaftlicher Bioanteil 95 %.<\/p>\n","protected":false},"excerpt":{"rendered":"<p>pflegt &#038; erfrischt<\/p>\n","protected":false},"featured_media":4522,"template":"","meta":{"_kad_post_transparent":"","_kad_post_title":"","_kad_post_layout":"","_kad_post_sidebar_id":"","_kad_post_content_style":"","_kad_post_vertical_padding":"","_kad_post_feature":"","_kad_post_feature_position":"","_kad_post_header":false,"_kad_post_footer":false,"_kad_post_classname":""},"product_brand":[],"product_cat":[189,124,118,76,133],"product_tag":[],"class_list":{"0":"post-4524","1":"product","2":"type-product","3":"status-publish","4":"has-post-thumbnail","6":"product_cat-bad-dusche","7":"product_cat-dusche-shampoo","8":"product_cat-kinder","9":"product_cat-koerper","10":"product_cat-sanoll-de","12":"first","13":"instock","14":"shipping-taxable","15":"purchasable","16":"product-type-simple","17":"entry","18":"content-bg","19":"loop-entry"},"_links":{"self":[{"href":"https:\/\/sourcenaturelle.eu\/de\/wp-json\/wp\/v2\/product\/4524","targetHints":{"allow":["GET"]}}],"collection":[{"href":"https:\/\/sourcenaturelle.eu\/de\/wp-json\/wp\/v2\/product"}],"about":[{"href":"https:\/\/sourcenaturelle.eu\/de\/wp-json\/wp\/v2\/types\/product"}],"wp:featuredmedia":[{"embeddable":true,"href":"https:\/\/sourcenaturelle.eu\/de\/wp-json\/wp\/v2\/media\/4522"}],"wp:attachment":[{"href":"https:\/\/sourcenaturelle.eu\/de\/wp-json\/wp\/v2\/media?parent=4524"}],"wp:term":[{"taxonomy":"product_brand","embeddable":true,"href":"https:\/\/sourcenaturelle.eu\/de\/wp-json\/wp\/v2\/product_brand?post=4524"},{"taxonomy":"product_cat","embeddable":true,"href":"https:\/\/sourcenaturelle.eu\/de\/wp-json\/wp\/v2\/product_cat?post=4524"},{"taxonomy":"product_tag","embeddable":true,"href":"https:\/\/sourcenaturelle.eu\/de\/wp-json\/wp\/v2\/product_tag?post=4524"}],"curies":[{"name":"wp","href":"https:\/\/api.w.org\/{rel}","templated":true}]}}