{"id":4508,"date":"2021-07-04T06:39:49","date_gmt":"2021-07-04T06:39:49","guid":{"rendered":"https:\/\/sourcenaturelle.eu\/product\/sanoll-haarmaske-intensiv-150ml\/"},"modified":"2021-07-04T06:39:49","modified_gmt":"2021-07-04T06:39:49","slug":"sanoll-haarmaske-intensiv-150ml","status":"publish","type":"product","link":"https:\/\/sourcenaturelle.eu\/de\/produkt\/sanoll-haarmaske-intensiv-150ml\/","title":{"rendered":"Sanoll Haarmaske-Intensiv, 150ml"},"content":{"rendered":"<p>bei sehr trockenem Haar und trockener schuppiger Kopfhaut<\/p>\n<p>Die neue und verbesserte SANOLL Haarmaske-Intensiv ist eine Haarpackung f\u00fcr sehr trockenes, glanzloses und stark strapaziertes Haar oder auch f\u00fcr eine trockene Kopfhaut. Durch die besonders reichhaltigen nativen Pflanzen-\u00d6le und der eiwei\u00dfreichen Ziegenmilch wird der Haarboden gen\u00e4hrt, eventuell wird auch Juckreiz reduziert. Die Haare und die Kopfhaut werden intensiv gepflegt, das Haar erscheint vitaler und gl\u00e4nzender. Anwendung: 1-3 TL je nach Haarmenge sanft in die strapazierten Haarl\u00e4ngen einmassieren und je nach Belieben mindestens 2-10 Min. einwirken lassen. Als reichhaltige &#8222;Kopfhaut-Kur&#8220; kann die Haarmaske-Intensiv auch bis zu mehrere Stunden einwirken. Anschlie\u00dfend die Haarmaske mit reichlich Wasser gut aussp\u00fclen. Sollte das Haar danach zu schwer erscheinen, dann mit einer leichten Shampoo-Wassermischung aus der AppliKrtor-Flasche leicht shamponieren.<br \/>\nBio-%: 99 %<br \/>\npH-Wert (ca.): 6,0<br \/>\nTier-Philosophie: vegetarisch<br \/>\nGlutenFREI: ja<br \/>\nLaktoseFREI: nein<\/p>\n<p>Ehrliche VOLLdeklaration: Quellwasser, Sonnenblumen\u00f6l*, Makadamia\u00f6l*, Waschnusssud*, Ziegenmilch*, Weingeist*, Kokos\u00f6l*, K\u00f6nigskerze Tinktur*, Lavendel Tinktur*, pflanzliches Vitamin E, Xanthan, Himbeerbl\u00e4tter*, Shiu\u00f6l, Copaibabalsam, Ylang\u00f6l*, Peru Balsam \u00d6l, Lavendel\u00f6l*, Mandarin\u00f6l*. Landwirtschaftlicher Bioanteil 99 %.<\/p>\n","protected":false},"excerpt":{"rendered":"<p>bei sehr trockenem Haar und trockener schuppiger Kopfhaut<\/p>\n","protected":false},"featured_media":4505,"template":"","meta":{"_kad_post_transparent":"","_kad_post_title":"","_kad_post_layout":"","_kad_post_sidebar_id":"","_kad_post_content_style":"","_kad_post_vertical_padding":"","_kad_post_feature":"","_kad_post_feature_position":"","_kad_post_header":false,"_kad_post_footer":false,"_kad_post_classname":""},"product_brand":[],"product_cat":[106,216,133],"product_tag":[],"class_list":{"0":"post-4508","1":"product","2":"type-product","3":"status-publish","4":"has-post-thumbnail","6":"product_cat-haare","7":"product_cat-haarpflege","8":"product_cat-sanoll-de","10":"first","11":"instock","12":"shipping-taxable","13":"purchasable","14":"product-type-simple","15":"entry","16":"content-bg","17":"loop-entry"},"_links":{"self":[{"href":"https:\/\/sourcenaturelle.eu\/de\/wp-json\/wp\/v2\/product\/4508","targetHints":{"allow":["GET"]}}],"collection":[{"href":"https:\/\/sourcenaturelle.eu\/de\/wp-json\/wp\/v2\/product"}],"about":[{"href":"https:\/\/sourcenaturelle.eu\/de\/wp-json\/wp\/v2\/types\/product"}],"wp:featuredmedia":[{"embeddable":true,"href":"https:\/\/sourcenaturelle.eu\/de\/wp-json\/wp\/v2\/media\/4505"}],"wp:attachment":[{"href":"https:\/\/sourcenaturelle.eu\/de\/wp-json\/wp\/v2\/media?parent=4508"}],"wp:term":[{"taxonomy":"product_brand","embeddable":true,"href":"https:\/\/sourcenaturelle.eu\/de\/wp-json\/wp\/v2\/product_brand?post=4508"},{"taxonomy":"product_cat","embeddable":true,"href":"https:\/\/sourcenaturelle.eu\/de\/wp-json\/wp\/v2\/product_cat?post=4508"},{"taxonomy":"product_tag","embeddable":true,"href":"https:\/\/sourcenaturelle.eu\/de\/wp-json\/wp\/v2\/product_tag?post=4508"}],"curies":[{"name":"wp","href":"https:\/\/api.w.org\/{rel}","templated":true}]}}