{"id":4499,"date":"2021-07-04T06:16:12","date_gmt":"2021-07-04T06:16:12","guid":{"rendered":"https:\/\/sourcenaturelle.eu\/product\/sanoll-haarspulung-molke-aloe-vera-200ml\/"},"modified":"2021-07-04T06:16:12","modified_gmt":"2021-07-04T06:16:12","slug":"sanoll-haarspulung-molke-aloe-vera-200ml","status":"publish","type":"product","link":"https:\/\/sourcenaturelle.eu\/de\/produkt\/sanoll-haarspulung-molke-aloe-vera-200ml\/","title":{"rendered":"Sanoll Haarsp\u00fclung Molke Aloe-Vera, 200ml"},"content":{"rendered":"<p>F\u00fcr seidigen Glanz bei kr\u00e4ftigem Haar<br \/>\nDieser Balsam weckt Lebensfreude, Vitalit\u00e4t und gesundes Aussehen im Haar. Die optimal abgestimmten und in ihrer Nat\u00fcrlichkeit erhaltenen Bio-Wirkstoffe wie z.B. Aloe-Vera, Ziegenmolke oder Weizenprotein verhelfen zu mehr Gescheidigkeit, F\u00fclle und Elastizit\u00e4t im Haar. Anwendung: Je nach Bedarf bis zu 10 Minuten einwirken lassen und anschlie\u00dfend mit Wasser aussp\u00fclen.<br \/>\nBio-%: 99 %<br \/>\npH-Wert (ca.): 4,0<br \/>\nTier-Philosophie: vegetarisch<br \/>\nGlutenFREI: nein<br \/>\nLaktoseFREI: nein<br \/>\nEhrliche VOLLdeklaration: Quellwasser, Aloe Vera Ursaft*, Weingeist*, Weizenprotein*, Ziegenmolke*, Xanthan, Sonnenblumen\u00f6l*, Zitronens\u00e4ure, Patchouli\u00f6l*, Schafgarben\u00f6l. Landwirtschaftlicher Bioanteil 99 %.<\/p>\n","protected":false},"excerpt":{"rendered":"<p>F\u00fcr seidigen Glanz bei kr\u00e4ftigem Haar<\/p>\n","protected":false},"featured_media":4497,"template":"","meta":{"_kad_post_transparent":"","_kad_post_title":"","_kad_post_layout":"","_kad_post_sidebar_id":"","_kad_post_content_style":"","_kad_post_vertical_padding":"","_kad_post_feature":"","_kad_post_feature_position":"","_kad_post_header":false,"_kad_post_footer":false,"_kad_post_classname":""},"product_brand":[],"product_cat":[106,133,210],"product_tag":[],"class_list":{"0":"post-4499","1":"product","2":"type-product","3":"status-publish","4":"has-post-thumbnail","6":"product_cat-haare","7":"product_cat-sanoll-de","8":"product_cat-shampoo-spulung","10":"first","11":"instock","12":"shipping-taxable","13":"purchasable","14":"product-type-simple","15":"entry","16":"content-bg","17":"loop-entry"},"_links":{"self":[{"href":"https:\/\/sourcenaturelle.eu\/de\/wp-json\/wp\/v2\/product\/4499","targetHints":{"allow":["GET"]}}],"collection":[{"href":"https:\/\/sourcenaturelle.eu\/de\/wp-json\/wp\/v2\/product"}],"about":[{"href":"https:\/\/sourcenaturelle.eu\/de\/wp-json\/wp\/v2\/types\/product"}],"wp:featuredmedia":[{"embeddable":true,"href":"https:\/\/sourcenaturelle.eu\/de\/wp-json\/wp\/v2\/media\/4497"}],"wp:attachment":[{"href":"https:\/\/sourcenaturelle.eu\/de\/wp-json\/wp\/v2\/media?parent=4499"}],"wp:term":[{"taxonomy":"product_brand","embeddable":true,"href":"https:\/\/sourcenaturelle.eu\/de\/wp-json\/wp\/v2\/product_brand?post=4499"},{"taxonomy":"product_cat","embeddable":true,"href":"https:\/\/sourcenaturelle.eu\/de\/wp-json\/wp\/v2\/product_cat?post=4499"},{"taxonomy":"product_tag","embeddable":true,"href":"https:\/\/sourcenaturelle.eu\/de\/wp-json\/wp\/v2\/product_tag?post=4499"}],"curies":[{"name":"wp","href":"https:\/\/api.w.org\/{rel}","templated":true}]}}