{"id":4491,"date":"2021-07-04T01:03:17","date_gmt":"2021-07-04T01:03:17","guid":{"rendered":"https:\/\/sourcenaturelle.eu\/product\/dusch-seifen-sackchen-grob-ca-13-x-14cm\/"},"modified":"2021-07-04T01:03:17","modified_gmt":"2021-07-04T01:03:17","slug":"dusch-seifen-sackchen-grob-ca-13-x-14cm","status":"publish","type":"product","link":"https:\/\/sourcenaturelle.eu\/de\/produkt\/dusch-seifen-sackchen-grob-ca-13-x-14cm\/","title":{"rendered":"Dusch &#038; Seifen-S\u00e4ckchen grob, ca. 13 x 14cm"},"content":{"rendered":"<p>GOTs-zertifiziertes Bio-Baumwolle\/Leinen<br \/>\nf\u00fcr eine praktische und \u00f6kologische Anwendung fester Shampoos, Dusch-St\u00fccke oder Seifen.<\/p>\n<p>Reines Naturprodukt aus Bio-Leinen und Bio-Baumwolle (GOTS-zertifiziert). Optimal f\u00fcr eine angenehme Anwendung der festen Dusch-St\u00fccke, sowie der festen Shampoos aus dem Hause SANOLL-Biokosmetik und nat\u00fcrlich als &#8222;Seifens\u00e4ckchen&#8220; f\u00fcr alle handels\u00fcblichen Naturseifen (so z.B. SHAMIRA\u00b4s Naturseifen aus unserem Sortiment)! Die S\u00e4ckchen stammen aus umweltfreundlicher deutscher Herstellung, die Rohstoffe sind nat\u00fcrlich und nachwachsend. Anwendung: Ein festes SANOLL-Dusch-St\u00fcck oder ein festes SANOLL-Shampoo in das S\u00e4ckchen geben. Beim Duschen oder Haarewaschen das S\u00e4ckchen mit warmen Wasser durchn\u00e4\u00dfen und zwischen den H\u00e4nden durch Reibung aufsch\u00e4umen. Nun den na\u00dfen K\u00f6rper (Dusch-St\u00fcck) bzw. die nassen Haare (Shampoo) mit dem aufgesch\u00e4umten S\u00e4ckchen sanft Abreiben, beim K\u00f6rper mit dem groben S\u00e4ckchen je nach Wunsch auch intensiv m\u00f6glich. So k\u00f6nnen Sie unter der Dusche ein sanftes bis intensives Peeling erleben. Nat\u00fcrlich k\u00f6nnen Sie das S\u00e4ckchen auf mit kleinen Seifenresten oder einer Seife bef\u00fcllen und die Anwendung genie\u00dfen&#8230;. Nach der Anwendung \u00fcbersch\u00fcssiges Wasser aus dem S\u00e4ckchen herausdr\u00fccken und au\u00dferhalb des Spritzwasserbereichs gut trocknen lassen. Wir empfehlen die Lagerung samt Inhalt auf einer Abtropftasse oder einem Lufa-Schwamm, keines Falls sollte das S\u00e4ckchen und der Inhalt im Wasser liegen!<br \/>\nBio-%: 100 %<br \/>\nTier-Philosophie: vegan<\/p>\n","protected":false},"excerpt":{"rendered":"<p>GOTs-zertifiziertes Bio-Baumwolle\/Leinen f\u00fcr eine praktische und \u00f6kologische Anwendung fester Shampoos, Dusch-St\u00fccke oder Seifen. Reines Naturprodukt aus Bio-Leinen und Bio-Baumwolle (GOTS-zertifiziert). Optimal f\u00fcr eine angenehme Anwendung der festen Dusch-St\u00fccke, sowie der festen Shampoos aus dem Hause SANOLL-Biokosmetik und nat\u00fcrlich als &#8222;Seifens\u00e4ckchen&#8220; f\u00fcr alle handels\u00fcblichen Naturseifen (so z.B. SHAMIRA\u00b4s Naturseifen aus unserem Sortiment)! Die S\u00e4ckchen stammen aus&#8230;<\/p>\n","protected":false},"featured_media":4489,"template":"","meta":{"_kad_post_transparent":"","_kad_post_title":"","_kad_post_layout":"","_kad_post_sidebar_id":"","_kad_post_content_style":"","_kad_post_vertical_padding":"","_kad_post_feature":"","_kad_post_feature_position":"","_kad_post_header":false,"_kad_post_footer":false,"_kad_post_classname":""},"product_brand":[],"product_cat":[106,76,130,133],"product_tag":[],"class_list":{"0":"post-4491","1":"product","2":"type-product","3":"status-publish","4":"has-post-thumbnail","6":"product_cat-haare","7":"product_cat-koerper","8":"product_cat-mehr","9":"product_cat-sanoll-de","11":"first","12":"instock","13":"shipping-taxable","14":"purchasable","15":"product-type-simple","16":"entry","17":"content-bg","18":"loop-entry"},"_links":{"self":[{"href":"https:\/\/sourcenaturelle.eu\/de\/wp-json\/wp\/v2\/product\/4491","targetHints":{"allow":["GET"]}}],"collection":[{"href":"https:\/\/sourcenaturelle.eu\/de\/wp-json\/wp\/v2\/product"}],"about":[{"href":"https:\/\/sourcenaturelle.eu\/de\/wp-json\/wp\/v2\/types\/product"}],"wp:featuredmedia":[{"embeddable":true,"href":"https:\/\/sourcenaturelle.eu\/de\/wp-json\/wp\/v2\/media\/4489"}],"wp:attachment":[{"href":"https:\/\/sourcenaturelle.eu\/de\/wp-json\/wp\/v2\/media?parent=4491"}],"wp:term":[{"taxonomy":"product_brand","embeddable":true,"href":"https:\/\/sourcenaturelle.eu\/de\/wp-json\/wp\/v2\/product_brand?post=4491"},{"taxonomy":"product_cat","embeddable":true,"href":"https:\/\/sourcenaturelle.eu\/de\/wp-json\/wp\/v2\/product_cat?post=4491"},{"taxonomy":"product_tag","embeddable":true,"href":"https:\/\/sourcenaturelle.eu\/de\/wp-json\/wp\/v2\/product_tag?post=4491"}],"curies":[{"name":"wp","href":"https:\/\/api.w.org\/{rel}","templated":true}]}}