{"id":4467,"date":"2021-07-04T00:04:51","date_gmt":"2021-07-04T00:04:51","guid":{"rendered":"https:\/\/sourcenaturelle.eu\/product\/sanoll-structure-shampoo-200ml-de\/"},"modified":"2021-07-04T00:04:51","modified_gmt":"2021-07-04T00:04:51","slug":"sanoll-structure-shampoo-200ml-de","status":"publish","type":"product","link":"https:\/\/sourcenaturelle.eu\/de\/produkt\/sanoll-structure-shampoo-200ml-de\/","title":{"rendered":"Sanoll Structure Shampoo, 200ml"},"content":{"rendered":"<p>Kraft und Glanz bei feinem Haar<\/p>\n<p>Rohstoffe wie Balsampappel und Ghassoul st\u00e4rken die Haarstruktur und geben feinem Haar mehr Volumen und Kraft. Eine besonders sanfte und Vegane Reinigungskraft erzielen wir durch die ausgewogene Mischung aus der indischen Waschnuss, dem milden Zuckertensid und der marokkanischem Ghassoul-Wascherde. Produkt sch\u00e4umt bei sehr guter Waschkraft nur wenig. Tipp: Damit die hochwertigen und volumengebenden Wirkstoffe ihre Kraft gut entfalten k\u00f6nnen, empfehlen wir eine Einwirkzeit von mindestens 3-5 Minuten.<\/p>\n<p>Bio-%: 96 %<br \/>\npH-Wert (ca.): 5,5<br \/>\nTier-Philosophie: vegan<\/p>\n<p>Ehrliche VOLLdeklaration: Quellwasser, Waschnu\u00dfsud*, Zuckertensid, Balsampappelknospen**, Ghassoul, Weingeist*, Sonnenblumen\u00f6l*, Xanthan, Zitronens\u00e4ure, Weizenprotein*, Lavendel*, Blutorangen\u00f6l*, Limette*, Zypressen\u00f6l*, Copaibabalsam. Landwirtschaftlicher Bioanteil 96 %.<\/p>\n","protected":false},"excerpt":{"rendered":"<p>Kraft und Glanz bei feinem Haar<\/p>\n","protected":false},"featured_media":4465,"template":"","meta":{"_kad_post_transparent":"","_kad_post_title":"","_kad_post_layout":"","_kad_post_sidebar_id":"","_kad_post_content_style":"","_kad_post_vertical_padding":"","_kad_post_feature":"","_kad_post_feature_position":"","_kad_post_header":false,"_kad_post_footer":false,"_kad_post_classname":""},"product_brand":[],"product_cat":[106,133,210],"product_tag":[],"class_list":{"0":"post-4467","1":"product","2":"type-product","3":"status-publish","4":"has-post-thumbnail","6":"product_cat-haare","7":"product_cat-sanoll-de","8":"product_cat-shampoo-spulung","10":"first","11":"instock","12":"shipping-taxable","13":"purchasable","14":"product-type-simple","15":"entry","16":"content-bg","17":"loop-entry"},"_links":{"self":[{"href":"https:\/\/sourcenaturelle.eu\/de\/wp-json\/wp\/v2\/product\/4467","targetHints":{"allow":["GET"]}}],"collection":[{"href":"https:\/\/sourcenaturelle.eu\/de\/wp-json\/wp\/v2\/product"}],"about":[{"href":"https:\/\/sourcenaturelle.eu\/de\/wp-json\/wp\/v2\/types\/product"}],"wp:featuredmedia":[{"embeddable":true,"href":"https:\/\/sourcenaturelle.eu\/de\/wp-json\/wp\/v2\/media\/4465"}],"wp:attachment":[{"href":"https:\/\/sourcenaturelle.eu\/de\/wp-json\/wp\/v2\/media?parent=4467"}],"wp:term":[{"taxonomy":"product_brand","embeddable":true,"href":"https:\/\/sourcenaturelle.eu\/de\/wp-json\/wp\/v2\/product_brand?post=4467"},{"taxonomy":"product_cat","embeddable":true,"href":"https:\/\/sourcenaturelle.eu\/de\/wp-json\/wp\/v2\/product_cat?post=4467"},{"taxonomy":"product_tag","embeddable":true,"href":"https:\/\/sourcenaturelle.eu\/de\/wp-json\/wp\/v2\/product_tag?post=4467"}],"curies":[{"name":"wp","href":"https:\/\/api.w.org\/{rel}","templated":true}]}}