{"id":4459,"date":"2021-07-03T23:43:27","date_gmt":"2021-07-03T23:43:27","guid":{"rendered":"https:\/\/sourcenaturelle.eu\/product\/sanoll-festes-bio-veganes-pflege-shampoo-200ml\/"},"modified":"2021-07-03T23:43:27","modified_gmt":"2021-07-03T23:43:27","slug":"sanoll-festes-bio-veganes-pflege-shampoo-200ml","status":"publish","type":"product","link":"https:\/\/sourcenaturelle.eu\/de\/produkt\/sanoll-festes-bio-veganes-pflege-shampoo-200ml\/","title":{"rendered":"Sanoll Festes bio-veganes Pflege-Shampoo, 200ml"},"content":{"rendered":"<p>bio-Vegan &#8211; mehr Pflege f\u00fcr trockenes Haar<\/p>\n<p>Festes Shampoo, ohne &#8222;sulfatierte Tenside&#8220; und chemischer Hilfsstoffe! <\/p>\n<p>&#8222;Ich bin KEINE Seife &#8211; ich bin ein echtes Shampoo!&#8220; <\/p>\n<p>Milde Haarw\u00e4sche durch Saponine der Rosskastanie, marokkanischem Ghassoul, mildem Zuckertensid und dem aus der &#8222;No-Poo-Bewegung&#8220; bekannten Waschen mit Roggenmehl. Herrlicher Duft von reinsten \u00e4therischen \u00d6len. Das Produkt ist handgemacht, es ist einfach und sparsam in der Anwendung! <\/p>\n<p>\u00dcber die \u00f6kologische plastikfreie Graspapier-Verpackung freut sich unsere Mutter-Erde! <\/p>\n<p>Anwendung: Festes Shampoo-St\u00fcck und die Haare nass machen, Shampoo in den H\u00e4nden aufsch\u00e4umen und den Schaum direkt ins nasse Haar sanft einmassieren. Wer will, kann das Shampoo-St\u00fcck auch direkt am nassen Haar sanft reiben und so shampoonieren.<br \/>\nBesonders sparsam und effektiv funktioniert die Anwendung mit einem plastikfreine Dusch &#038; Seifen-S\u00e4ckchen.<br \/>\nACHTUNG \u2013 Shampoo-St\u00fcck immer trocken auf einer Abtropftasse und\/oder auf einem Lufa-Schwamm lagern!<\/p>\n<p>Bio-%: 95 %<br \/>\npH-Wert (ca.): 6,5<br \/>\nTier-Philosophie: vegan<br \/>\nGlutenFREI: nein<br \/>\nLaktoseFREI: ja<\/p>\n<p>Ehrliche VOLLdeklaration: Zuckertensid, Kakaobutter*, Ghassoul, Roggenmehl*, Spirulina Alge, Rosskastanie*, Heilerde wei\u00df, Blutorangen\u00f6l*, Mandarin\u00f6l*, Lavendel\u00f6l*, Palmarosa\u00f6l*, Rosengeranie*, Zitronen\u00f6l*, Pfefferminze\u00f6l*, Grapefruit\u00f6l*. Landwirtschaftlicher Bioanteil 95 %.<\/p>\n","protected":false},"excerpt":{"rendered":"<p>bio-Vegan &#8211; mehr Pflege f\u00fcr trockenes Haar<\/p>\n","protected":false},"featured_media":4457,"template":"","meta":{"_kad_post_transparent":"","_kad_post_title":"","_kad_post_layout":"","_kad_post_sidebar_id":"","_kad_post_content_style":"","_kad_post_vertical_padding":"","_kad_post_feature":"","_kad_post_feature_position":"","_kad_post_header":false,"_kad_post_footer":false,"_kad_post_classname":""},"product_brand":[],"product_cat":[106,133,210],"product_tag":[],"class_list":{"0":"post-4459","1":"product","2":"type-product","3":"status-publish","4":"has-post-thumbnail","6":"product_cat-haare","7":"product_cat-sanoll-de","8":"product_cat-shampoo-spulung","10":"first","11":"instock","12":"shipping-taxable","13":"purchasable","14":"product-type-simple","15":"entry","16":"content-bg","17":"loop-entry"},"_links":{"self":[{"href":"https:\/\/sourcenaturelle.eu\/de\/wp-json\/wp\/v2\/product\/4459","targetHints":{"allow":["GET"]}}],"collection":[{"href":"https:\/\/sourcenaturelle.eu\/de\/wp-json\/wp\/v2\/product"}],"about":[{"href":"https:\/\/sourcenaturelle.eu\/de\/wp-json\/wp\/v2\/types\/product"}],"wp:featuredmedia":[{"embeddable":true,"href":"https:\/\/sourcenaturelle.eu\/de\/wp-json\/wp\/v2\/media\/4457"}],"wp:attachment":[{"href":"https:\/\/sourcenaturelle.eu\/de\/wp-json\/wp\/v2\/media?parent=4459"}],"wp:term":[{"taxonomy":"product_brand","embeddable":true,"href":"https:\/\/sourcenaturelle.eu\/de\/wp-json\/wp\/v2\/product_brand?post=4459"},{"taxonomy":"product_cat","embeddable":true,"href":"https:\/\/sourcenaturelle.eu\/de\/wp-json\/wp\/v2\/product_cat?post=4459"},{"taxonomy":"product_tag","embeddable":true,"href":"https:\/\/sourcenaturelle.eu\/de\/wp-json\/wp\/v2\/product_tag?post=4459"}],"curies":[{"name":"wp","href":"https:\/\/api.w.org\/{rel}","templated":true}]}}