{"id":4451,"date":"2021-07-03T23:28:34","date_gmt":"2021-07-03T23:28:34","guid":{"rendered":"https:\/\/sourcenaturelle.eu\/product\/sanoll-joghurt-molke-shampoo-200ml\/"},"modified":"2021-07-03T23:28:34","modified_gmt":"2021-07-03T23:28:34","slug":"sanoll-joghurt-molke-shampoo-200ml","status":"publish","type":"product","link":"https:\/\/sourcenaturelle.eu\/de\/produkt\/sanoll-joghurt-molke-shampoo-200ml\/","title":{"rendered":"Sanoll Joghurt Molke Shampoo, 200ml"},"content":{"rendered":"<p>Mehr Pflege f\u00fcr trockenes Haar<\/p>\n<p>Die Wirkstoffe aus Joghurt, Ziegenmolke, Rosskastanien-Pulver und dem biologischem Jojoba\u00f6l sorgen bei trockenem Haar und trockener Kopfhaut f\u00fcr guten Ausgleich, gesund gl\u00e4nzendes Haar, eine gepflegte Kopfhaut und f\u00fcr gute K\u00e4mmbarkeit. Tipp: Damit sich die hochwertigen Inhaltsstoffe gut entwickeln k\u00f6nnen empfehlen wir beim Joghurt Molke Shampoo eine Einwirkzeit von mindestens 3-5 Minuten. Produkte aus der \u201eSANOLL Haar-Intensivpflege\u201c k\u00f6nnen diesen positiven Effekt weiter unterst\u00fctzen.<\/p>\n<p>Bio-%: 95 %<br \/>\npH-Wert (ca.): 4,0<br \/>\nTier-Philosophie: vegetarisch<\/p>\n<p>Ehrliche VOLLdeklaration: Quellwasser, Zuckertensid, Seifenkraut Extrakt*, Ziegenjoghurt*, Jojoba\u00f6l*, Ziegenmilch*, Zitronens\u00e4ure, Weingeist*, Rosskastanie, Sonnenblumen\u00f6l*, Weizenprotein*, Xanthan, Litsea Cubeba*, Shiu\u00f6l, Patchouli*, Kiefernnadel\u00f6l*, Rosengeranie*. Landwirtschaftlicher Bioanteil 95 %.<\/p>\n","protected":false},"excerpt":{"rendered":"<p>Mehr Pflege f\u00fcr trockenes Haar<\/p>\n","protected":false},"featured_media":4449,"template":"","meta":{"_kad_post_transparent":"","_kad_post_title":"","_kad_post_layout":"","_kad_post_sidebar_id":"","_kad_post_content_style":"","_kad_post_vertical_padding":"","_kad_post_feature":"","_kad_post_feature_position":"","_kad_post_header":false,"_kad_post_footer":false,"_kad_post_classname":""},"product_brand":[],"product_cat":[106,133,210],"product_tag":[],"class_list":{"0":"post-4451","1":"product","2":"type-product","3":"status-publish","4":"has-post-thumbnail","6":"product_cat-haare","7":"product_cat-sanoll-de","8":"product_cat-shampoo-spulung","10":"first","11":"instock","12":"shipping-taxable","13":"purchasable","14":"product-type-simple","15":"entry","16":"content-bg","17":"loop-entry"},"_links":{"self":[{"href":"https:\/\/sourcenaturelle.eu\/de\/wp-json\/wp\/v2\/product\/4451","targetHints":{"allow":["GET"]}}],"collection":[{"href":"https:\/\/sourcenaturelle.eu\/de\/wp-json\/wp\/v2\/product"}],"about":[{"href":"https:\/\/sourcenaturelle.eu\/de\/wp-json\/wp\/v2\/types\/product"}],"wp:featuredmedia":[{"embeddable":true,"href":"https:\/\/sourcenaturelle.eu\/de\/wp-json\/wp\/v2\/media\/4449"}],"wp:attachment":[{"href":"https:\/\/sourcenaturelle.eu\/de\/wp-json\/wp\/v2\/media?parent=4451"}],"wp:term":[{"taxonomy":"product_brand","embeddable":true,"href":"https:\/\/sourcenaturelle.eu\/de\/wp-json\/wp\/v2\/product_brand?post=4451"},{"taxonomy":"product_cat","embeddable":true,"href":"https:\/\/sourcenaturelle.eu\/de\/wp-json\/wp\/v2\/product_cat?post=4451"},{"taxonomy":"product_tag","embeddable":true,"href":"https:\/\/sourcenaturelle.eu\/de\/wp-json\/wp\/v2\/product_tag?post=4451"}],"curies":[{"name":"wp","href":"https:\/\/api.w.org\/{rel}","templated":true}]}}