{"id":4443,"date":"2021-07-03T23:16:09","date_gmt":"2021-07-03T23:16:09","guid":{"rendered":"https:\/\/sourcenaturelle.eu\/product\/sanoll-brennnessel-molke-shampoo-200ml\/"},"modified":"2021-07-03T23:16:09","modified_gmt":"2021-07-03T23:16:09","slug":"sanoll-brennnessel-molke-shampoo-200ml","status":"publish","type":"product","link":"https:\/\/sourcenaturelle.eu\/de\/produkt\/sanoll-brennnessel-molke-shampoo-200ml\/","title":{"rendered":"Sanoll Brennnessel Molke Shampoo, 200ml"},"content":{"rendered":"<p>Stark bei fettem Haar und bei fetten Schuppen<\/p>\n<p>Die Kombination von Brennnessel-Extrakt und fermentierter Ziegenmolke regulieren die nat\u00fcrliche Talgproduktion und sind oft auch hilfreich bei \u201efetten Schuppen\u201c. Tipp: Damit sich die hochwertigen Inhaltsstoffe gut entwickeln k\u00f6nnen, empfehlen wir bei diesem Produkt eine Einwirkzeit von mindestens 2-4 Minuten. Wir empfehlen die Anwendung mit der AppliKrtor-Flasche (Art.Nr. 21900). Hier achten sie bitte darauf, dass das Shampoo\/Wassergemisch mit der Pipettenspitze der AppliKrtor-Flasche vorwiegend auf die Kopfhaut aufgetragen wird.<\/p>\n<p>Bio-%: 99 %<br \/>\npH-Wert (ca.): 4,0<br \/>\nTier-Philosophie: vegetarisch<\/p>\n<p>Ehrliche VOLLdeklaration: Quellwasser, Zuckertensid, Ziegenmolke*, Zitronens\u00e4ure, Brennnessel*, Sonnenblumen\u00f6l*, Weizenprotein*, Xanthan, Weingeist*, Baybl\u00e4tter\u00f6l*, Blattgr\u00fcn, Schafgarben\u00f6l. Landwirtschaftlicher Bioanteil 99 %.<\/p>\n","protected":false},"excerpt":{"rendered":"<p>Stark bei fettem Haar und bei fetten Schuppen<\/p>\n","protected":false},"featured_media":4441,"template":"","meta":{"_kad_post_transparent":"","_kad_post_title":"","_kad_post_layout":"","_kad_post_sidebar_id":"","_kad_post_content_style":"","_kad_post_vertical_padding":"","_kad_post_feature":"","_kad_post_feature_position":"","_kad_post_header":false,"_kad_post_footer":false,"_kad_post_classname":""},"product_brand":[],"product_cat":[106,133,210],"product_tag":[],"class_list":{"0":"post-4443","1":"product","2":"type-product","3":"status-publish","4":"has-post-thumbnail","6":"product_cat-haare","7":"product_cat-sanoll-de","8":"product_cat-shampoo-spulung","10":"first","11":"instock","12":"shipping-taxable","13":"purchasable","14":"product-type-simple","15":"entry","16":"content-bg","17":"loop-entry"},"_links":{"self":[{"href":"https:\/\/sourcenaturelle.eu\/de\/wp-json\/wp\/v2\/product\/4443","targetHints":{"allow":["GET"]}}],"collection":[{"href":"https:\/\/sourcenaturelle.eu\/de\/wp-json\/wp\/v2\/product"}],"about":[{"href":"https:\/\/sourcenaturelle.eu\/de\/wp-json\/wp\/v2\/types\/product"}],"wp:featuredmedia":[{"embeddable":true,"href":"https:\/\/sourcenaturelle.eu\/de\/wp-json\/wp\/v2\/media\/4441"}],"wp:attachment":[{"href":"https:\/\/sourcenaturelle.eu\/de\/wp-json\/wp\/v2\/media?parent=4443"}],"wp:term":[{"taxonomy":"product_brand","embeddable":true,"href":"https:\/\/sourcenaturelle.eu\/de\/wp-json\/wp\/v2\/product_brand?post=4443"},{"taxonomy":"product_cat","embeddable":true,"href":"https:\/\/sourcenaturelle.eu\/de\/wp-json\/wp\/v2\/product_cat?post=4443"},{"taxonomy":"product_tag","embeddable":true,"href":"https:\/\/sourcenaturelle.eu\/de\/wp-json\/wp\/v2\/product_tag?post=4443"}],"curies":[{"name":"wp","href":"https:\/\/api.w.org\/{rel}","templated":true}]}}