{"id":4427,"date":"2021-07-03T22:47:30","date_gmt":"2021-07-03T22:47:30","guid":{"rendered":"https:\/\/sourcenaturelle.eu\/product\/sanoll-hanf-shampoo-200ml\/"},"modified":"2021-07-03T22:47:30","modified_gmt":"2021-07-03T22:47:30","slug":"sanoll-hanf-shampoo-200ml","status":"publish","type":"product","link":"https:\/\/sourcenaturelle.eu\/de\/produkt\/sanoll-hanf-shampoo-200ml\/","title":{"rendered":"Sanoll Hanf Shampoo, 200ml"},"content":{"rendered":"<p>Das bio-Vegane Shampoo von SANOLL f\u00fcr normales gesundes problemloses Haar. Hochwertige Pflegestoffe aus Hanf und Nachtkerzen\u00f6l (z.B. Gamma-Linolens\u00e4ure) f\u00f6rdern die Elastizit\u00e4t und den Glanz des Haares. Sanfte kopfhautschonende Reinigung durch das milde Zuckertensid. Tipp: Auch zum Duschen geeignet.<\/p>\n","protected":false},"excerpt":{"rendered":"<p>f\u00fcr gesundes Haar<br \/>\nVegan<\/p>\n","protected":false},"featured_media":4425,"template":"","meta":{"_kad_post_transparent":"","_kad_post_title":"","_kad_post_layout":"","_kad_post_sidebar_id":"","_kad_post_content_style":"","_kad_post_vertical_padding":"","_kad_post_feature":"","_kad_post_feature_position":"","_kad_post_header":false,"_kad_post_footer":false,"_kad_post_classname":""},"product_brand":[],"product_cat":[189,106,76,133,210],"product_tag":[],"class_list":{"0":"post-4427","1":"product","2":"type-product","3":"status-publish","4":"has-post-thumbnail","6":"product_cat-bad-dusche","7":"product_cat-haare","8":"product_cat-koerper","9":"product_cat-sanoll-de","10":"product_cat-shampoo-spulung","12":"first","13":"instock","14":"shipping-taxable","15":"purchasable","16":"product-type-simple","17":"entry","18":"content-bg","19":"loop-entry"},"_links":{"self":[{"href":"https:\/\/sourcenaturelle.eu\/de\/wp-json\/wp\/v2\/product\/4427","targetHints":{"allow":["GET"]}}],"collection":[{"href":"https:\/\/sourcenaturelle.eu\/de\/wp-json\/wp\/v2\/product"}],"about":[{"href":"https:\/\/sourcenaturelle.eu\/de\/wp-json\/wp\/v2\/types\/product"}],"wp:featuredmedia":[{"embeddable":true,"href":"https:\/\/sourcenaturelle.eu\/de\/wp-json\/wp\/v2\/media\/4425"}],"wp:attachment":[{"href":"https:\/\/sourcenaturelle.eu\/de\/wp-json\/wp\/v2\/media?parent=4427"}],"wp:term":[{"taxonomy":"product_brand","embeddable":true,"href":"https:\/\/sourcenaturelle.eu\/de\/wp-json\/wp\/v2\/product_brand?post=4427"},{"taxonomy":"product_cat","embeddable":true,"href":"https:\/\/sourcenaturelle.eu\/de\/wp-json\/wp\/v2\/product_cat?post=4427"},{"taxonomy":"product_tag","embeddable":true,"href":"https:\/\/sourcenaturelle.eu\/de\/wp-json\/wp\/v2\/product_tag?post=4427"}],"curies":[{"name":"wp","href":"https:\/\/api.w.org\/{rel}","templated":true}]}}