{"id":4420,"date":"2021-07-03T22:16:00","date_gmt":"2021-07-03T22:16:00","guid":{"rendered":"https:\/\/sourcenaturelle.eu\/product\/sanoll-naturmolke-shampoo-200ml\/"},"modified":"2021-07-03T22:16:00","modified_gmt":"2021-07-03T22:16:00","slug":"sanoll-naturmolke-shampoo-200ml","status":"publish","type":"product","link":"https:\/\/sourcenaturelle.eu\/de\/produkt\/sanoll-naturmolke-shampoo-200ml\/","title":{"rendered":"Sanoll Naturmolke Shampoo, 200ml"},"content":{"rendered":"<p>Ein besonders mildes Haarshampoo mit nat\u00fcrlichem Zuckertensid. Bringt als \u201eAlltagsshampoo\u201c Geschmeidigkeit und Elastizit\u00e4t f\u00fcr gesundes problemloses Haar. Durch die enthaltene Ziegenmolke erh\u00e4lt das Haar viele nat\u00fcrliche Pflegestoffe wie z.B. Peptide, welche dem Haar Glanz verleihen und einfach gut tun.<\/p>\n","protected":false},"excerpt":{"rendered":"<p>f\u00fcr jedes Haar<\/p>\n","protected":false},"featured_media":4417,"template":"","meta":{"_kad_post_transparent":"","_kad_post_title":"","_kad_post_layout":"","_kad_post_sidebar_id":"","_kad_post_content_style":"","_kad_post_vertical_padding":"","_kad_post_feature":"","_kad_post_feature_position":"","_kad_post_header":false,"_kad_post_footer":false,"_kad_post_classname":""},"product_brand":[],"product_cat":[106,133,210],"product_tag":[],"class_list":{"0":"post-4420","1":"product","2":"type-product","3":"status-publish","4":"has-post-thumbnail","6":"product_cat-haare","7":"product_cat-sanoll-de","8":"product_cat-shampoo-spulung","10":"first","11":"instock","12":"shipping-taxable","13":"purchasable","14":"product-type-simple","15":"entry","16":"content-bg","17":"loop-entry"},"_links":{"self":[{"href":"https:\/\/sourcenaturelle.eu\/de\/wp-json\/wp\/v2\/product\/4420","targetHints":{"allow":["GET"]}}],"collection":[{"href":"https:\/\/sourcenaturelle.eu\/de\/wp-json\/wp\/v2\/product"}],"about":[{"href":"https:\/\/sourcenaturelle.eu\/de\/wp-json\/wp\/v2\/types\/product"}],"wp:featuredmedia":[{"embeddable":true,"href":"https:\/\/sourcenaturelle.eu\/de\/wp-json\/wp\/v2\/media\/4417"}],"wp:attachment":[{"href":"https:\/\/sourcenaturelle.eu\/de\/wp-json\/wp\/v2\/media?parent=4420"}],"wp:term":[{"taxonomy":"product_brand","embeddable":true,"href":"https:\/\/sourcenaturelle.eu\/de\/wp-json\/wp\/v2\/product_brand?post=4420"},{"taxonomy":"product_cat","embeddable":true,"href":"https:\/\/sourcenaturelle.eu\/de\/wp-json\/wp\/v2\/product_cat?post=4420"},{"taxonomy":"product_tag","embeddable":true,"href":"https:\/\/sourcenaturelle.eu\/de\/wp-json\/wp\/v2\/product_tag?post=4420"}],"curies":[{"name":"wp","href":"https:\/\/api.w.org\/{rel}","templated":true}]}}