{"id":4412,"date":"2021-07-03T15:43:44","date_gmt":"2021-07-03T15:43:44","guid":{"rendered":"https:\/\/sourcenaturelle.eu\/product\/eubiona-sonnenmilch-lsf30-100ml\/"},"modified":"2021-07-03T15:43:44","modified_gmt":"2021-07-03T15:43:44","slug":"eubiona-sonnenmilch-lsf30-100ml","status":"publish","type":"product","link":"https:\/\/sourcenaturelle.eu\/de\/produkt\/eubiona-sonnenmilch-lsf30-100ml\/","title":{"rendered":"Eubiona Sonnenmilch LSF30, 100ml"},"content":{"rendered":"<p>Die neue Sonnenmilch von eubiona wurde f\u00fcr die empfindliche Haut und f\u00fcr die besonders zarte Kinderhaut entwickelt. Sie ist ohne Alkoholzusatz und mit mineralischem UV-Schutzfilter. Ein Lichtschutzkomplex aus Titanium Dioxid in Verbindung mit unbehandeltem, nat\u00fcrlichen Zinkoxid reflektiert die sch\u00e4dlichen<br \/>\nSonnenstrahlen (UVA + UVB). Sie ist schnell aufzutragen, sofort wirksam und die wasserfeste Formulierung bietet unbeschwerten Badespass.<\/p>\n<p>Anwendung:<br \/>\nVor dem Sonnenbad in ausreichender Menge gleichm\u00e4\u00dfig und wiederholt auftragen. Gr\u00fcndlich verteilen um wei\u00dfe Spuren zu vermeiden und maximale Schutzleistung zu erreichen.<\/p>\n<p>Besonderheiten:<\/p>\n<p>Ohne Alkoholzusatz f\u00fcr die empfindliche Haut<br \/>\nBio-Jojoba\u00f6l pflegt und sch\u00fctzt die Haut intensiv<br \/>\nF\u00fcr sensible \/ fettende Haut und f\u00fcr die empfindliche Kinderhaut<br \/>\nF\u00fcr den ganzen K\u00f6rper und das Gesicht<br \/>\nLeicht verteilbar und fettet nicht<br \/>\nInnovativer Airless-Spender: Schliesst das Produkt luftdicht ein und verl\u00e4ngert so die Haltbarkeit. Durch das Bag-in-Bottle-Konzept ist eine komplette Entleerung des Spenders m\u00f6glich.<\/p>\n","protected":false},"excerpt":{"rendered":"<p>f\u00fcr sensible Haut<br \/>\nWasserfest<\/p>\n","protected":false},"featured_media":4409,"template":"","meta":{"_kad_post_transparent":"","_kad_post_title":"","_kad_post_layout":"","_kad_post_sidebar_id":"","_kad_post_content_style":"","_kad_post_vertical_padding":"","_kad_post_feature":"","_kad_post_feature_position":"","_kad_post_header":false,"_kad_post_footer":false,"_kad_post_classname":""},"product_brand":[],"product_cat":[152,136],"product_tag":[],"class_list":{"0":"post-4412","1":"product","2":"type-product","3":"status-publish","4":"has-post-thumbnail","6":"product_cat-eubonia-de","7":"product_cat-sonne","9":"first","10":"outofstock","11":"shipping-taxable","12":"purchasable","13":"product-type-simple","14":"entry","15":"content-bg","16":"loop-entry"},"_links":{"self":[{"href":"https:\/\/sourcenaturelle.eu\/de\/wp-json\/wp\/v2\/product\/4412","targetHints":{"allow":["GET"]}}],"collection":[{"href":"https:\/\/sourcenaturelle.eu\/de\/wp-json\/wp\/v2\/product"}],"about":[{"href":"https:\/\/sourcenaturelle.eu\/de\/wp-json\/wp\/v2\/types\/product"}],"wp:featuredmedia":[{"embeddable":true,"href":"https:\/\/sourcenaturelle.eu\/de\/wp-json\/wp\/v2\/media\/4409"}],"wp:attachment":[{"href":"https:\/\/sourcenaturelle.eu\/de\/wp-json\/wp\/v2\/media?parent=4412"}],"wp:term":[{"taxonomy":"product_brand","embeddable":true,"href":"https:\/\/sourcenaturelle.eu\/de\/wp-json\/wp\/v2\/product_brand?post=4412"},{"taxonomy":"product_cat","embeddable":true,"href":"https:\/\/sourcenaturelle.eu\/de\/wp-json\/wp\/v2\/product_cat?post=4412"},{"taxonomy":"product_tag","embeddable":true,"href":"https:\/\/sourcenaturelle.eu\/de\/wp-json\/wp\/v2\/product_tag?post=4412"}],"curies":[{"name":"wp","href":"https:\/\/api.w.org\/{rel}","templated":true}]}}