{"id":4396,"date":"2021-07-03T15:15:13","date_gmt":"2021-07-03T15:15:13","guid":{"rendered":"https:\/\/sourcenaturelle.eu\/product\/eubiona-styling-gel-125ml-de\/"},"modified":"2021-07-03T15:15:13","modified_gmt":"2021-07-03T15:15:13","slug":"eubiona-styling-gel-125ml-de","status":"publish","type":"product","link":"https:\/\/sourcenaturelle.eu\/de\/produkt\/eubiona-styling-gel-125ml-de\/","title":{"rendered":"Eubiona Styling Gel, 125ml"},"content":{"rendered":"<p>Limonenextrakt-Coffein \u2013 wasserfest, perfekte und nat\u00fcrliche Fixierung<br \/>\nIhr Haar erh\u00e4lt Pflege und Styling in einem! Limonen- Extrakt bringt Feuchtigkeit, auch f\u00fcr strapazierte Spitzen. Durch das Coffein erh\u00e4lt das Haar mehr Spannkraft und die Haarwurzeln werden vitalisiert.<\/p>\n<p>Anwendung:<br \/>\nDie gew\u00fcnschte Menge im feuchten oder trockenen Haar verteilen und in Form bringen.<\/p>\n<p>Inhaltsstoffe:<br \/>\nW\u00e4ssrig-alkoholischer Limonen-Auszug*, Orangenbl\u00fcten-Hydrolat*, Limonen-Hydrolat*, Weingeist, Sorbitol, Kokosglucoside, Xanthan, Coffein, Mischung \u00e4therischer \u00d6le, d-Limonen, Linalool, Citronellol, Zitronens\u00e4ure<br \/>\n*Inhaltsstoffe aus kontrolliert biologischem Anbau<\/p>\n<p>100 % der gesamten Inhaltsstoffe sind nat\u00fcrlichen Ursprungs<br \/>\n10 % der gesamten Inhaltsstoffe sind aus kontrolliert biologischem Anbau<br \/>\n96 % der pflanzlichen Inhaltsstoffe sind aus kontrolliert biologischem Anbau<\/p>\n","protected":false},"excerpt":{"rendered":"<p>Limonenextrakt-Coffein \u2013 wasserfest, perfekte und nat\u00fcrliche Fixierung Ihr Haar erh\u00e4lt Pflege und Styling in einem! Limonen- Extrakt bringt Feuchtigkeit, auch f\u00fcr strapazierte Spitzen. Durch das Coffein erh\u00e4lt das Haar mehr Spannkraft und die Haarwurzeln werden vitalisiert. Anwendung: Die gew\u00fcnschte Menge im feuchten oder trockenen Haar verteilen und in Form bringen. Inhaltsstoffe: W\u00e4ssrig-alkoholischer Limonen-Auszug*, Orangenbl\u00fcten-Hydrolat*, Limonen-Hydrolat*,&#8230;<\/p>\n","protected":false},"featured_media":4907,"template":"","meta":{"_kad_post_transparent":"","_kad_post_title":"","_kad_post_layout":"","_kad_post_sidebar_id":"","_kad_post_content_style":"","_kad_post_vertical_padding":"","_kad_post_feature":"","_kad_post_feature_position":"","_kad_post_header":false,"_kad_post_footer":false,"_kad_post_classname":""},"product_brand":[],"product_cat":[152,106,213],"product_tag":[],"class_list":{"0":"post-4396","1":"product","2":"type-product","3":"status-publish","4":"has-post-thumbnail","6":"product_cat-eubonia-de","7":"product_cat-haare","8":"product_cat-styling-de","10":"first","11":"onbackorder","12":"shipping-taxable","13":"purchasable","14":"product-type-simple","15":"entry","16":"content-bg","17":"loop-entry"},"_links":{"self":[{"href":"https:\/\/sourcenaturelle.eu\/de\/wp-json\/wp\/v2\/product\/4396","targetHints":{"allow":["GET"]}}],"collection":[{"href":"https:\/\/sourcenaturelle.eu\/de\/wp-json\/wp\/v2\/product"}],"about":[{"href":"https:\/\/sourcenaturelle.eu\/de\/wp-json\/wp\/v2\/types\/product"}],"wp:featuredmedia":[{"embeddable":true,"href":"https:\/\/sourcenaturelle.eu\/de\/wp-json\/wp\/v2\/media\/4907"}],"wp:attachment":[{"href":"https:\/\/sourcenaturelle.eu\/de\/wp-json\/wp\/v2\/media?parent=4396"}],"wp:term":[{"taxonomy":"product_brand","embeddable":true,"href":"https:\/\/sourcenaturelle.eu\/de\/wp-json\/wp\/v2\/product_brand?post=4396"},{"taxonomy":"product_cat","embeddable":true,"href":"https:\/\/sourcenaturelle.eu\/de\/wp-json\/wp\/v2\/product_cat?post=4396"},{"taxonomy":"product_tag","embeddable":true,"href":"https:\/\/sourcenaturelle.eu\/de\/wp-json\/wp\/v2\/product_tag?post=4396"}],"curies":[{"name":"wp","href":"https:\/\/api.w.org\/{rel}","templated":true}]}}