{"id":4388,"date":"2021-07-03T15:06:10","date_gmt":"2021-07-03T15:06:10","guid":{"rendered":"https:\/\/sourcenaturelle.eu\/product\/eubiona-volumen-schaumfestiger-150ml\/"},"modified":"2021-07-03T15:06:10","modified_gmt":"2021-07-03T15:06:10","slug":"eubiona-volumen-schaumfestiger-150ml","status":"publish","type":"product","link":"https:\/\/sourcenaturelle.eu\/de\/produkt\/eubiona-volumen-schaumfestiger-150ml\/","title":{"rendered":"Eubiona Volumen Schaumfestiger, 150ml"},"content":{"rendered":"<p>Die ideale Grundlage f\u00fcr mehr Volumen und perfekten Sitz Ihrer Frisur. Minz-Hydrolat ist von Natur aus festigend und stabilisierend. Das Haar bekommt mehr Volumen und l\u00e4sst sich leicht in Form bringen. Feuchtigkeitsspendender Granatapfel pflegt und sch\u00fctzt das Haar vor Austrocknung.<\/p>\n<p>Anwendung:<br \/>\nEine der Haarl\u00e4nge entsprechend gro\u00dfe Menge des Schaumfestigers im Haar verteilen. Wie gewohnt trocknen und stylen. Kann im nassen oder trockenen Haar angewendet werden.<\/p>\n","protected":false},"excerpt":{"rendered":"<p>Die ideale Grundlage f\u00fcr mehr Volumen und perfekten Sitz Ihrer Frisur. Minz-Hydrolat ist von Natur aus festigend und stabilisierend. Das Haar bekommt mehr Volumen und l\u00e4sst sich leicht in Form bringen. Feuchtigkeitsspendender Granatapfel pflegt und sch\u00fctzt das Haar vor Austrocknung. Anwendung: Eine der Haarl\u00e4nge entsprechend gro\u00dfe Menge des Schaumfestigers im Haar verteilen. Wie gewohnt trocknen&#8230;<\/p>\n","protected":false},"featured_media":4385,"template":"","meta":{"_kad_post_transparent":"","_kad_post_title":"","_kad_post_layout":"","_kad_post_sidebar_id":"","_kad_post_content_style":"","_kad_post_vertical_padding":"","_kad_post_feature":"","_kad_post_feature_position":"","_kad_post_header":false,"_kad_post_footer":false,"_kad_post_classname":""},"product_brand":[],"product_cat":[152,106,213],"product_tag":[],"class_list":{"0":"post-4388","1":"product","2":"type-product","3":"status-publish","4":"has-post-thumbnail","6":"product_cat-eubonia-de","7":"product_cat-haare","8":"product_cat-styling-de","10":"first","11":"instock","12":"shipping-taxable","13":"purchasable","14":"product-type-simple","15":"entry","16":"content-bg","17":"loop-entry"},"_links":{"self":[{"href":"https:\/\/sourcenaturelle.eu\/de\/wp-json\/wp\/v2\/product\/4388","targetHints":{"allow":["GET"]}}],"collection":[{"href":"https:\/\/sourcenaturelle.eu\/de\/wp-json\/wp\/v2\/product"}],"about":[{"href":"https:\/\/sourcenaturelle.eu\/de\/wp-json\/wp\/v2\/types\/product"}],"wp:featuredmedia":[{"embeddable":true,"href":"https:\/\/sourcenaturelle.eu\/de\/wp-json\/wp\/v2\/media\/4385"}],"wp:attachment":[{"href":"https:\/\/sourcenaturelle.eu\/de\/wp-json\/wp\/v2\/media?parent=4388"}],"wp:term":[{"taxonomy":"product_brand","embeddable":true,"href":"https:\/\/sourcenaturelle.eu\/de\/wp-json\/wp\/v2\/product_brand?post=4388"},{"taxonomy":"product_cat","embeddable":true,"href":"https:\/\/sourcenaturelle.eu\/de\/wp-json\/wp\/v2\/product_cat?post=4388"},{"taxonomy":"product_tag","embeddable":true,"href":"https:\/\/sourcenaturelle.eu\/de\/wp-json\/wp\/v2\/product_tag?post=4388"}],"curies":[{"name":"wp","href":"https:\/\/api.w.org\/{rel}","templated":true}]}}