{"id":4380,"date":"2021-07-03T01:46:52","date_gmt":"2021-07-03T01:46:52","guid":{"rendered":"https:\/\/sourcenaturelle.eu\/product\/eubiona-repair-kur-125ml\/"},"modified":"2021-07-03T01:46:52","modified_gmt":"2021-07-03T01:46:52","slug":"eubiona-repair-kur-125ml","status":"publish","type":"product","link":"https:\/\/sourcenaturelle.eu\/de\/produkt\/eubiona-repair-kur-125ml\/","title":{"rendered":"Eubiona Repair Kur, 125ml"},"content":{"rendered":"<p>Jojobaextrakt-Argan\u00f6l \u2013 Intensivpflege und Regeneration<\/p>\n","protected":false},"excerpt":{"rendered":"<p>Jojobaextrakt-Argan\u00f6l \u2013 Intensivpflege und Regeneration<br \/>\nJojoba\u00f6l pflegt angegriffenes Haar und beugt Spliss vor. Besonders das trockene Haar erh\u00e4lt seinen nat\u00fcrlichen Feuchtigkeitsgehalt zur\u00fcck. Die antioxidative Eigenschaft des Argan\u00f6ls sch\u00fctzt Ihre Kopfhaut intensiv auf nat\u00fcrliche Weise.<\/p>\n<p>Anwendung:<br \/>\nCa. 1x w\u00f6chentlich ins feuchte Haar einmassieren, 10 bis 15 Minuten einwirken lassen und sorgf\u00e4ltig aussp\u00fclen.<\/p>\n<p>Inhaltsstoffe:<br \/>\nW\u00e4ssrig-alkoholischer Oliven-Auszug*, Glycerinfetts\u00e4ureester, Jojoba\u00f6l*, Granatapfel-Hydrolat*, Olivenblatt-Hydrolat*, Lauryl Glucosid, Fettalkohol, Sesam\u00f6l*, Triglyceride, Traubenkern\u00f6l*, Argan\u00f6l*, Klettwurzel-Extrakt, Lecithin, Xanthan, Alkohol, nat\u00fcrliches Vitamin E, Antioxidant, Mischung \u00e4therischer \u00d6le, d-Limonen, Linalool, Citronellol<br \/>\n* Inhaltsstoffe aus kontrolliert biologischem Anbau<\/p>\n<p>100 % der gesamten Inhaltsstoffe sind nat\u00fcrlichen Ursprungs<br \/>\n12 % der gesamten Inhaltsstoffe sind aus kontrolliert biologischem Anbau<br \/>\n96 % der pflanzlichen Inhaltsstoffe sind aus kontrolliert biologischem Anbau<\/p>\n","protected":false},"featured_media":4377,"template":"","meta":{"_kad_post_transparent":"","_kad_post_title":"","_kad_post_layout":"","_kad_post_sidebar_id":"","_kad_post_content_style":"","_kad_post_vertical_padding":"","_kad_post_feature":"","_kad_post_feature_position":"","_kad_post_header":false,"_kad_post_footer":false,"_kad_post_classname":""},"product_brand":[],"product_cat":[152,106,216,210],"product_tag":[],"class_list":{"0":"post-4380","1":"product","2":"type-product","3":"status-publish","4":"has-post-thumbnail","6":"product_cat-eubonia-de","7":"product_cat-haare","8":"product_cat-haarpflege","9":"product_cat-shampoo-spulung","11":"first","12":"instock","13":"shipping-taxable","14":"purchasable","15":"product-type-simple","16":"entry","17":"content-bg","18":"loop-entry"},"_links":{"self":[{"href":"https:\/\/sourcenaturelle.eu\/de\/wp-json\/wp\/v2\/product\/4380","targetHints":{"allow":["GET"]}}],"collection":[{"href":"https:\/\/sourcenaturelle.eu\/de\/wp-json\/wp\/v2\/product"}],"about":[{"href":"https:\/\/sourcenaturelle.eu\/de\/wp-json\/wp\/v2\/types\/product"}],"wp:featuredmedia":[{"embeddable":true,"href":"https:\/\/sourcenaturelle.eu\/de\/wp-json\/wp\/v2\/media\/4377"}],"wp:attachment":[{"href":"https:\/\/sourcenaturelle.eu\/de\/wp-json\/wp\/v2\/media?parent=4380"}],"wp:term":[{"taxonomy":"product_brand","embeddable":true,"href":"https:\/\/sourcenaturelle.eu\/de\/wp-json\/wp\/v2\/product_brand?post=4380"},{"taxonomy":"product_cat","embeddable":true,"href":"https:\/\/sourcenaturelle.eu\/de\/wp-json\/wp\/v2\/product_cat?post=4380"},{"taxonomy":"product_tag","embeddable":true,"href":"https:\/\/sourcenaturelle.eu\/de\/wp-json\/wp\/v2\/product_tag?post=4380"}],"curies":[{"name":"wp","href":"https:\/\/api.w.org\/{rel}","templated":true}]}}