{"id":4372,"date":"2021-07-03T01:37:37","date_gmt":"2021-07-03T01:37:37","guid":{"rendered":"https:\/\/sourcenaturelle.eu\/product\/eubiona-pflegespulung-125ml\/"},"modified":"2021-07-03T01:42:34","modified_gmt":"2021-07-03T01:42:34","slug":"eubiona-pflegespulung-125ml","status":"publish","type":"product","link":"https:\/\/sourcenaturelle.eu\/de\/produkt\/eubiona-pflegespulung-125ml\/","title":{"rendered":"Eubiona Pflegesp\u00fclung, 125ml"},"content":{"rendered":"<p>Traubenkern\u00f6l-Limonenextrakt \u2013 feuchtigkeitsspendend mit Glanzeffekt<\/p>\n<p>Traubenkern\u00f6l und Limonen-Extrakt verleihen Ihrem Haar seidigen Glanz und erleichtern die K\u00e4mmbarkeit. Die einzigartigen Inhaltsstoffe versorgen Ihr Haar nachhaltig mit Feuchtigkeit. Das Haar erh\u00e4lt mehr Volumen und Spannkraft und schenkt Ihnen ein sch\u00f6nes, lockeres Haargef\u00fchl.<\/p>\n<p>Anwendung:<br \/>\nIns feuchte Haar einmassieren, kurz einwirken lassen und sorgf\u00e4ltig aussp\u00fclen.<\/p>\n<p>Inhaltsstoffe:<br \/>\nW\u00e4ssrig-alkoholischer Limonen-Auszug*, Limonenschalenextrakt*, Glycerin Milchs\u00e4ureester, Fettalkohol, Traubenkern\u00f6l*, Kokosglucoside, Weizenprotein, Alkohol, nat\u00fcrliches Vitamin E, Mischung \u00e4therischer \u00d6le, Limonen, Linalool, Citronellol, Zitronens\u00e4ure<br \/>\n* Inhaltsstoffe aus kontrolliert biologischem Anbau<\/p>\n<p>100 % der gesamten Inhaltsstoffe sind nat\u00fcrlichen Ursprungs<br \/>\n11 % der gesamten Inhaltsstoffe sind aus kontrolliert biologischem Anbau<br \/>\n96 % der pflanzlichen Inhaltsstoffe sind aus kontrolliert biologischem Anbau<\/p>\n","protected":false},"excerpt":{"rendered":"<p>Traubenkern\u00f6l-Limonenextrakt \u2013 feuchtigkeitsspendend mit Glanzeffekt<\/p>\n","protected":false},"featured_media":4369,"template":"","meta":{"_kad_post_transparent":"","_kad_post_title":"","_kad_post_layout":"","_kad_post_sidebar_id":"","_kad_post_content_style":"","_kad_post_vertical_padding":"","_kad_post_feature":"","_kad_post_feature_position":"","_kad_post_header":false,"_kad_post_footer":false,"_kad_post_classname":""},"product_brand":[],"product_cat":[152,106,216,210],"product_tag":[],"class_list":{"0":"post-4372","1":"product","2":"type-product","3":"status-publish","4":"has-post-thumbnail","6":"product_cat-eubonia-de","7":"product_cat-haare","8":"product_cat-haarpflege","9":"product_cat-shampoo-spulung","11":"first","12":"instock","13":"shipping-taxable","14":"purchasable","15":"product-type-simple","16":"entry","17":"content-bg","18":"loop-entry"},"_links":{"self":[{"href":"https:\/\/sourcenaturelle.eu\/de\/wp-json\/wp\/v2\/product\/4372","targetHints":{"allow":["GET"]}}],"collection":[{"href":"https:\/\/sourcenaturelle.eu\/de\/wp-json\/wp\/v2\/product"}],"about":[{"href":"https:\/\/sourcenaturelle.eu\/de\/wp-json\/wp\/v2\/types\/product"}],"wp:featuredmedia":[{"embeddable":true,"href":"https:\/\/sourcenaturelle.eu\/de\/wp-json\/wp\/v2\/media\/4369"}],"wp:attachment":[{"href":"https:\/\/sourcenaturelle.eu\/de\/wp-json\/wp\/v2\/media?parent=4372"}],"wp:term":[{"taxonomy":"product_brand","embeddable":true,"href":"https:\/\/sourcenaturelle.eu\/de\/wp-json\/wp\/v2\/product_brand?post=4372"},{"taxonomy":"product_cat","embeddable":true,"href":"https:\/\/sourcenaturelle.eu\/de\/wp-json\/wp\/v2\/product_cat?post=4372"},{"taxonomy":"product_tag","embeddable":true,"href":"https:\/\/sourcenaturelle.eu\/de\/wp-json\/wp\/v2\/product_tag?post=4372"}],"curies":[{"name":"wp","href":"https:\/\/api.w.org\/{rel}","templated":true}]}}