{"id":4364,"date":"2021-07-03T01:17:26","date_gmt":"2021-07-03T01:17:26","guid":{"rendered":"https:\/\/sourcenaturelle.eu\/product\/eubiona-sensitive-shampoo-200ml-de\/"},"modified":"2021-07-03T01:17:26","modified_gmt":"2021-07-03T01:17:26","slug":"eubiona-sensitive-shampoo-200ml-de","status":"publish","type":"product","link":"https:\/\/sourcenaturelle.eu\/de\/produkt\/eubiona-sensitive-shampoo-200ml-de\/","title":{"rendered":"Eubiona Sensitive Shampoo, 200ml"},"content":{"rendered":"<p>f\u00fcr sensible Haut<\/p>\n<p>Besonders milde Reinigung aufgrund ausgesuchter Tenside. Hafer beruhigt die Haut und mildert den Juckreiz irritierter Haut. Daher ist es insbesondere bei sehr trockener, gereizter oder allergischer Haut geeignet. Das Shampoo hinterl\u00e4sst keine irritierenden R\u00fcckst\u00e4nde, gibt dem Haar Volumen und reduziert das Nachfetten. Nachwachsende Haare bekommen nat\u00fcrliche F\u00fclle, Spannkraft und Glanz. Das Shampoo kann auch bei sensibler Haut bedenkenlos mehrmals t\u00e4glich angewendet werden.<\/p>\n","protected":false},"excerpt":{"rendered":"<p>f\u00fcr sensible Haut<\/p>\n","protected":false},"featured_media":4361,"template":"","meta":{"_kad_post_transparent":"","_kad_post_title":"","_kad_post_layout":"","_kad_post_sidebar_id":"","_kad_post_content_style":"","_kad_post_vertical_padding":"","_kad_post_feature":"","_kad_post_feature_position":"","_kad_post_header":false,"_kad_post_footer":false,"_kad_post_classname":""},"product_brand":[],"product_cat":[152,106,210],"product_tag":[],"class_list":{"0":"post-4364","1":"product","2":"type-product","3":"status-publish","4":"has-post-thumbnail","6":"product_cat-eubonia-de","7":"product_cat-haare","8":"product_cat-shampoo-spulung","10":"first","11":"instock","12":"shipping-taxable","13":"purchasable","14":"product-type-simple","15":"entry","16":"content-bg","17":"loop-entry"},"_links":{"self":[{"href":"https:\/\/sourcenaturelle.eu\/de\/wp-json\/wp\/v2\/product\/4364","targetHints":{"allow":["GET"]}}],"collection":[{"href":"https:\/\/sourcenaturelle.eu\/de\/wp-json\/wp\/v2\/product"}],"about":[{"href":"https:\/\/sourcenaturelle.eu\/de\/wp-json\/wp\/v2\/types\/product"}],"wp:featuredmedia":[{"embeddable":true,"href":"https:\/\/sourcenaturelle.eu\/de\/wp-json\/wp\/v2\/media\/4361"}],"wp:attachment":[{"href":"https:\/\/sourcenaturelle.eu\/de\/wp-json\/wp\/v2\/media?parent=4364"}],"wp:term":[{"taxonomy":"product_brand","embeddable":true,"href":"https:\/\/sourcenaturelle.eu\/de\/wp-json\/wp\/v2\/product_brand?post=4364"},{"taxonomy":"product_cat","embeddable":true,"href":"https:\/\/sourcenaturelle.eu\/de\/wp-json\/wp\/v2\/product_cat?post=4364"},{"taxonomy":"product_tag","embeddable":true,"href":"https:\/\/sourcenaturelle.eu\/de\/wp-json\/wp\/v2\/product_tag?post=4364"}],"curies":[{"name":"wp","href":"https:\/\/api.w.org\/{rel}","templated":true}]}}