{"id":4356,"date":"2021-07-03T01:10:37","date_gmt":"2021-07-03T01:10:37","guid":{"rendered":"https:\/\/sourcenaturelle.eu\/product\/eubiona-repair-shampoo-200ml-de\/"},"modified":"2021-07-03T01:10:37","modified_gmt":"2021-07-03T01:10:37","slug":"eubiona-repair-shampoo-200ml-de","status":"publish","type":"product","link":"https:\/\/sourcenaturelle.eu\/de\/produkt\/eubiona-repair-shampoo-200ml-de\/","title":{"rendered":"Eubiona Repair Shampoo, 200ml"},"content":{"rendered":"<p>Klettenwurzel-Argan\u00f6l \u2013 f\u00fcr strapaziertes und coloriertes Haar<\/p>\n","protected":false},"excerpt":{"rendered":"<p>Klettenwurzel-Argan\u00f6l \u2013 f\u00fcr strapaziertes und coloriertes Haar<br \/>\nStrapaziertes, angegriffenes Haar braucht intensive Pflege.<br \/>\nDie Klettenwurzel hilft stumpfe und br\u00fcchige Haarstrukturen zu gl\u00e4tten und wieder weich und geschmeidig zu machen. In Verbindung mit Argan\u00f6l erh\u00e4lt auch die Kopfhaut die n\u00f6tige Pflege, um den Repair-Effekt optimal zu unterst\u00fctzen. PEG-frei, ohne synthetische Farb-, Duft- und Konservierungsstoffe. Milde, besonders hautvertr\u00e4gliche Zuckertenside reinigen sanft. Anwendung: Zur t\u00e4glichen Anwendung geeignet.<\/p>\n","protected":false},"featured_media":4353,"template":"","meta":{"_kad_post_transparent":"","_kad_post_title":"","_kad_post_layout":"","_kad_post_sidebar_id":"","_kad_post_content_style":"","_kad_post_vertical_padding":"","_kad_post_feature":"","_kad_post_feature_position":"","_kad_post_header":false,"_kad_post_footer":false,"_kad_post_classname":""},"product_brand":[],"product_cat":[152,106,210],"product_tag":[],"class_list":{"0":"post-4356","1":"product","2":"type-product","3":"status-publish","4":"has-post-thumbnail","6":"product_cat-eubonia-de","7":"product_cat-haare","8":"product_cat-shampoo-spulung","10":"first","11":"instock","12":"shipping-taxable","13":"purchasable","14":"product-type-simple","15":"entry","16":"content-bg","17":"loop-entry"},"_links":{"self":[{"href":"https:\/\/sourcenaturelle.eu\/de\/wp-json\/wp\/v2\/product\/4356","targetHints":{"allow":["GET"]}}],"collection":[{"href":"https:\/\/sourcenaturelle.eu\/de\/wp-json\/wp\/v2\/product"}],"about":[{"href":"https:\/\/sourcenaturelle.eu\/de\/wp-json\/wp\/v2\/types\/product"}],"wp:featuredmedia":[{"embeddable":true,"href":"https:\/\/sourcenaturelle.eu\/de\/wp-json\/wp\/v2\/media\/4353"}],"wp:attachment":[{"href":"https:\/\/sourcenaturelle.eu\/de\/wp-json\/wp\/v2\/media?parent=4356"}],"wp:term":[{"taxonomy":"product_brand","embeddable":true,"href":"https:\/\/sourcenaturelle.eu\/de\/wp-json\/wp\/v2\/product_brand?post=4356"},{"taxonomy":"product_cat","embeddable":true,"href":"https:\/\/sourcenaturelle.eu\/de\/wp-json\/wp\/v2\/product_cat?post=4356"},{"taxonomy":"product_tag","embeddable":true,"href":"https:\/\/sourcenaturelle.eu\/de\/wp-json\/wp\/v2\/product_tag?post=4356"}],"curies":[{"name":"wp","href":"https:\/\/api.w.org\/{rel}","templated":true}]}}