{"id":4348,"date":"2021-07-03T01:03:33","date_gmt":"2021-07-03T01:03:33","guid":{"rendered":"https:\/\/sourcenaturelle.eu\/product\/eubiona-volumen-shampoo-200ml\/"},"modified":"2021-07-03T01:03:33","modified_gmt":"2021-07-03T01:03:33","slug":"eubiona-volumen-shampoo-200ml","status":"publish","type":"product","link":"https:\/\/sourcenaturelle.eu\/de\/produkt\/eubiona-volumen-shampoo-200ml\/","title":{"rendered":"Eubiona Volumen-Shampoo, 200ml"},"content":{"rendered":"<p>Kamille-Kiwi \u2013 f\u00fcr feines und d\u00fcnnes Haar<br \/>\nDie Kamille gleicht die Fettregulierung der Kopfhaut aus und beruhigt sie. Die Fruchts\u00e4uren der Kiwi st\u00e4rken die nat\u00fcrliche Haarstruktur und verhelfen dem Haar somit zu mehr Volumen und Spannkraft. PEG-frei, ohne synthetische Farb-, Duft- und Konservierungsstoffe. Milde, besonders hautvertr\u00e4gliche Zuckertenside reinigen sanft.<\/p>\n<p>Inhaltsstoffe:<br \/>\nW\u00e4ssrig-alkoholischer Kamillen-Auszug*, Lauryl Glucosid, Kamille-Extrakt*, Kokosfetts\u00e4ure Glutamat, Kokosglucoside, Zuckerester, nat\u00fcrliches Glycerin, Weingeist, Kiwi-Extrakt, Meersalz, nat\u00fcrlicher Feuchtigkeitsfaktor Sodium PCA, Milchs\u00e4ure, nat\u00fcrlicher Feuchtigkeitsfaktor Sodium Lactate, Mischung \u00e4therischer \u00d6le, d-Limonen, Linalool, Citronellol<br \/>\n*Inhaltsstoffe aus kontrolliert biologischem Anbau<\/p>\n<p>100 % der gesamten Inhaltsstoffe sind nat\u00fcrlichen Ursprungs<br \/>\n10 % der gesamten Inhaltsstoffe sind aus kontrolliert biologischem Anbau<br \/>\n95 % der pflanzlichen Inhaltsstoffe sind aus kontrolliert biologischem Anbau<\/p>\n","protected":false},"excerpt":{"rendered":"<p>Kamille-Kiwi \u2013 f\u00fcr feines und d\u00fcnnes Haar<\/p>\n","protected":false},"featured_media":4345,"template":"","meta":{"_kad_post_transparent":"","_kad_post_title":"","_kad_post_layout":"","_kad_post_sidebar_id":"","_kad_post_content_style":"","_kad_post_vertical_padding":"","_kad_post_feature":"","_kad_post_feature_position":"","_kad_post_header":false,"_kad_post_footer":false,"_kad_post_classname":""},"product_brand":[],"product_cat":[152,106,210],"product_tag":[],"class_list":{"0":"post-4348","1":"product","2":"type-product","3":"status-publish","4":"has-post-thumbnail","6":"product_cat-eubonia-de","7":"product_cat-haare","8":"product_cat-shampoo-spulung","10":"first","11":"instock","12":"shipping-taxable","13":"purchasable","14":"product-type-simple","15":"entry","16":"content-bg","17":"loop-entry"},"_links":{"self":[{"href":"https:\/\/sourcenaturelle.eu\/de\/wp-json\/wp\/v2\/product\/4348","targetHints":{"allow":["GET"]}}],"collection":[{"href":"https:\/\/sourcenaturelle.eu\/de\/wp-json\/wp\/v2\/product"}],"about":[{"href":"https:\/\/sourcenaturelle.eu\/de\/wp-json\/wp\/v2\/types\/product"}],"wp:featuredmedia":[{"embeddable":true,"href":"https:\/\/sourcenaturelle.eu\/de\/wp-json\/wp\/v2\/media\/4345"}],"wp:attachment":[{"href":"https:\/\/sourcenaturelle.eu\/de\/wp-json\/wp\/v2\/media?parent=4348"}],"wp:term":[{"taxonomy":"product_brand","embeddable":true,"href":"https:\/\/sourcenaturelle.eu\/de\/wp-json\/wp\/v2\/product_brand?post=4348"},{"taxonomy":"product_cat","embeddable":true,"href":"https:\/\/sourcenaturelle.eu\/de\/wp-json\/wp\/v2\/product_cat?post=4348"},{"taxonomy":"product_tag","embeddable":true,"href":"https:\/\/sourcenaturelle.eu\/de\/wp-json\/wp\/v2\/product_tag?post=4348"}],"curies":[{"name":"wp","href":"https:\/\/api.w.org\/{rel}","templated":true}]}}