{"id":4340,"date":"2021-07-03T00:56:47","date_gmt":"2021-07-03T00:56:47","guid":{"rendered":"https:\/\/sourcenaturelle.eu\/product\/eubiona-vital-shampoo-200ml-de\/"},"modified":"2021-07-03T00:56:47","modified_gmt":"2021-07-03T00:56:47","slug":"eubiona-vital-shampoo-200ml-de","status":"publish","type":"product","link":"https:\/\/sourcenaturelle.eu\/de\/produkt\/eubiona-vital-shampoo-200ml-de\/","title":{"rendered":"Eubiona Vital Shampoo, 200ml"},"content":{"rendered":"<p>Brennnessel-Granatapfel \u2013 f\u00fcr fettendes Haar<br \/>\nBelebende Brennnessel und kr\u00e4ftigender Granatapfel &#8211; Vollextrakt regulieren schonend die Talgproduktion. Die \u00fcberreizte Kopfhaut kann sich entspannen und findet zu ihrem nat\u00fcrlichen Gleichgewicht zur\u00fcck.<br \/>\nPEG-frei, ohne synthetische Farb-, Duft- und Konservierungsstoffe. Milde, besonders hautvertr\u00e4gliche Zuckertenside reinigen sanft.<\/p>\n<p>Inhaltsstoffe:<br \/>\nW\u00e4ssrig-alkoholischer Brennnessel-Auszug*, Lauryl Glucosid, Brennnessel*, Granatapfel-Extrakt*, Kokosfetts\u00e4ure Glutamat, Kokosglucoside, Zuckerester, nat\u00fcrliches Glycerin, Weingeist, nat\u00fcrlicher Feuchtigkeitsfaktor Sodium PCA, Meersalz, nat\u00fcrlicher Feuchtigkeitsfaktor Sodium Lactate, Milchs\u00e4ure, Mischung \u00e4therischer \u00d6le, d-Limonen, Linalool, Citronelloll<br \/>\n* Inhaltsstoffe aus kontrolliert biologischem Anbau<\/p>\n<p>100 % der gesamten Inhaltsstoffe sind nat\u00fcrlichen Ursprungs<br \/>\n10 % der gesamten Inhaltsstoffe sind aus kontrolliert biologischem Anbau<br \/>\n97 % der pflanzlichen Inhaltsstoffe sind aus kontrolliert biologischem Anbau<\/p>\n","protected":false},"excerpt":{"rendered":"<p>Brennnessel-Granatapfel \u2013 f\u00fcr fettendes Haar<\/p>\n","protected":false},"featured_media":4337,"template":"","meta":{"_kad_post_transparent":"","_kad_post_title":"","_kad_post_layout":"","_kad_post_sidebar_id":"","_kad_post_content_style":"","_kad_post_vertical_padding":"","_kad_post_feature":"","_kad_post_feature_position":"","_kad_post_header":false,"_kad_post_footer":false,"_kad_post_classname":""},"product_brand":[],"product_cat":[152,106,210],"product_tag":[],"class_list":{"0":"post-4340","1":"product","2":"type-product","3":"status-publish","4":"has-post-thumbnail","6":"product_cat-eubonia-de","7":"product_cat-haare","8":"product_cat-shampoo-spulung","10":"first","11":"instock","12":"shipping-taxable","13":"purchasable","14":"product-type-simple","15":"entry","16":"content-bg","17":"loop-entry"},"_links":{"self":[{"href":"https:\/\/sourcenaturelle.eu\/de\/wp-json\/wp\/v2\/product\/4340","targetHints":{"allow":["GET"]}}],"collection":[{"href":"https:\/\/sourcenaturelle.eu\/de\/wp-json\/wp\/v2\/product"}],"about":[{"href":"https:\/\/sourcenaturelle.eu\/de\/wp-json\/wp\/v2\/types\/product"}],"wp:featuredmedia":[{"embeddable":true,"href":"https:\/\/sourcenaturelle.eu\/de\/wp-json\/wp\/v2\/media\/4337"}],"wp:attachment":[{"href":"https:\/\/sourcenaturelle.eu\/de\/wp-json\/wp\/v2\/media?parent=4340"}],"wp:term":[{"taxonomy":"product_brand","embeddable":true,"href":"https:\/\/sourcenaturelle.eu\/de\/wp-json\/wp\/v2\/product_brand?post=4340"},{"taxonomy":"product_cat","embeddable":true,"href":"https:\/\/sourcenaturelle.eu\/de\/wp-json\/wp\/v2\/product_cat?post=4340"},{"taxonomy":"product_tag","embeddable":true,"href":"https:\/\/sourcenaturelle.eu\/de\/wp-json\/wp\/v2\/product_tag?post=4340"}],"curies":[{"name":"wp","href":"https:\/\/api.w.org\/{rel}","templated":true}]}}