{"id":4316,"date":"2021-07-03T00:11:34","date_gmt":"2021-07-03T00:11:34","guid":{"rendered":"https:\/\/sourcenaturelle.eu\/product\/eubiona\/"},"modified":"2021-07-03T00:11:34","modified_gmt":"2021-07-03T00:11:34","slug":"eubiona","status":"publish","type":"product","link":"https:\/\/sourcenaturelle.eu\/de\/produkt\/eubiona\/","title":{"rendered":"Eubiona Sensitive Deo Roll-on, 50ml"},"content":{"rendered":"<p>Diese cremig-sanfte Deo Roll-On-Lotion mit Nachtkerze und mildem Jojoba bietet zuverl\u00e4ssige und lang anhaltende Desodorierung und sorgt den ganzen Tag f\u00fcr ein wohltuendes Frischegef\u00fchl. Besonders f\u00fcr sensible Haut geeignet. Ohne synthetisches Parf\u00fcm, ohne Alkohol. Auch f\u00fcr Allergiker besonders zu empfehlen.<\/p>\n<p>Inhaltsstoffe:<br \/>\nW\u00e4ssriger Sanddornblatt-Auszug*, Sheabutter*, hydriertes Kokos\u00f6l, Jojoba\u00f6l*, Sanddornblatt-Extrakt*, Zinkoxid, Nachtkerzen\u00f6l*, Hamamelishydrolat, Lecithin, nat\u00fcrliches Vitamin E, hydriertes Lecithin, Xanthan, nat\u00fcrliches Glycerin, Triglyceride<br \/>\n* Inhaltsstoffe aus kontrolliert biologischem Anbau<\/p>\n<p>100 % der gesamten Inhaltsstoffe sind nat\u00fcrlichen Ursprungs<br \/>\n12 % der gesamten Inhaltsstoffe sind aus kontrolliert biologischem Anbau<br \/>\n99 % der pflanzlichen Inhaltsstoffe sind aus kontrolliert biologischem Anbau<\/p>\n","protected":false},"excerpt":{"rendered":"<p>f\u00fcr sensible Haut<\/p>\n","protected":false},"featured_media":4313,"template":"","meta":{"_kad_post_transparent":"","_kad_post_title":"","_kad_post_layout":"","_kad_post_sidebar_id":"","_kad_post_content_style":"","_kad_post_vertical_padding":"","_kad_post_feature":"","_kad_post_feature_position":"","_kad_post_header":false,"_kad_post_footer":false,"_kad_post_classname":""},"product_brand":[],"product_cat":[192,152,76],"product_tag":[],"class_list":{"0":"post-4316","1":"product","2":"type-product","3":"status-publish","4":"has-post-thumbnail","6":"product_cat-deodorants-de","7":"product_cat-eubonia-de","8":"product_cat-koerper","10":"first","11":"instock","12":"shipping-taxable","13":"purchasable","14":"product-type-simple","15":"entry","16":"content-bg","17":"loop-entry"},"_links":{"self":[{"href":"https:\/\/sourcenaturelle.eu\/de\/wp-json\/wp\/v2\/product\/4316","targetHints":{"allow":["GET"]}}],"collection":[{"href":"https:\/\/sourcenaturelle.eu\/de\/wp-json\/wp\/v2\/product"}],"about":[{"href":"https:\/\/sourcenaturelle.eu\/de\/wp-json\/wp\/v2\/types\/product"}],"wp:featuredmedia":[{"embeddable":true,"href":"https:\/\/sourcenaturelle.eu\/de\/wp-json\/wp\/v2\/media\/4313"}],"wp:attachment":[{"href":"https:\/\/sourcenaturelle.eu\/de\/wp-json\/wp\/v2\/media?parent=4316"}],"wp:term":[{"taxonomy":"product_brand","embeddable":true,"href":"https:\/\/sourcenaturelle.eu\/de\/wp-json\/wp\/v2\/product_brand?post=4316"},{"taxonomy":"product_cat","embeddable":true,"href":"https:\/\/sourcenaturelle.eu\/de\/wp-json\/wp\/v2\/product_cat?post=4316"},{"taxonomy":"product_tag","embeddable":true,"href":"https:\/\/sourcenaturelle.eu\/de\/wp-json\/wp\/v2\/product_tag?post=4316"}],"curies":[{"name":"wp","href":"https:\/\/api.w.org\/{rel}","templated":true}]}}