{"id":4308,"date":"2021-07-02T23:59:36","date_gmt":"2021-07-02T23:59:36","guid":{"rendered":"https:\/\/sourcenaturelle.eu\/product\/eubiona-korperlotion-sensitive-200ml\/"},"modified":"2021-07-02T23:59:36","modified_gmt":"2021-07-02T23:59:36","slug":"eubiona-korperlotion-sensitive-200ml","status":"publish","type":"product","link":"https:\/\/sourcenaturelle.eu\/de\/produkt\/eubiona-korperlotion-sensitive-200ml\/","title":{"rendered":"Eubiona K\u00f6rperlotion Sensitive, 200ml"},"content":{"rendered":"<p>Bio-Haferextrakte beruhigen, mildern den Juckreiz ger\u00f6teter Haut und erhalten ihren Feuchtigkeitshaushalt. Daher ist die Sensitive K\u00f6rperlotion besonders f\u00fcr die sehr trockene, gereizte oder allergische Haut zu empfehlen.<\/p>\n<p>INCI:<br \/>\nIngredients INCI: Aqua, Glycine Soja Oil*, Caprylic\/Capric Triglyceride,<br \/>\nGlycerin, Hydrogenated Coco-Glycerides, Hydrogenated<br \/>\nLecithin, Glyceryl Stearate Citrate, Isoamyl Laurate, Glyceryl<br \/>\nStearate SE, Avena Sativa Kernel Extract*, Butyrospermum Parkii<br \/>\nButter*, Olea Europaea Fruit Oil*, Simmondsia Chinensis Seed Oil*,<br \/>\nPunica Granatum Seed Oil*, Sorbitan Stearate, Sucrose Cocoate,<br \/>\nSorbitol, Lactic Acid, Sodium PCA, Sodium Lactacte, Xanthan Gum,<br \/>\nDipotassium Glycyrrhizate, Tocopherol, Levulinic acid, Sodium<br \/>\nlevulinate.<\/p>\n<p>* Inhaltsstoffe aus kontrolliert biologischem Anbau<\/p>\n<p>100 % der gesamten Inhaltsstoffe sind nat\u00fcrlichen Ursprungs<br \/>\n20 % der gesamten Inhaltsstoffe sind aus kontrolliert biologischem Anbau<\/p>\n","protected":false},"excerpt":{"rendered":"<p>f\u00fcr sensible Haut<\/p>\n","protected":false},"featured_media":4305,"template":"","meta":{"_kad_post_transparent":"","_kad_post_title":"","_kad_post_layout":"","_kad_post_sidebar_id":"","_kad_post_content_style":"","_kad_post_vertical_padding":"","_kad_post_feature":"","_kad_post_feature_position":"","_kad_post_header":false,"_kad_post_footer":false,"_kad_post_classname":""},"product_brand":[],"product_cat":[152,195,118,76,121],"product_tag":[],"class_list":{"0":"post-4308","1":"product","2":"type-product","3":"status-publish","4":"has-post-thumbnail","6":"product_cat-eubonia-de","7":"product_cat-hautpflege","8":"product_cat-kinder","9":"product_cat-koerper","10":"product_cat-koerperpflege","12":"first","13":"onbackorder","14":"shipping-taxable","15":"purchasable","16":"product-type-simple","17":"entry","18":"content-bg","19":"loop-entry"},"_links":{"self":[{"href":"https:\/\/sourcenaturelle.eu\/de\/wp-json\/wp\/v2\/product\/4308","targetHints":{"allow":["GET"]}}],"collection":[{"href":"https:\/\/sourcenaturelle.eu\/de\/wp-json\/wp\/v2\/product"}],"about":[{"href":"https:\/\/sourcenaturelle.eu\/de\/wp-json\/wp\/v2\/types\/product"}],"wp:featuredmedia":[{"embeddable":true,"href":"https:\/\/sourcenaturelle.eu\/de\/wp-json\/wp\/v2\/media\/4305"}],"wp:attachment":[{"href":"https:\/\/sourcenaturelle.eu\/de\/wp-json\/wp\/v2\/media?parent=4308"}],"wp:term":[{"taxonomy":"product_brand","embeddable":true,"href":"https:\/\/sourcenaturelle.eu\/de\/wp-json\/wp\/v2\/product_brand?post=4308"},{"taxonomy":"product_cat","embeddable":true,"href":"https:\/\/sourcenaturelle.eu\/de\/wp-json\/wp\/v2\/product_cat?post=4308"},{"taxonomy":"product_tag","embeddable":true,"href":"https:\/\/sourcenaturelle.eu\/de\/wp-json\/wp\/v2\/product_tag?post=4308"}],"curies":[{"name":"wp","href":"https:\/\/api.w.org\/{rel}","templated":true}]}}