{"id":4300,"date":"2021-07-02T23:49:57","date_gmt":"2021-07-02T23:49:57","guid":{"rendered":"https:\/\/sourcenaturelle.eu\/product\/eubiona-sensitive-duschgel-200ml\/"},"modified":"2021-07-02T23:49:57","modified_gmt":"2021-07-02T23:49:57","slug":"eubiona-sensitive-duschgel-200ml","status":"publish","type":"product","link":"https:\/\/sourcenaturelle.eu\/de\/produkt\/eubiona-sensitive-duschgel-200ml\/","title":{"rendered":"Eubiona Sensitive Duschgel, 200ml"},"content":{"rendered":"<p>Besonders milde Reinigung und Pflege aufgrund ausgesuchter Tenside.<br \/>\nHafer beruhigt die Haut und mildert den Juckreiz ger\u00f6teter Haut. Daher ist es insbesondere bei sehr trockener, gereizter oder allergischer Haut zu empfehlen. Das Duschgel kann bei allen Hauttypen und bedenkenlos mehrmals t\u00e4glich angewendet werden.<\/p>\n<p>Inhaltsstoffe:<br \/>\nW\u00e4ssrig-alkoholischer Haferkleie-Extrakt*, Lauryl Glucosid, Haferkleieextrakt*, Kokosglucoside, Kokostensid, Glycerin, Alkohol, Meersalz, Betain, Glycerinfetts\u00e4ureester, Kokosfetts\u00e4ure Glutamat, Nat\u00fcrlicher Feuchtigkeitsfaktor (Sodium PCA), Milchs\u00e4ure<br \/>\n* Inhaltsstoffe aus kontrolliert biologischem Anbau<\/p>\n<p>100 % der gesamten Inhaltsstoffe sind nat\u00fcrlichen Ursprungs<br \/>\n10 % der gesamten Inhaltsstoffe sind aus kontrolliert biologischem Anbau<br \/>\n100 % der pflanzlichen Inhaltsstoffe sind aus kontrolliert biologischem Anbau<\/p>\n","protected":false},"excerpt":{"rendered":"<p>f\u00fcr sensible Haut<\/p>\n","protected":false},"featured_media":4297,"template":"","meta":{"_kad_post_transparent":"","_kad_post_title":"","_kad_post_layout":"","_kad_post_sidebar_id":"","_kad_post_content_style":"","_kad_post_vertical_padding":"","_kad_post_feature":"","_kad_post_feature_position":"","_kad_post_header":false,"_kad_post_footer":false,"_kad_post_classname":""},"product_brand":[],"product_cat":[189,124,152,118,76],"product_tag":[],"class_list":{"0":"post-4300","1":"product","2":"type-product","3":"status-publish","4":"has-post-thumbnail","6":"product_cat-bad-dusche","7":"product_cat-dusche-shampoo","8":"product_cat-eubonia-de","9":"product_cat-kinder","10":"product_cat-koerper","12":"first","13":"instock","14":"shipping-taxable","15":"purchasable","16":"product-type-simple","17":"entry","18":"content-bg","19":"loop-entry"},"_links":{"self":[{"href":"https:\/\/sourcenaturelle.eu\/de\/wp-json\/wp\/v2\/product\/4300","targetHints":{"allow":["GET"]}}],"collection":[{"href":"https:\/\/sourcenaturelle.eu\/de\/wp-json\/wp\/v2\/product"}],"about":[{"href":"https:\/\/sourcenaturelle.eu\/de\/wp-json\/wp\/v2\/types\/product"}],"wp:featuredmedia":[{"embeddable":true,"href":"https:\/\/sourcenaturelle.eu\/de\/wp-json\/wp\/v2\/media\/4297"}],"wp:attachment":[{"href":"https:\/\/sourcenaturelle.eu\/de\/wp-json\/wp\/v2\/media?parent=4300"}],"wp:term":[{"taxonomy":"product_brand","embeddable":true,"href":"https:\/\/sourcenaturelle.eu\/de\/wp-json\/wp\/v2\/product_brand?post=4300"},{"taxonomy":"product_cat","embeddable":true,"href":"https:\/\/sourcenaturelle.eu\/de\/wp-json\/wp\/v2\/product_cat?post=4300"},{"taxonomy":"product_tag","embeddable":true,"href":"https:\/\/sourcenaturelle.eu\/de\/wp-json\/wp\/v2\/product_tag?post=4300"}],"curies":[{"name":"wp","href":"https:\/\/api.w.org\/{rel}","templated":true}]}}