{"id":4292,"date":"2021-07-02T23:08:23","date_gmt":"2021-07-02T23:08:23","guid":{"rendered":"https:\/\/sourcenaturelle.eu\/product\/eubiona-sport-deo-roller-50ml\/"},"modified":"2021-07-02T23:08:23","modified_gmt":"2021-07-02T23:08:23","slug":"eubiona-sport-deo-roller-50ml","status":"publish","type":"product","link":"https:\/\/sourcenaturelle.eu\/de\/produkt\/eubiona-sport-deo-roller-50ml\/","title":{"rendered":"Eubiona Sport Deo-Roller, 50ml"},"content":{"rendered":"<p>Der eubiona Sport Deo-Roller bietet genau das Richtige f\u00fcr einen unbeschwerten aktiven Tag. Erfrischender Rosmarin- Extrakt und Gr\u00fcner Tee-Auszug sorgen f\u00fcr ein sicheres K\u00f6rperklima.<\/p>\n<p>Inhaltsstoffe:<br \/>\nW\u00e4ssrig-alkoholischer gr\u00fcner Tee-Auszug, Rosmarin-Hydrolat*, Gr\u00fcner Tee- Extrakt *, Zitronens\u00e4ureester, Glycerinfetts\u00e4ureester, Glycerin-Stearin-Zitronens\u00e4ureester, Weingeist, Sorbitol, hydriertes Lecithin, hydriertes Kokos\u00f6l, Xanthan, Mischung \u00e4therischer \u00d6le, d-Limonen, Linalool, Citronellol, Geraniol, Citral<br \/>\n*Inhaltsstoffe aus kontrolliert biologischem Anbau<\/p>\n<p>100 % der gesamten Inhaltsstoffe sind nat\u00fcrlichen Ursprungs<br \/>\n10 % der gesamten Inhaltsstoffe sind aus kontrolliert biologischem Anbau<br \/>\n98 % der pflanzlichen Inhaltsstoffe sind aus kontrolliert biologischem Anbau<\/p>\n","protected":false},"excerpt":{"rendered":"<p>Der eubiona Sport Deo-Roller bietet genau das Richtige f\u00fcr einen unbeschwerten aktiven Tag. Erfrischender Rosmarin- Extrakt und Gr\u00fcner Tee-Auszug sorgen f\u00fcr ein sicheres K\u00f6rperklima. Inhaltsstoffe: W\u00e4ssrig-alkoholischer gr\u00fcner Tee-Auszug, Rosmarin-Hydrolat*, Gr\u00fcner Tee- Extrakt *, Zitronens\u00e4ureester, Glycerinfetts\u00e4ureester, Glycerin-Stearin-Zitronens\u00e4ureester, Weingeist, Sorbitol, hydriertes Lecithin, hydriertes Kokos\u00f6l, Xanthan, Mischung \u00e4therischer \u00d6le, d-Limonen, Linalool, Citronellol, Geraniol, Citral *Inhaltsstoffe aus kontrolliert biologischem&#8230;<\/p>\n","protected":false},"featured_media":4289,"template":"","meta":{"_kad_post_transparent":"","_kad_post_title":"","_kad_post_layout":"","_kad_post_sidebar_id":"","_kad_post_content_style":"","_kad_post_vertical_padding":"","_kad_post_feature":"","_kad_post_feature_position":"","_kad_post_header":false,"_kad_post_footer":false,"_kad_post_classname":""},"product_brand":[],"product_cat":[192,152,76],"product_tag":[],"class_list":{"0":"post-4292","1":"product","2":"type-product","3":"status-publish","4":"has-post-thumbnail","6":"product_cat-deodorants-de","7":"product_cat-eubonia-de","8":"product_cat-koerper","10":"first","11":"instock","12":"shipping-taxable","13":"purchasable","14":"product-type-simple","15":"entry","16":"content-bg","17":"loop-entry"},"_links":{"self":[{"href":"https:\/\/sourcenaturelle.eu\/de\/wp-json\/wp\/v2\/product\/4292","targetHints":{"allow":["GET"]}}],"collection":[{"href":"https:\/\/sourcenaturelle.eu\/de\/wp-json\/wp\/v2\/product"}],"about":[{"href":"https:\/\/sourcenaturelle.eu\/de\/wp-json\/wp\/v2\/types\/product"}],"wp:featuredmedia":[{"embeddable":true,"href":"https:\/\/sourcenaturelle.eu\/de\/wp-json\/wp\/v2\/media\/4289"}],"wp:attachment":[{"href":"https:\/\/sourcenaturelle.eu\/de\/wp-json\/wp\/v2\/media?parent=4292"}],"wp:term":[{"taxonomy":"product_brand","embeddable":true,"href":"https:\/\/sourcenaturelle.eu\/de\/wp-json\/wp\/v2\/product_brand?post=4292"},{"taxonomy":"product_cat","embeddable":true,"href":"https:\/\/sourcenaturelle.eu\/de\/wp-json\/wp\/v2\/product_cat?post=4292"},{"taxonomy":"product_tag","embeddable":true,"href":"https:\/\/sourcenaturelle.eu\/de\/wp-json\/wp\/v2\/product_tag?post=4292"}],"curies":[{"name":"wp","href":"https:\/\/api.w.org\/{rel}","templated":true}]}}