{"id":4284,"date":"2021-07-02T22:51:51","date_gmt":"2021-07-02T22:51:51","guid":{"rendered":"https:\/\/sourcenaturelle.eu\/product\/eubiona-fusscreme-50ml\/"},"modified":"2021-07-02T22:51:51","modified_gmt":"2021-07-02T22:51:51","slug":"eubiona-fusscreme-50ml","status":"publish","type":"product","link":"https:\/\/sourcenaturelle.eu\/de\/produkt\/eubiona-fusscreme-50ml\/","title":{"rendered":"Eubiona Fusscreme, 50ml"},"content":{"rendered":"<p>Salbei-Extrakt eignet sich besonders zur intensiven Pflege der F\u00fc\u00dfe. Salbei ist schwei\u00dfhemmend und f\u00f6rdert die Durchblutung. Die an den F\u00fc\u00dfen oft spr\u00f6de und raue Haut wird wieder glatt und geschmeidig.<\/p>\n<p>Inhaltsstoffe:<br \/>\nW\u00e4ssrig-alkoholischer Salbei-Auszug*, Soja\u00f6l*, nat\u00fcrliches Glycerin, Glycerin- Stearin-Zitronens\u00e4ureester, Alkohol, Triglyceride, Bienenwachs, hydrierte Kokosglyceride, Sheabutter*, Jojoba\u00f6l*, Salbei-Extrakt*, Oliven\u00f6l*, Weidenrinden-Extrakt, Xanthan, nat\u00fcrlicher Feuchtigkeitsfaktor Sodium Lactate, Milchs\u00e4ure, nat\u00fcrliches Vitamin E, Mischung \u00e4therischer \u00d6le, d-Limonen, Linalool, Citronellol, Geraniol, Citral<br \/>\n* Inhaltsstoffe aus kontrolliert biologischem Anbau<\/p>\n<p>100 % der gesamten Inhaltsstoffe sind nat\u00fcrlichen Ursprungs<br \/>\n12 % der gesamten Inhaltsstoffe sind aus kontrolliert biologischem Anbau<br \/>\n96 % der pflanzlichen Inhaltsstoffe sind aus kontrolliert biologischem Anbau<\/p>\n","protected":false},"excerpt":{"rendered":"<p>Salbei-Extrakt eignet sich besonders zur intensiven Pflege der F\u00fc\u00dfe. Salbei ist schwei\u00dfhemmend und f\u00f6rdert die Durchblutung. Die an den F\u00fc\u00dfen oft spr\u00f6de und raue Haut wird wieder glatt und geschmeidig. Inhaltsstoffe: W\u00e4ssrig-alkoholischer Salbei-Auszug*, Soja\u00f6l*, nat\u00fcrliches Glycerin, Glycerin- Stearin-Zitronens\u00e4ureester, Alkohol, Triglyceride, Bienenwachs, hydrierte Kokosglyceride, Sheabutter*, Jojoba\u00f6l*, Salbei-Extrakt*, Oliven\u00f6l*, Weidenrinden-Extrakt, Xanthan, nat\u00fcrlicher Feuchtigkeitsfaktor Sodium Lactate, Milchs\u00e4ure, nat\u00fcrliches&#8230;<\/p>\n","protected":false},"featured_media":4281,"template":"","meta":{"_kad_post_transparent":"","_kad_post_title":"","_kad_post_layout":"","_kad_post_sidebar_id":"","_kad_post_content_style":"","_kad_post_vertical_padding":"","_kad_post_feature":"","_kad_post_feature_position":"","_kad_post_header":false,"_kad_post_footer":false,"_kad_post_classname":""},"product_brand":[],"product_cat":[152,195,76],"product_tag":[],"class_list":{"0":"post-4284","1":"product","2":"type-product","3":"status-publish","4":"has-post-thumbnail","6":"product_cat-eubonia-de","7":"product_cat-hautpflege","8":"product_cat-koerper","10":"first","11":"instock","12":"shipping-taxable","13":"purchasable","14":"product-type-simple","15":"entry","16":"content-bg","17":"loop-entry"},"_links":{"self":[{"href":"https:\/\/sourcenaturelle.eu\/de\/wp-json\/wp\/v2\/product\/4284","targetHints":{"allow":["GET"]}}],"collection":[{"href":"https:\/\/sourcenaturelle.eu\/de\/wp-json\/wp\/v2\/product"}],"about":[{"href":"https:\/\/sourcenaturelle.eu\/de\/wp-json\/wp\/v2\/types\/product"}],"wp:featuredmedia":[{"embeddable":true,"href":"https:\/\/sourcenaturelle.eu\/de\/wp-json\/wp\/v2\/media\/4281"}],"wp:attachment":[{"href":"https:\/\/sourcenaturelle.eu\/de\/wp-json\/wp\/v2\/media?parent=4284"}],"wp:term":[{"taxonomy":"product_brand","embeddable":true,"href":"https:\/\/sourcenaturelle.eu\/de\/wp-json\/wp\/v2\/product_brand?post=4284"},{"taxonomy":"product_cat","embeddable":true,"href":"https:\/\/sourcenaturelle.eu\/de\/wp-json\/wp\/v2\/product_cat?post=4284"},{"taxonomy":"product_tag","embeddable":true,"href":"https:\/\/sourcenaturelle.eu\/de\/wp-json\/wp\/v2\/product_tag?post=4284"}],"curies":[{"name":"wp","href":"https:\/\/api.w.org\/{rel}","templated":true}]}}