{"id":4271,"date":"2021-07-02T22:33:06","date_gmt":"2021-07-02T22:33:06","guid":{"rendered":"https:\/\/sourcenaturelle.eu\/product\/eubiona-deo-roll-on-aloe-vera-50ml-de\/"},"modified":"2021-07-02T22:33:06","modified_gmt":"2021-07-02T22:33:06","slug":"eubiona-deo-roll-on-aloe-vera-50ml-de","status":"publish","type":"product","link":"https:\/\/sourcenaturelle.eu\/de\/produkt\/eubiona-deo-roll-on-aloe-vera-50ml-de\/","title":{"rendered":"Eubiona Deo Roll-On Aloe Vera, 50ml"},"content":{"rendered":"<p>Diese cremig-sanfte Deo Roll-On-Lotion bietet zuverl\u00e4ssige und lang anhaltende Desodorierung und sorgt den ganzen Tag f\u00fcr ein wohltuendes Frischegef\u00fchl. Aloe Vera k\u00fchlt und beruhigt die Haut besonders nach der Rasur. Bio-Granatapfel optimiert die Rezeptur und bietet auch bei empfindlicher Haut Schutz.<\/p>\n<p>Inhaltsstoffe:<br \/>\nW\u00e4ssrig-alkoholischer Aloe Vera-Auszug*, Sheabutter*, hydriertes Kokos\u00f6l, Jojoba\u00f6l*, Sanddornblatt-Extrakt*, Zitronens\u00e4ureester, Alkohol, Aloe Vera- Extrakt*, Granatapfel-Hydrolat*, Melissen-Hydrolat*, Hamamelis-Hydrolat, Lecithin, hydriertes Lecithin, nat\u00fcrliches Vitamin E, Bisabolol, Glycerin, Xanthan, Triglyceride, Mischung \u00e4therischer \u00d6le, Limonen, Linalool, Citronellol<br \/>\n* Inhaltsstoffe aus kontrolliert biologischem Anbau<\/p>\n<p>100 % der gesamten Inhaltsstoffe sind nat\u00fcrlichen Ursprungs<br \/>\n12 % der gesamten Inhaltsstoffe sind aus kontrolliert biologischem Anbau<br \/>\n97 % der pflanzlichen Inhaltsstoffe sind aus kontrolliert biologischem Anbau<\/p>\n","protected":false},"excerpt":{"rendered":"<p>Diese cremig-sanfte Deo Roll-On-Lotion bietet zuverl\u00e4ssige und lang anhaltende Desodorierung und sorgt den ganzen Tag f\u00fcr ein wohltuendes Frischegef\u00fchl. Aloe Vera k\u00fchlt und beruhigt die Haut besonders nach der Rasur. Bio-Granatapfel optimiert die Rezeptur und bietet auch bei empfindlicher Haut Schutz. Inhaltsstoffe: W\u00e4ssrig-alkoholischer Aloe Vera-Auszug*, Sheabutter*, hydriertes Kokos\u00f6l, Jojoba\u00f6l*, Sanddornblatt-Extrakt*, Zitronens\u00e4ureester, Alkohol, Aloe Vera- Extrakt*,&#8230;<\/p>\n","protected":false},"featured_media":4276,"template":"","meta":{"_kad_post_transparent":"","_kad_post_title":"","_kad_post_layout":"","_kad_post_sidebar_id":"","_kad_post_content_style":"","_kad_post_vertical_padding":"","_kad_post_feature":"","_kad_post_feature_position":"","_kad_post_header":false,"_kad_post_footer":false,"_kad_post_classname":""},"product_brand":[],"product_cat":[192,152,76],"product_tag":[],"class_list":{"0":"post-4271","1":"product","2":"type-product","3":"status-publish","4":"has-post-thumbnail","6":"product_cat-deodorants-de","7":"product_cat-eubonia-de","8":"product_cat-koerper","10":"first","11":"instock","12":"shipping-taxable","13":"purchasable","14":"product-type-simple","15":"entry","16":"content-bg","17":"loop-entry"},"_links":{"self":[{"href":"https:\/\/sourcenaturelle.eu\/de\/wp-json\/wp\/v2\/product\/4271","targetHints":{"allow":["GET"]}}],"collection":[{"href":"https:\/\/sourcenaturelle.eu\/de\/wp-json\/wp\/v2\/product"}],"about":[{"href":"https:\/\/sourcenaturelle.eu\/de\/wp-json\/wp\/v2\/types\/product"}],"wp:featuredmedia":[{"embeddable":true,"href":"https:\/\/sourcenaturelle.eu\/de\/wp-json\/wp\/v2\/media\/4276"}],"wp:attachment":[{"href":"https:\/\/sourcenaturelle.eu\/de\/wp-json\/wp\/v2\/media?parent=4271"}],"wp:term":[{"taxonomy":"product_brand","embeddable":true,"href":"https:\/\/sourcenaturelle.eu\/de\/wp-json\/wp\/v2\/product_brand?post=4271"},{"taxonomy":"product_cat","embeddable":true,"href":"https:\/\/sourcenaturelle.eu\/de\/wp-json\/wp\/v2\/product_cat?post=4271"},{"taxonomy":"product_tag","embeddable":true,"href":"https:\/\/sourcenaturelle.eu\/de\/wp-json\/wp\/v2\/product_tag?post=4271"}],"curies":[{"name":"wp","href":"https:\/\/api.w.org\/{rel}","templated":true}]}}