{"id":4263,"date":"2021-07-02T22:21:30","date_gmt":"2021-07-02T22:21:30","guid":{"rendered":"https:\/\/sourcenaturelle.eu\/product\/eubiona-aloe-vera-duschgel-200ml\/"},"modified":"2021-07-02T22:21:30","modified_gmt":"2021-07-02T22:21:30","slug":"eubiona-aloe-vera-duschgel-200ml","status":"publish","type":"product","link":"https:\/\/sourcenaturelle.eu\/de\/produkt\/eubiona-aloe-vera-duschgel-200ml\/","title":{"rendered":"Eubiona Aloe Vera Duschgel, 200ml"},"content":{"rendered":"<p>mit Granatapfel &#8211; feuchtigkeitsspendend<br \/>\nDieses Duschgel bietet eine sehr gute Pflege mit einem hohen Feuchtigkeitspotenzial. Aloe Vera und Granatapfel bringen der Haut k\u00fchlende, belebende Frische. Der Feuchtigkeitshaushalt der Haut wird reguliert.<\/p>\n<p>Anwendung:<br \/>\nDie sanfte Reinigungsformel eignet sich f\u00fcr alle Hauttypen und kann problemlos mehrmals t\u00e4glich angewendet werden.<\/p>\n<p>Inhaltsstoffe:<br \/>\nW\u00e4ssrig-alkoholischer Aloe Vera-Auszug*, Lauryl Glucosid, Aloe Vera- Hydrolat*, Kokosfetts\u00e4ure Glutamat, Granatapfel-Hydrolat*, Kokosglucoside, Sorbitol, Meersalz, Stabilisierungsmittel, Betain, nat\u00fcrlicher Feuchtigkeitsfaktor Sodium PCA, Weingeist, Mischung \u00e4therischer \u00d6le, d-Limonen, Linalool, Citronellol, Zitronens\u00e4ure, Phytins\u00e4ure<br \/>\n*Inhaltsstoffe aus kontrolliert biologischem Anbau<\/p>\n<p>100 % der gesamten Inhaltsstoffe sind nat\u00fcrlichen Ursprungs<br \/>\n10 % der gesamten Inhaltsstoffe sind aus kontrolliert biologischem Anbau<br \/>\n96 % der pflanzlichen Inhaltsstoffe sind aus kontrolliert biologischem Anbau<\/p>\n","protected":false},"excerpt":{"rendered":"<p>mit Granatapfel &#8211; feuchtigkeitsspendend Dieses Duschgel bietet eine sehr gute Pflege mit einem hohen Feuchtigkeitspotenzial. Aloe Vera und Granatapfel bringen der Haut k\u00fchlende, belebende Frische. Der Feuchtigkeitshaushalt der Haut wird reguliert. Anwendung: Die sanfte Reinigungsformel eignet sich f\u00fcr alle Hauttypen und kann problemlos mehrmals t\u00e4glich angewendet werden. Inhaltsstoffe: W\u00e4ssrig-alkoholischer Aloe Vera-Auszug*, Lauryl Glucosid, Aloe Vera-&#8230;<\/p>\n","protected":false},"featured_media":4260,"template":"","meta":{"_kad_post_transparent":"","_kad_post_title":"","_kad_post_layout":"","_kad_post_sidebar_id":"","_kad_post_content_style":"","_kad_post_vertical_padding":"","_kad_post_feature":"","_kad_post_feature_position":"","_kad_post_header":false,"_kad_post_footer":false,"_kad_post_classname":""},"product_brand":[],"product_cat":[189,152,118,76,121],"product_tag":[],"class_list":{"0":"post-4263","1":"product","2":"type-product","3":"status-publish","4":"has-post-thumbnail","6":"product_cat-bad-dusche","7":"product_cat-eubonia-de","8":"product_cat-kinder","9":"product_cat-koerper","10":"product_cat-koerperpflege","12":"first","13":"instock","14":"shipping-taxable","15":"purchasable","16":"product-type-simple","17":"entry","18":"content-bg","19":"loop-entry"},"_links":{"self":[{"href":"https:\/\/sourcenaturelle.eu\/de\/wp-json\/wp\/v2\/product\/4263","targetHints":{"allow":["GET"]}}],"collection":[{"href":"https:\/\/sourcenaturelle.eu\/de\/wp-json\/wp\/v2\/product"}],"about":[{"href":"https:\/\/sourcenaturelle.eu\/de\/wp-json\/wp\/v2\/types\/product"}],"wp:featuredmedia":[{"embeddable":true,"href":"https:\/\/sourcenaturelle.eu\/de\/wp-json\/wp\/v2\/media\/4260"}],"wp:attachment":[{"href":"https:\/\/sourcenaturelle.eu\/de\/wp-json\/wp\/v2\/media?parent=4263"}],"wp:term":[{"taxonomy":"product_brand","embeddable":true,"href":"https:\/\/sourcenaturelle.eu\/de\/wp-json\/wp\/v2\/product_brand?post=4263"},{"taxonomy":"product_cat","embeddable":true,"href":"https:\/\/sourcenaturelle.eu\/de\/wp-json\/wp\/v2\/product_cat?post=4263"},{"taxonomy":"product_tag","embeddable":true,"href":"https:\/\/sourcenaturelle.eu\/de\/wp-json\/wp\/v2\/product_tag?post=4263"}],"curies":[{"name":"wp","href":"https:\/\/api.w.org\/{rel}","templated":true}]}}