{"id":4176,"date":"2021-07-01T06:11:28","date_gmt":"2021-07-01T06:11:28","guid":{"rendered":"https:\/\/sourcenaturelle.eu\/product\/eubiona-aloe-vera-lippenbalsam-4g\/"},"modified":"2021-07-01T06:11:28","modified_gmt":"2021-07-01T06:11:28","slug":"eubiona-aloe-vera-lippenbalsam-4g","status":"publish","type":"product","link":"https:\/\/sourcenaturelle.eu\/de\/produkt\/eubiona-aloe-vera-lippenbalsam-4g\/","title":{"rendered":"Eubiona Aloe Vera Lippenbalsam, 4g"},"content":{"rendered":"<p>Der feuchtigkeitsspendende Aloe Vera-Extrakt pflegt und sch\u00fctzt empfindliche Lippen.<\/p>\n<p>Anwendung:<br \/>\nBei Bedarf mehrmals t\u00e4glich auftragen.<\/p>\n<p>Inhaltsstoffe:<br \/>\nKakaobutter*, Oliven\u00f6l*, Bienenwachs, Aloe Vera-\u00d6l, Rizinus\u00f6l, Jojoba\u00f6l*, Sheabutter*, Kokos\u00f6l, Polyglycerinfetts\u00e4ureester, nat\u00fcrliches Vitamin E,<br \/>\nVanille\u00f6l, Sanddorn\u00f6l*<br \/>\n* Inhaltsstoffe aus kontrolliert biologischem Anbau<\/p>\n<p>100 % der gesamten Inhaltsstoffe sind nat\u00fcrlichen Ursprungs<br \/>\n68 % der gesamten Inhaltsstoffe sind aus kontrolliert biologischem Anbau<br \/>\n95 % der pflanzlichen Inhaltsstoffe sind aus kontrolliert biologischem Anbau<\/p>\n","protected":false},"excerpt":{"rendered":"<p>Der feuchtigkeitsspendende Aloe Vera-Extrakt pflegt und sch\u00fctzt empfindliche Lippen. Anwendung: Bei Bedarf mehrmals t\u00e4glich auftragen. Inhaltsstoffe: Kakaobutter*, Oliven\u00f6l*, Bienenwachs, Aloe Vera-\u00d6l, Rizinus\u00f6l, Jojoba\u00f6l*, Sheabutter*, Kokos\u00f6l, Polyglycerinfetts\u00e4ureester, nat\u00fcrliches Vitamin E, Vanille\u00f6l, Sanddorn\u00f6l* * Inhaltsstoffe aus kontrolliert biologischem Anbau 100 % der gesamten Inhaltsstoffe sind nat\u00fcrlichen Ursprungs 68 % der gesamten Inhaltsstoffe sind aus kontrolliert biologischem Anbau&#8230;<\/p>\n","protected":false},"featured_media":4253,"template":"","meta":{"_kad_post_transparent":"","_kad_post_title":"","_kad_post_layout":"","_kad_post_sidebar_id":"","_kad_post_content_style":"","_kad_post_vertical_padding":"","_kad_post_feature":"","_kad_post_feature_position":"","_kad_post_header":false,"_kad_post_footer":false,"_kad_post_classname":""},"product_brand":[],"product_cat":[201,152,94],"product_tag":[],"class_list":{"0":"post-4176","1":"product","2":"type-product","3":"status-publish","4":"has-post-thumbnail","6":"product_cat-augen-lippen","7":"product_cat-eubonia-de","8":"product_cat-gesicht","10":"first","11":"instock","12":"shipping-taxable","13":"purchasable","14":"product-type-simple","15":"entry","16":"content-bg","17":"loop-entry"},"_links":{"self":[{"href":"https:\/\/sourcenaturelle.eu\/de\/wp-json\/wp\/v2\/product\/4176","targetHints":{"allow":["GET"]}}],"collection":[{"href":"https:\/\/sourcenaturelle.eu\/de\/wp-json\/wp\/v2\/product"}],"about":[{"href":"https:\/\/sourcenaturelle.eu\/de\/wp-json\/wp\/v2\/types\/product"}],"wp:featuredmedia":[{"embeddable":true,"href":"https:\/\/sourcenaturelle.eu\/de\/wp-json\/wp\/v2\/media\/4253"}],"wp:attachment":[{"href":"https:\/\/sourcenaturelle.eu\/de\/wp-json\/wp\/v2\/media?parent=4176"}],"wp:term":[{"taxonomy":"product_brand","embeddable":true,"href":"https:\/\/sourcenaturelle.eu\/de\/wp-json\/wp\/v2\/product_brand?post=4176"},{"taxonomy":"product_cat","embeddable":true,"href":"https:\/\/sourcenaturelle.eu\/de\/wp-json\/wp\/v2\/product_cat?post=4176"},{"taxonomy":"product_tag","embeddable":true,"href":"https:\/\/sourcenaturelle.eu\/de\/wp-json\/wp\/v2\/product_tag?post=4176"}],"curies":[{"name":"wp","href":"https:\/\/api.w.org\/{rel}","templated":true}]}}