{"id":4155,"date":"2021-07-01T05:53:14","date_gmt":"2021-07-01T05:53:14","guid":{"rendered":"https:\/\/sourcenaturelle.eu\/product\/eubiona-aloe-vera-gesichtswasser-100ml\/"},"modified":"2021-07-01T05:55:40","modified_gmt":"2021-07-01T05:55:40","slug":"eubiona-aloe-vera-gesichtswasser-100ml","status":"publish","type":"product","link":"https:\/\/sourcenaturelle.eu\/de\/produkt\/eubiona-aloe-vera-gesichtswasser-100ml\/","title":{"rendered":"Eubiona Aloe Vera Gesichtswasser, 100ml"},"content":{"rendered":"<p>Die sanfte Reinigung f\u00fcr feuchtigkeitsarme Haut. Aloe Vera- Extrakt erfrischt die Haut bei der t\u00e4glichen Reinigung ohne sie auszutrocknen. Granatapfel-Hydrolat belebt die Haut.<br \/>\nInhalt\t100 ml<br \/>\nHerkunft\tDeutschland (DE)<br \/>\nInhaltsstoffe\tW\u00e4ssrig-alkohl.Aloe Vera Auszug*, Aloehydrolat*, Granatapfelhydrolat*, Hamamelishydrolat, Alkohol, Hyalurons\u00e4ure, Mischung \u00e4therischer \u00d6le, Limonen, Linalool, Citronellol *aus kontrolliert biologischem Anbau<br \/>\nBio-Qualit\u00e4t\tEcocert Biokosmetik<\/p>\n","protected":false},"excerpt":{"rendered":"<p>Die sanfte Reinigung f\u00fcr feuchtigkeitsarme Haut. Aloe Vera- Extrakt erfrischt die Haut bei der t\u00e4glichen Reinigung ohne sie auszutrocknen. Granatapfel-Hydrolat belebt die Haut. Inhalt 100 ml Herkunft Deutschland (DE) Inhaltsstoffe W\u00e4ssrig-alkohl.Aloe Vera Auszug*, Aloehydrolat*, Granatapfelhydrolat*, Hamamelishydrolat, Alkohol, Hyalurons\u00e4ure, Mischung \u00e4therischer \u00d6le, Limonen, Linalool, Citronellol *aus kontrolliert biologischem Anbau Bio-Qualit\u00e4t Ecocert Biokosmetik<\/p>\n","protected":false},"featured_media":4241,"template":"","meta":{"_kad_post_transparent":"","_kad_post_title":"","_kad_post_layout":"","_kad_post_sidebar_id":"","_kad_post_content_style":"","_kad_post_vertical_padding":"","_kad_post_feature":"","_kad_post_feature_position":"","_kad_post_header":false,"_kad_post_footer":false,"_kad_post_classname":""},"product_brand":[],"product_cat":[152,94,198],"product_tag":[],"class_list":{"0":"post-4155","1":"product","2":"type-product","3":"status-publish","4":"has-post-thumbnail","6":"product_cat-eubonia-de","7":"product_cat-gesicht","8":"product_cat-gesichtsreinigung","10":"first","11":"instock","12":"shipping-taxable","13":"purchasable","14":"product-type-simple","15":"entry","16":"content-bg","17":"loop-entry"},"_links":{"self":[{"href":"https:\/\/sourcenaturelle.eu\/de\/wp-json\/wp\/v2\/product\/4155","targetHints":{"allow":["GET"]}}],"collection":[{"href":"https:\/\/sourcenaturelle.eu\/de\/wp-json\/wp\/v2\/product"}],"about":[{"href":"https:\/\/sourcenaturelle.eu\/de\/wp-json\/wp\/v2\/types\/product"}],"wp:featuredmedia":[{"embeddable":true,"href":"https:\/\/sourcenaturelle.eu\/de\/wp-json\/wp\/v2\/media\/4241"}],"wp:attachment":[{"href":"https:\/\/sourcenaturelle.eu\/de\/wp-json\/wp\/v2\/media?parent=4155"}],"wp:term":[{"taxonomy":"product_brand","embeddable":true,"href":"https:\/\/sourcenaturelle.eu\/de\/wp-json\/wp\/v2\/product_brand?post=4155"},{"taxonomy":"product_cat","embeddable":true,"href":"https:\/\/sourcenaturelle.eu\/de\/wp-json\/wp\/v2\/product_cat?post=4155"},{"taxonomy":"product_tag","embeddable":true,"href":"https:\/\/sourcenaturelle.eu\/de\/wp-json\/wp\/v2\/product_tag?post=4155"}],"curies":[{"name":"wp","href":"https:\/\/api.w.org\/{rel}","templated":true}]}}