{"id":4152,"date":"2021-07-01T05:42:35","date_gmt":"2021-07-01T05:42:35","guid":{"rendered":"https:\/\/sourcenaturelle.eu\/product\/eubiona-aloe-vera-nachtcreme-50ml\/"},"modified":"2021-07-01T05:42:35","modified_gmt":"2021-07-01T05:42:35","slug":"eubiona-aloe-vera-nachtcreme-50ml","status":"publish","type":"product","link":"https:\/\/sourcenaturelle.eu\/de\/produkt\/eubiona-aloe-vera-nachtcreme-50ml\/","title":{"rendered":"Eubiona Aloe Vera Nachtcreme, 50ml"},"content":{"rendered":"<p>mit Granatapfel \u2013 f\u00fcr normale und fettende Haut<br \/>\nAloe Vera- und Granatapfel-Extrakte beruhigen die normale und fettende Haut. Diese Nachtcreme spendet Feuchtigkeit, ist straffend und unterst\u00fctzt die nat\u00fcrliche Hauterneuerung. Besonders empfehlenswert zur Intensivpflege.<\/p>\n<p>Anwendung:<br \/>\nZur Nachtpflege der anspruchsvollen Haut. Nach der Hautreinigung d\u00fcnn auftragen und sanft einmassieren.<\/p>\n<p>Inhaltsstoffe:<br \/>\nW\u00e4ssrig-alkoholischer Aloe Vera-Auszug*, Soja\u00f6l*, Glycerin, Glycerinfetts\u00e4ureester, Weingeist, hydrierte Kokosglyceride, Oliven\u00f6l*, Sheabutter*, Triglyceride, Aloe Vera-Extrakt*, S\u00fc\u00dfe Mandel\u00f6l*, Jojoba\u00f6l*, Granatapfel-Extrakt*, Gr\u00fcner Tee-Extrakt*, Nachtkerzen\u00f6l*, nat\u00fcrliches Vitamin E, Squalan, hydriertes Lecithin, Xanthan, Stearins\u00e4ure, Mischung \u00e4therischer \u00d6le, d-Limonen, Linalool, Citronellol<br \/>\n* Inhaltsstoffe aus kontrolliert biologischem Anbau<\/p>\n<p>100 % der gesamten Inhaltsstoffe sind nat\u00fcrlichen Ursprungs<br \/>\n15 % der gesamten Inhaltsstoffe sind aus kontrolliert biologischem Anbau<br \/>\n98 % der pflanzlichen Inhaltsstoffe sind aus kontrolliert biologischem Anbau<\/p>\n","protected":false},"excerpt":{"rendered":"<p>mit Granatapfel \u2013 f\u00fcr normale und fettende Haut<\/p>\n","protected":false},"featured_media":4245,"template":"","meta":{"_kad_post_transparent":"","_kad_post_title":"","_kad_post_layout":"","_kad_post_sidebar_id":"","_kad_post_content_style":"","_kad_post_vertical_padding":"","_kad_post_feature":"","_kad_post_feature_position":"","_kad_post_header":false,"_kad_post_footer":false,"_kad_post_classname":""},"product_brand":[],"product_cat":[152,204,94],"product_tag":[],"class_list":{"0":"post-4152","1":"product","2":"type-product","3":"status-publish","4":"has-post-thumbnail","6":"product_cat-eubonia-de","7":"product_cat-feuchtigkeitspflege","8":"product_cat-gesicht","10":"first","11":"instock","12":"shipping-taxable","13":"purchasable","14":"product-type-simple","15":"entry","16":"content-bg","17":"loop-entry"},"_links":{"self":[{"href":"https:\/\/sourcenaturelle.eu\/de\/wp-json\/wp\/v2\/product\/4152","targetHints":{"allow":["GET"]}}],"collection":[{"href":"https:\/\/sourcenaturelle.eu\/de\/wp-json\/wp\/v2\/product"}],"about":[{"href":"https:\/\/sourcenaturelle.eu\/de\/wp-json\/wp\/v2\/types\/product"}],"wp:featuredmedia":[{"embeddable":true,"href":"https:\/\/sourcenaturelle.eu\/de\/wp-json\/wp\/v2\/media\/4245"}],"wp:attachment":[{"href":"https:\/\/sourcenaturelle.eu\/de\/wp-json\/wp\/v2\/media?parent=4152"}],"wp:term":[{"taxonomy":"product_brand","embeddable":true,"href":"https:\/\/sourcenaturelle.eu\/de\/wp-json\/wp\/v2\/product_brand?post=4152"},{"taxonomy":"product_cat","embeddable":true,"href":"https:\/\/sourcenaturelle.eu\/de\/wp-json\/wp\/v2\/product_cat?post=4152"},{"taxonomy":"product_tag","embeddable":true,"href":"https:\/\/sourcenaturelle.eu\/de\/wp-json\/wp\/v2\/product_tag?post=4152"}],"curies":[{"name":"wp","href":"https:\/\/api.w.org\/{rel}","templated":true}]}}