{"id":4144,"date":"2021-07-01T05:26:12","date_gmt":"2021-07-01T05:26:12","guid":{"rendered":"https:\/\/sourcenaturelle.eu\/product\/eubiona-aloe-vera-gel-50ml-de\/"},"modified":"2021-07-01T05:26:12","modified_gmt":"2021-07-01T05:26:12","slug":"eubiona-aloe-vera-gel-50ml-de","status":"publish","type":"product","link":"https:\/\/sourcenaturelle.eu\/de\/produkt\/eubiona-aloe-vera-gel-50ml-de\/","title":{"rendered":"Eubiona Aloe Vera Gel, 50ml"},"content":{"rendered":"<p>mit Liposomen \u2013 f\u00fcr normale und trockene Haut<br \/>\nAloe Vera-Extrakt erfrischt feuchtigkeitsarme, trockene Haut und ist straffend bei fettender Haut. Zus\u00e4tzlichen Schutz und intensive Pflege erh\u00e4lt die Haut durch die Lecithinliposome. Ideal geeignet zur Tagespflege oder nach dem Sonnenbad.<\/p>\n<p>Anwendung:<br \/>\nEine kleine Menge Aloe Vera Gel sanft in die Gesichtshaut einmassieren und ca. 5 Minuten einwirken lassen. Anschlie\u00dfend kann die Aloe Vera Tagescreme aufgetragen werden.<\/p>\n<p>Inhaltsstoffe:<br \/>\nW\u00e4ssrig-alkoholischer Aloe Vera-Auszug*, Aloe-Extrakt*, Weingeist, nat\u00fcrliches Glycerin, Xanthan, Jojoba\u00f6l*, Hyalurons\u00e4ure, Lecithinliposome, nat\u00fcrliches Vitamin E, Mischung \u00e4therischer \u00d6le, d-Limonen, Linalool, Citronellol, Geraniol, Citral<br \/>\n* Inhaltsstoffe aus kontrolliert biologischem Anbau<\/p>\n<p>100 % der gesamten Inhaltsstoffe sind nat\u00fcrlichen Ursprungs<br \/>\n12 % der gesamten Inhaltsstoffe sind aus kontrolliert biologischem Anbau<br \/>\n97 % der pflanzlichen Inhaltsstoffe sind aus kontrolliert biologischem Anbau<\/p>\n","protected":false},"excerpt":{"rendered":"<p>mit Liposomen \u2013 f\u00fcr normale und trockene Haut<\/p>\n","protected":false},"featured_media":4229,"template":"","meta":{"_kad_post_transparent":"","_kad_post_title":"","_kad_post_layout":"","_kad_post_sidebar_id":"","_kad_post_content_style":"","_kad_post_vertical_padding":"","_kad_post_feature":"","_kad_post_feature_position":"","_kad_post_header":false,"_kad_post_footer":false,"_kad_post_classname":""},"product_brand":[],"product_cat":[152,204,94],"product_tag":[],"class_list":{"0":"post-4144","1":"product","2":"type-product","3":"status-publish","4":"has-post-thumbnail","6":"product_cat-eubonia-de","7":"product_cat-feuchtigkeitspflege","8":"product_cat-gesicht","10":"first","11":"instock","12":"shipping-taxable","13":"purchasable","14":"product-type-simple","15":"entry","16":"content-bg","17":"loop-entry"},"_links":{"self":[{"href":"https:\/\/sourcenaturelle.eu\/de\/wp-json\/wp\/v2\/product\/4144","targetHints":{"allow":["GET"]}}],"collection":[{"href":"https:\/\/sourcenaturelle.eu\/de\/wp-json\/wp\/v2\/product"}],"about":[{"href":"https:\/\/sourcenaturelle.eu\/de\/wp-json\/wp\/v2\/types\/product"}],"wp:featuredmedia":[{"embeddable":true,"href":"https:\/\/sourcenaturelle.eu\/de\/wp-json\/wp\/v2\/media\/4229"}],"wp:attachment":[{"href":"https:\/\/sourcenaturelle.eu\/de\/wp-json\/wp\/v2\/media?parent=4144"}],"wp:term":[{"taxonomy":"product_brand","embeddable":true,"href":"https:\/\/sourcenaturelle.eu\/de\/wp-json\/wp\/v2\/product_brand?post=4144"},{"taxonomy":"product_cat","embeddable":true,"href":"https:\/\/sourcenaturelle.eu\/de\/wp-json\/wp\/v2\/product_cat?post=4144"},{"taxonomy":"product_tag","embeddable":true,"href":"https:\/\/sourcenaturelle.eu\/de\/wp-json\/wp\/v2\/product_tag?post=4144"}],"curies":[{"name":"wp","href":"https:\/\/api.w.org\/{rel}","templated":true}]}}