{"id":4140,"date":"2021-06-30T15:41:08","date_gmt":"2021-06-30T15:41:08","guid":{"rendered":"https:\/\/sourcenaturelle.eu\/product\/eubiona-aloe-vera-waschgel-125ml\/"},"modified":"2021-06-30T15:41:08","modified_gmt":"2021-06-30T15:41:08","slug":"eubiona-aloe-vera-waschgel-125ml","status":"publish","type":"product","link":"https:\/\/sourcenaturelle.eu\/de\/produkt\/eubiona-aloe-vera-waschgel-125ml\/","title":{"rendered":"Eubiona Aloe Vera Waschgel, 125ml"},"content":{"rendered":"<p>Granatapfel &#8211; f\u00fcr jeden Hauttyp<br \/>\nSanftes Waschgel f\u00fcr die t\u00e4gliche Reinigung. Aloe Vera und Granatapfel spenden Feuchtigkeit, beruhigen die Haut und helfen dem Feuchtigkeitshaushalt zu normalisieren. Auch ideal zur Make-Up Entfernung. Auch f\u00fcr sensible Haut geeignet.<br \/>\nAnwendung: Morgens und abends auf die feuchte Haut von Gesicht und  Dekollet\u00e9 auftragen. Mit reichlich warmem Wasser abwaschen. Danach die Haut wie gewohnt pflegen.<\/p>\n<p>Inhaltsstoffe: w\u00e4ssrig alkoholischer Aloe Vera Auszug*, mildes Tensid (Kokosglucoside), Aloe Vera Hydrolat*, Granatapfelhydrolat*, Glycerin, Alkohol, Kokosfetts\u00e4ure Glutamat, Xanthan, Aloe Vera Puderkonzentrat*, Gr\u00fcner Tee Hydrolat, Echinacea-Extrakt, Zitronens\u00e4ure, Mischung \u00e4therischer \u00d6le, Natriumcitrat, Limonen, Citral, Linalool<br \/>\n* Inhaltsstoffe aus kontrolliert biologischem Anbau<\/p>\n<p>100 % der gesamten Inhaltsstoffe sind nat\u00fcrlichen Ursprungs<br \/>\n11 % der gesamten Inhaltsstoffe sind aus kontrolliert biologischem Anbau<br \/>\n100 % der pflanzlichen Inhaltsstoffe sind aus kontrolliert biologischem Anbau<\/p>\n","protected":false},"excerpt":{"rendered":"<p>F\u00fcr jeden Hauttyp<\/p>\n","protected":false},"featured_media":4233,"template":"","meta":{"_kad_post_transparent":"","_kad_post_title":"","_kad_post_layout":"","_kad_post_sidebar_id":"","_kad_post_content_style":"","_kad_post_vertical_padding":"","_kad_post_feature":"","_kad_post_feature_position":"","_kad_post_header":false,"_kad_post_footer":false,"_kad_post_classname":""},"product_brand":[],"product_cat":[152,94,198],"product_tag":[],"class_list":{"0":"post-4140","1":"product","2":"type-product","3":"status-publish","4":"has-post-thumbnail","6":"product_cat-eubonia-de","7":"product_cat-gesicht","8":"product_cat-gesichtsreinigung","10":"first","11":"instock","12":"shipping-taxable","13":"purchasable","14":"product-type-simple","15":"entry","16":"content-bg","17":"loop-entry"},"_links":{"self":[{"href":"https:\/\/sourcenaturelle.eu\/de\/wp-json\/wp\/v2\/product\/4140","targetHints":{"allow":["GET"]}}],"collection":[{"href":"https:\/\/sourcenaturelle.eu\/de\/wp-json\/wp\/v2\/product"}],"about":[{"href":"https:\/\/sourcenaturelle.eu\/de\/wp-json\/wp\/v2\/types\/product"}],"wp:featuredmedia":[{"embeddable":true,"href":"https:\/\/sourcenaturelle.eu\/de\/wp-json\/wp\/v2\/media\/4233"}],"wp:attachment":[{"href":"https:\/\/sourcenaturelle.eu\/de\/wp-json\/wp\/v2\/media?parent=4140"}],"wp:term":[{"taxonomy":"product_brand","embeddable":true,"href":"https:\/\/sourcenaturelle.eu\/de\/wp-json\/wp\/v2\/product_brand?post=4140"},{"taxonomy":"product_cat","embeddable":true,"href":"https:\/\/sourcenaturelle.eu\/de\/wp-json\/wp\/v2\/product_cat?post=4140"},{"taxonomy":"product_tag","embeddable":true,"href":"https:\/\/sourcenaturelle.eu\/de\/wp-json\/wp\/v2\/product_tag?post=4140"}],"curies":[{"name":"wp","href":"https:\/\/api.w.org\/{rel}","templated":true}]}}