{"id":4087,"date":"2021-06-30T00:22:43","date_gmt":"2021-06-30T00:22:43","guid":{"rendered":"https:\/\/sourcenaturelle.eu\/product\/eco-cosmetics-babykids-body-lotion-200ml-de\/"},"modified":"2021-06-30T00:22:43","modified_gmt":"2021-06-30T00:22:43","slug":"eco-cosmetics-babykids-body-lotion-200ml-de","status":"publish","type":"product","link":"https:\/\/sourcenaturelle.eu\/de\/produkt\/eco-cosmetics-babykids-body-lotion-200ml-de\/","title":{"rendered":"Eco cosmetics Baby&#038;Kids Body Lotion, 200ml"},"content":{"rendered":"<p>Mit Granatapfelextrakt und Sanddorn<br \/>\nDie Baby &#038; Kids Lotion ist speziell entwickelt f\u00fcr die sensible Baby- und Kinderhaut. Reine \u00d6le aus Bio Oliven und Bio Sanddorn sch\u00fctzen die zarte Babyhaut. Sheabutter und Jojoba\u00f6l aus kbA sorgen f\u00fcr intensive Pflege und helfen R\u00f6tungen und Reizungen zu lindern. Wertvolle Granatapfel-Extrakte aus biologischem Anbau schenken dem K\u00f6rper besonders viel Feuchtigkeit und beugen trockenen Hautstellen vor. Die Haut bleibt glatt und geschmeidig, besonders nach einem ausgiebigen Bad oder einem Strandtag. Nat\u00fcrliche \u00c4therische \u00d6le verleihen einen milden Duft.<\/p>\n","protected":false},"excerpt":{"rendered":"<p>Mit Granatapfelextrakt und Sanddorn Die Baby &#038; Kids Lotion ist speziell entwickelt f\u00fcr die sensible Baby- und Kinderhaut. Reine \u00d6le aus Bio Oliven und Bio Sanddorn sch\u00fctzen die zarte Babyhaut. Sheabutter und Jojoba\u00f6l aus kbA sorgen f\u00fcr intensive Pflege und helfen R\u00f6tungen und Reizungen zu lindern. Wertvolle Granatapfel-Extrakte aus biologischem Anbau schenken dem K\u00f6rper besonders&#8230;<\/p>\n","protected":false},"featured_media":4085,"template":"","meta":{"_kad_post_transparent":"","_kad_post_title":"","_kad_post_layout":"","_kad_post_sidebar_id":"","_kad_post_content_style":"","_kad_post_vertical_padding":"","_kad_post_feature":"","_kad_post_feature_position":"","_kad_post_header":false,"_kad_post_footer":false,"_kad_post_classname":""},"product_brand":[],"product_cat":[91,195,118,76,121],"product_tag":[],"class_list":{"0":"post-4087","1":"product","2":"type-product","3":"status-publish","4":"has-post-thumbnail","6":"product_cat-eco-cosmetics-de","7":"product_cat-hautpflege","8":"product_cat-kinder","9":"product_cat-koerper","10":"product_cat-koerperpflege","12":"first","13":"instock","14":"shipping-taxable","15":"purchasable","16":"product-type-simple","17":"entry","18":"content-bg","19":"loop-entry"},"_links":{"self":[{"href":"https:\/\/sourcenaturelle.eu\/de\/wp-json\/wp\/v2\/product\/4087","targetHints":{"allow":["GET"]}}],"collection":[{"href":"https:\/\/sourcenaturelle.eu\/de\/wp-json\/wp\/v2\/product"}],"about":[{"href":"https:\/\/sourcenaturelle.eu\/de\/wp-json\/wp\/v2\/types\/product"}],"wp:featuredmedia":[{"embeddable":true,"href":"https:\/\/sourcenaturelle.eu\/de\/wp-json\/wp\/v2\/media\/4085"}],"wp:attachment":[{"href":"https:\/\/sourcenaturelle.eu\/de\/wp-json\/wp\/v2\/media?parent=4087"}],"wp:term":[{"taxonomy":"product_brand","embeddable":true,"href":"https:\/\/sourcenaturelle.eu\/de\/wp-json\/wp\/v2\/product_brand?post=4087"},{"taxonomy":"product_cat","embeddable":true,"href":"https:\/\/sourcenaturelle.eu\/de\/wp-json\/wp\/v2\/product_cat?post=4087"},{"taxonomy":"product_tag","embeddable":true,"href":"https:\/\/sourcenaturelle.eu\/de\/wp-json\/wp\/v2\/product_tag?post=4087"}],"curies":[{"name":"wp","href":"https:\/\/api.w.org\/{rel}","templated":true}]}}