{"id":4074,"date":"2021-06-30T00:11:32","date_gmt":"2021-06-30T00:11:32","guid":{"rendered":"https:\/\/sourcenaturelle.eu\/product\/eco-cosmetics-baby-shampoo-duschgel-200ml\/"},"modified":"2021-06-30T00:11:32","modified_gmt":"2021-06-30T00:11:32","slug":"eco-cosmetics-baby-shampoo-duschgel-200ml","status":"publish","type":"product","link":"https:\/\/sourcenaturelle.eu\/de\/produkt\/eco-cosmetics-baby-shampoo-duschgel-200ml\/","title":{"rendered":"Eco cosmetics Baby Shampoo\/Duschgel, 200ml"},"content":{"rendered":"<p>Mit Granatapfelextrakt und Sanddorn<\/p>\n<p>Auch die empfindliche Haut an Kopf und K\u00f6rper wird schonend gepflegt. Wertvolle Granatapfel Extrakte aus biologischem Anbau schenken der zarten Haut besonders viel Feuchtigkeit und bewahrt sie vor dem Austrocknen. Reiner Sanddornblattextrakt aus kbA beruhigt die empfindliche Haut und unterst\u00fctzt die noch nicht voll entwickelte Hautfunktion. Nat\u00fcrliche \u00c4therische \u00d6le verleihen einen milden Duft, die t\u00e4gliche Dusche wird zum reinen Vergn\u00fcgen!<\/p>\n","protected":false},"excerpt":{"rendered":"<p>Mit Granatapfelextrakt und Sanddorn Auch die empfindliche Haut an Kopf und K\u00f6rper wird schonend gepflegt. Wertvolle Granatapfel Extrakte aus biologischem Anbau schenken der zarten Haut besonders viel Feuchtigkeit und bewahrt sie vor dem Austrocknen. Reiner Sanddornblattextrakt aus kbA beruhigt die empfindliche Haut und unterst\u00fctzt die noch nicht voll entwickelte Hautfunktion. Nat\u00fcrliche \u00c4therische \u00d6le verleihen einen&#8230;<\/p>\n","protected":false},"featured_media":4072,"template":"","meta":{"_kad_post_transparent":"","_kad_post_title":"","_kad_post_layout":"","_kad_post_sidebar_id":"","_kad_post_content_style":"","_kad_post_vertical_padding":"","_kad_post_feature":"","_kad_post_feature_position":"","_kad_post_header":false,"_kad_post_footer":false,"_kad_post_classname":""},"product_brand":[],"product_cat":[189,124,91,118,76],"product_tag":[],"class_list":{"0":"post-4074","1":"product","2":"type-product","3":"status-publish","4":"has-post-thumbnail","6":"product_cat-bad-dusche","7":"product_cat-dusche-shampoo","8":"product_cat-eco-cosmetics-de","9":"product_cat-kinder","10":"product_cat-koerper","12":"first","13":"instock","14":"shipping-taxable","15":"purchasable","16":"product-type-simple","17":"entry","18":"content-bg","19":"loop-entry"},"_links":{"self":[{"href":"https:\/\/sourcenaturelle.eu\/de\/wp-json\/wp\/v2\/product\/4074","targetHints":{"allow":["GET"]}}],"collection":[{"href":"https:\/\/sourcenaturelle.eu\/de\/wp-json\/wp\/v2\/product"}],"about":[{"href":"https:\/\/sourcenaturelle.eu\/de\/wp-json\/wp\/v2\/types\/product"}],"wp:featuredmedia":[{"embeddable":true,"href":"https:\/\/sourcenaturelle.eu\/de\/wp-json\/wp\/v2\/media\/4072"}],"wp:attachment":[{"href":"https:\/\/sourcenaturelle.eu\/de\/wp-json\/wp\/v2\/media?parent=4074"}],"wp:term":[{"taxonomy":"product_brand","embeddable":true,"href":"https:\/\/sourcenaturelle.eu\/de\/wp-json\/wp\/v2\/product_brand?post=4074"},{"taxonomy":"product_cat","embeddable":true,"href":"https:\/\/sourcenaturelle.eu\/de\/wp-json\/wp\/v2\/product_cat?post=4074"},{"taxonomy":"product_tag","embeddable":true,"href":"https:\/\/sourcenaturelle.eu\/de\/wp-json\/wp\/v2\/product_tag?post=4074"}],"curies":[{"name":"wp","href":"https:\/\/api.w.org\/{rel}","templated":true}]}}