{"id":4066,"date":"2021-06-30T00:02:55","date_gmt":"2021-06-30T00:02:55","guid":{"rendered":"https:\/\/sourcenaturelle.eu\/product\/eco-cosmetics-zahncreme-75ml\/"},"modified":"2021-06-30T00:02:55","modified_gmt":"2021-06-30T00:02:55","slug":"eco-cosmetics-zahncreme-75ml","status":"publish","type":"product","link":"https:\/\/sourcenaturelle.eu\/de\/produkt\/eco-cosmetics-zahncreme-75ml\/","title":{"rendered":"Eco cosmetics Zahncreme, 75ml"},"content":{"rendered":"<p>Mit Schwarzk\u00fcmmel \u2013 Frische und Pflege ohne Pfefferminz, geeignet w\u00e4hrend hom\u00f6opathischer Behandlung<\/p>\n<p>Die Schwarzk\u00fcmmelsamen werden seit uralten Zeiten zur St\u00e4rkung des Immunsystems verwendet. Das gewonnene \u00d6l* enth\u00e4lt wertvolle, mehrfach unges\u00e4ttigte Fetts\u00e4uren, welche in der Zahncreme integriert bei Zahnfleischproblemen sehr zu empfehlen sind. Die gelungene Mischung aus Salbei* und gr\u00fcnem Tee* reinigt gr\u00fcndlich die Z\u00e4hne und beugt Karies und Zahnstein vor. Die mit Carvon angereichte, leichtsch\u00e4umende Zahncreme sorgt f\u00fcr einen angenehmen, frischen Geschmack. Reine mineralische Kiesels\u00e4ure reinigt sanft und greift den Zahnschmelz nicht an. Die Mundflora bleibt gesund und gesch\u00fctzt.<\/p>\n","protected":false},"excerpt":{"rendered":"<p>Mit Schwarzk\u00fcmmel \u2013 Frische und Pflege ohne Pfefferminz, geeignet w\u00e4hrend hom\u00f6opathischer Behandlung Die Schwarzk\u00fcmmelsamen werden seit uralten Zeiten zur St\u00e4rkung des Immunsystems verwendet. Das gewonnene \u00d6l* enth\u00e4lt wertvolle, mehrfach unges\u00e4ttigte Fetts\u00e4uren, welche in der Zahncreme integriert bei Zahnfleischproblemen sehr zu empfehlen sind. Die gelungene Mischung aus Salbei* und gr\u00fcnem Tee* reinigt gr\u00fcndlich die Z\u00e4hne und&#8230;<\/p>\n","protected":false},"featured_media":4064,"template":"","meta":{"_kad_post_transparent":"","_kad_post_title":"","_kad_post_layout":"","_kad_post_sidebar_id":"","_kad_post_content_style":"","_kad_post_vertical_padding":"","_kad_post_feature":"","_kad_post_feature_position":"","_kad_post_header":false,"_kad_post_footer":false,"_kad_post_classname":""},"product_brand":[],"product_cat":[91,94,207],"product_tag":[],"class_list":{"0":"post-4066","1":"product","2":"type-product","3":"status-publish","4":"has-post-thumbnail","6":"product_cat-eco-cosmetics-de","7":"product_cat-gesicht","8":"product_cat-mundpflege","10":"first","11":"instock","12":"shipping-taxable","13":"purchasable","14":"product-type-simple","15":"entry","16":"content-bg","17":"loop-entry"},"_links":{"self":[{"href":"https:\/\/sourcenaturelle.eu\/de\/wp-json\/wp\/v2\/product\/4066","targetHints":{"allow":["GET"]}}],"collection":[{"href":"https:\/\/sourcenaturelle.eu\/de\/wp-json\/wp\/v2\/product"}],"about":[{"href":"https:\/\/sourcenaturelle.eu\/de\/wp-json\/wp\/v2\/types\/product"}],"wp:featuredmedia":[{"embeddable":true,"href":"https:\/\/sourcenaturelle.eu\/de\/wp-json\/wp\/v2\/media\/4064"}],"wp:attachment":[{"href":"https:\/\/sourcenaturelle.eu\/de\/wp-json\/wp\/v2\/media?parent=4066"}],"wp:term":[{"taxonomy":"product_brand","embeddable":true,"href":"https:\/\/sourcenaturelle.eu\/de\/wp-json\/wp\/v2\/product_brand?post=4066"},{"taxonomy":"product_cat","embeddable":true,"href":"https:\/\/sourcenaturelle.eu\/de\/wp-json\/wp\/v2\/product_cat?post=4066"},{"taxonomy":"product_tag","embeddable":true,"href":"https:\/\/sourcenaturelle.eu\/de\/wp-json\/wp\/v2\/product_tag?post=4066"}],"curies":[{"name":"wp","href":"https:\/\/api.w.org\/{rel}","templated":true}]}}