{"id":4058,"date":"2021-06-29T23:54:30","date_gmt":"2021-06-29T23:54:30","guid":{"rendered":"https:\/\/sourcenaturelle.eu\/product\/eco-cosmetics-deo-roll-on-fresh-50ml-de\/"},"modified":"2021-06-29T23:54:30","modified_gmt":"2021-06-29T23:54:30","slug":"eco-cosmetics-deo-roll-on-fresh-50ml-de","status":"publish","type":"product","link":"https:\/\/sourcenaturelle.eu\/de\/produkt\/eco-cosmetics-deo-roll-on-fresh-50ml-de\/","title":{"rendered":"Eco cosmetics Deo Roll-On Fresh, 50ml"},"content":{"rendered":"<p>Mit Granatapfel und Goji Beere ohne Aluminiumsalze<\/p>\n<p>Er pflegt die Haut und reguliert die Schwei\u00dfproduktion. Ein sofortiges Gef\u00fchl von Frische und Sicherheit entsteht. Die optimale Kombination aus Granatapfel* und Goji Beeren* bieten einen zuverl\u00e4ssigen Deo-Schutz. Besonders sanft zu empfindlicher Achselhaut. Langanhaltender Schutz \u2013 bis zu 24Std.<\/p>\n","protected":false},"excerpt":{"rendered":"<p>Mit Granatapfel und Goji Beere ohne Aluminiumsalze Er pflegt die Haut und reguliert die Schwei\u00dfproduktion. Ein sofortiges Gef\u00fchl von Frische und Sicherheit entsteht. Die optimale Kombination aus Granatapfel* und Goji Beeren* bieten einen zuverl\u00e4ssigen Deo-Schutz. Besonders sanft zu empfindlicher Achselhaut. Langanhaltender Schutz \u2013 bis zu 24Std.<\/p>\n","protected":false},"featured_media":4080,"template":"","meta":{"_kad_post_transparent":"","_kad_post_title":"","_kad_post_layout":"","_kad_post_sidebar_id":"","_kad_post_content_style":"","_kad_post_vertical_padding":"","_kad_post_feature":"","_kad_post_feature_position":"","_kad_post_header":false,"_kad_post_footer":false,"_kad_post_classname":""},"product_brand":[],"product_cat":[192,91,76],"product_tag":[],"class_list":{"0":"post-4058","1":"product","2":"type-product","3":"status-publish","4":"has-post-thumbnail","6":"product_cat-deodorants-de","7":"product_cat-eco-cosmetics-de","8":"product_cat-koerper","10":"first","11":"instock","12":"shipping-taxable","13":"purchasable","14":"product-type-simple","15":"entry","16":"content-bg","17":"loop-entry"},"_links":{"self":[{"href":"https:\/\/sourcenaturelle.eu\/de\/wp-json\/wp\/v2\/product\/4058","targetHints":{"allow":["GET"]}}],"collection":[{"href":"https:\/\/sourcenaturelle.eu\/de\/wp-json\/wp\/v2\/product"}],"about":[{"href":"https:\/\/sourcenaturelle.eu\/de\/wp-json\/wp\/v2\/types\/product"}],"wp:featuredmedia":[{"embeddable":true,"href":"https:\/\/sourcenaturelle.eu\/de\/wp-json\/wp\/v2\/media\/4080"}],"wp:attachment":[{"href":"https:\/\/sourcenaturelle.eu\/de\/wp-json\/wp\/v2\/media?parent=4058"}],"wp:term":[{"taxonomy":"product_brand","embeddable":true,"href":"https:\/\/sourcenaturelle.eu\/de\/wp-json\/wp\/v2\/product_brand?post=4058"},{"taxonomy":"product_cat","embeddable":true,"href":"https:\/\/sourcenaturelle.eu\/de\/wp-json\/wp\/v2\/product_cat?post=4058"},{"taxonomy":"product_tag","embeddable":true,"href":"https:\/\/sourcenaturelle.eu\/de\/wp-json\/wp\/v2\/product_tag?post=4058"}],"curies":[{"name":"wp","href":"https:\/\/api.w.org\/{rel}","templated":true}]}}