{"id":4026,"date":"2021-06-29T23:24:37","date_gmt":"2021-06-29T23:24:37","guid":{"rendered":"https:\/\/sourcenaturelle.eu\/product\/eco-cosmetics-pflegelotion-200ml\/"},"modified":"2021-06-29T23:24:37","modified_gmt":"2021-06-29T23:24:37","slug":"eco-cosmetics-pflegelotion-200ml","status":"publish","type":"product","link":"https:\/\/sourcenaturelle.eu\/de\/produkt\/eco-cosmetics-pflegelotion-200ml\/","title":{"rendered":"Eco cosmetics Pflegelotion, 200ml"},"content":{"rendered":"<p>Mit Olivenblatt und Granatapfel<\/p>\n<p>Reichhaltige K\u00f6rperpflege \u2013 gibt der Haut wieder Spannkraft und bewahrt ihre nat\u00fcrliche Elastizit\u00e4t. Granatapfel-Extrakte* sorgen f\u00fcr den Erhalt des Feuchtigkeitshaushaltes. Olivenblatt* und Jojoba\u00f6l* kombiniert mit Sheabutter* pflegen Ihre Haut samtweich. Mit Vitamin E und Antioxidantien angereichert, spendet die Pflegelotion Ihrer Haut Feuchtigkeit und sch\u00fctzt sie vor freien Radikalen. F\u00fcr trockene und sensible Haut.<\/p>\n","protected":false},"excerpt":{"rendered":"<p>F\u00fcr trockene und sensible Haut.<\/p>\n","protected":false},"featured_media":4024,"template":"","meta":{"_kad_post_transparent":"","_kad_post_title":"","_kad_post_layout":"","_kad_post_sidebar_id":"","_kad_post_content_style":"","_kad_post_vertical_padding":"","_kad_post_feature":"","_kad_post_feature_position":"","_kad_post_header":false,"_kad_post_footer":false,"_kad_post_classname":""},"product_brand":[],"product_cat":[91,195,76],"product_tag":[],"class_list":{"0":"post-4026","1":"product","2":"type-product","3":"status-publish","4":"has-post-thumbnail","6":"product_cat-eco-cosmetics-de","7":"product_cat-hautpflege","8":"product_cat-koerper","10":"first","11":"onbackorder","12":"shipping-taxable","13":"purchasable","14":"product-type-simple","15":"entry","16":"content-bg","17":"loop-entry"},"_links":{"self":[{"href":"https:\/\/sourcenaturelle.eu\/de\/wp-json\/wp\/v2\/product\/4026","targetHints":{"allow":["GET"]}}],"collection":[{"href":"https:\/\/sourcenaturelle.eu\/de\/wp-json\/wp\/v2\/product"}],"about":[{"href":"https:\/\/sourcenaturelle.eu\/de\/wp-json\/wp\/v2\/types\/product"}],"wp:featuredmedia":[{"embeddable":true,"href":"https:\/\/sourcenaturelle.eu\/de\/wp-json\/wp\/v2\/media\/4024"}],"wp:attachment":[{"href":"https:\/\/sourcenaturelle.eu\/de\/wp-json\/wp\/v2\/media?parent=4026"}],"wp:term":[{"taxonomy":"product_brand","embeddable":true,"href":"https:\/\/sourcenaturelle.eu\/de\/wp-json\/wp\/v2\/product_brand?post=4026"},{"taxonomy":"product_cat","embeddable":true,"href":"https:\/\/sourcenaturelle.eu\/de\/wp-json\/wp\/v2\/product_cat?post=4026"},{"taxonomy":"product_tag","embeddable":true,"href":"https:\/\/sourcenaturelle.eu\/de\/wp-json\/wp\/v2\/product_tag?post=4026"}],"curies":[{"name":"wp","href":"https:\/\/api.w.org\/{rel}","templated":true}]}}