{"id":4010,"date":"2021-06-29T23:09:35","date_gmt":"2021-06-29T23:09:35","guid":{"rendered":"https:\/\/sourcenaturelle.eu\/product\/eco-cosmetics-repair-shampoo-200ml-de\/"},"modified":"2021-06-29T23:09:35","modified_gmt":"2021-06-29T23:09:35","slug":"eco-cosmetics-repair-shampoo-200ml-de","status":"publish","type":"product","link":"https:\/\/sourcenaturelle.eu\/de\/produkt\/eco-cosmetics-repair-shampoo-200ml-de\/","title":{"rendered":"Eco cosmetics Repair Shampoo, 200ml"},"content":{"rendered":"<p>Mit Myrte, Gingko und Jojoba, f\u00fcr trockenes Haar<\/p>\n<p>Pflegt trockene und br\u00fcchige Haare. Die mit Ginkgo* angereichte Formel revitalisiert die Haare und sch\u00fctzt die Kopfhaut. Dank wertvoller Myrte* Extrakte bleibt die Kopfhaut zart und wird vor dem Austrocknen bewahrt. Die Haare werden gl\u00e4nzend und sind leicht zu k\u00e4mmen. Jojoba* reduziert Spliss. Empfohlen f\u00fcr br\u00fcchiges, spr\u00f6des Haar.<\/p>\n","protected":false},"excerpt":{"rendered":"<p>Empfohlen f\u00fcr br\u00fcchiges, spr\u00f6des Haar.<\/p>\n","protected":false},"featured_media":4008,"template":"","meta":{"_kad_post_transparent":"","_kad_post_title":"","_kad_post_layout":"","_kad_post_sidebar_id":"","_kad_post_content_style":"","_kad_post_vertical_padding":"","_kad_post_feature":"","_kad_post_feature_position":"","_kad_post_header":false,"_kad_post_footer":false,"_kad_post_classname":""},"product_brand":[],"product_cat":[91,106,210],"product_tag":[],"class_list":{"0":"post-4010","1":"product","2":"type-product","3":"status-publish","4":"has-post-thumbnail","6":"product_cat-eco-cosmetics-de","7":"product_cat-haare","8":"product_cat-shampoo-spulung","10":"first","11":"instock","12":"shipping-taxable","13":"purchasable","14":"product-type-simple","15":"entry","16":"content-bg","17":"loop-entry"},"_links":{"self":[{"href":"https:\/\/sourcenaturelle.eu\/de\/wp-json\/wp\/v2\/product\/4010","targetHints":{"allow":["GET"]}}],"collection":[{"href":"https:\/\/sourcenaturelle.eu\/de\/wp-json\/wp\/v2\/product"}],"about":[{"href":"https:\/\/sourcenaturelle.eu\/de\/wp-json\/wp\/v2\/types\/product"}],"wp:featuredmedia":[{"embeddable":true,"href":"https:\/\/sourcenaturelle.eu\/de\/wp-json\/wp\/v2\/media\/4008"}],"wp:attachment":[{"href":"https:\/\/sourcenaturelle.eu\/de\/wp-json\/wp\/v2\/media?parent=4010"}],"wp:term":[{"taxonomy":"product_brand","embeddable":true,"href":"https:\/\/sourcenaturelle.eu\/de\/wp-json\/wp\/v2\/product_brand?post=4010"},{"taxonomy":"product_cat","embeddable":true,"href":"https:\/\/sourcenaturelle.eu\/de\/wp-json\/wp\/v2\/product_cat?post=4010"},{"taxonomy":"product_tag","embeddable":true,"href":"https:\/\/sourcenaturelle.eu\/de\/wp-json\/wp\/v2\/product_tag?post=4010"}],"curies":[{"name":"wp","href":"https:\/\/api.w.org\/{rel}","templated":true}]}}