{"id":4002,"date":"2021-06-29T23:03:53","date_gmt":"2021-06-29T23:03:53","guid":{"rendered":"https:\/\/sourcenaturelle.eu\/product\/eco-cosmetics-volumen-shampoo-200ml\/"},"modified":"2021-06-29T23:03:53","modified_gmt":"2021-06-29T23:03:53","slug":"eco-cosmetics-volumen-shampoo-200ml","status":"publish","type":"product","link":"https:\/\/sourcenaturelle.eu\/de\/produkt\/eco-cosmetics-volumen-shampoo-200ml\/","title":{"rendered":"Eco cosmetics Volumen Shampoo, 200ml"},"content":{"rendered":"<p>Mit Lindenbl\u00fcte und Kiwi, f\u00fcr jeden Haartyp<\/p>\n<p>Gibt dem Haar Glanz, Volumen und Vitalt\u00e4t. Die mit Lindenbl\u00fcten* und Kiwi angereichte Formel pflegt besonders sensible Kopfhaut und revitalisiert feines und d\u00fcnnes Haar. Empfohlen f\u00fcr jeden Haartyp.<\/p>\n","protected":false},"excerpt":{"rendered":"<p>F\u00fcr jeden Haartyp<\/p>\n","protected":false},"featured_media":4000,"template":"","meta":{"_kad_post_transparent":"","_kad_post_title":"","_kad_post_layout":"","_kad_post_sidebar_id":"","_kad_post_content_style":"","_kad_post_vertical_padding":"","_kad_post_feature":"","_kad_post_feature_position":"","_kad_post_header":false,"_kad_post_footer":false,"_kad_post_classname":""},"product_brand":[],"product_cat":[91,106,210],"product_tag":[],"class_list":{"0":"post-4002","1":"product","2":"type-product","3":"status-publish","4":"has-post-thumbnail","6":"product_cat-eco-cosmetics-de","7":"product_cat-haare","8":"product_cat-shampoo-spulung","10":"first","11":"instock","12":"shipping-taxable","13":"purchasable","14":"product-type-simple","15":"entry","16":"content-bg","17":"loop-entry"},"_links":{"self":[{"href":"https:\/\/sourcenaturelle.eu\/de\/wp-json\/wp\/v2\/product\/4002","targetHints":{"allow":["GET"]}}],"collection":[{"href":"https:\/\/sourcenaturelle.eu\/de\/wp-json\/wp\/v2\/product"}],"about":[{"href":"https:\/\/sourcenaturelle.eu\/de\/wp-json\/wp\/v2\/types\/product"}],"wp:featuredmedia":[{"embeddable":true,"href":"https:\/\/sourcenaturelle.eu\/de\/wp-json\/wp\/v2\/media\/4000"}],"wp:attachment":[{"href":"https:\/\/sourcenaturelle.eu\/de\/wp-json\/wp\/v2\/media?parent=4002"}],"wp:term":[{"taxonomy":"product_brand","embeddable":true,"href":"https:\/\/sourcenaturelle.eu\/de\/wp-json\/wp\/v2\/product_brand?post=4002"},{"taxonomy":"product_cat","embeddable":true,"href":"https:\/\/sourcenaturelle.eu\/de\/wp-json\/wp\/v2\/product_cat?post=4002"},{"taxonomy":"product_tag","embeddable":true,"href":"https:\/\/sourcenaturelle.eu\/de\/wp-json\/wp\/v2\/product_tag?post=4002"}],"curies":[{"name":"wp","href":"https:\/\/api.w.org\/{rel}","templated":true}]}}