{"id":3986,"date":"2021-06-29T22:45:36","date_gmt":"2021-06-29T22:45:36","guid":{"rendered":"https:\/\/sourcenaturelle.eu\/product\/eco-cosmetics-korperol-mit-mueckenschleier\/"},"modified":"2021-06-29T22:45:36","modified_gmt":"2021-06-29T22:45:36","slug":"eco-cosmetics-korperol-mit-mueckenschleier","status":"publish","type":"product","link":"https:\/\/sourcenaturelle.eu\/de\/produkt\/eco-cosmetics-korperol-mit-mueckenschleier\/","title":{"rendered":"Eco cosmetics K\u00f6rper\u00f6l mit M\u00fcckenschleier, 100ml"},"content":{"rendered":"<p>eco cosmetics hat f\u00fcr Sie ein K\u00f6rper\u00f6l entwickelt, das Ihre Haut pflegt und sie gleichzeitig mit einem M\u00fcckenschleier belegt. Dieses Konzept basiert auf einer traditionellen Rezeptur von Heilpraktikern. Die Basis bildet Jojoba\u00f6l*, ein fl\u00fcssiges, pflanzliches Wachs. Es ist reich an ungesa\u0308ttigten Fetts\u00e4uren, Vitamin E und Spurenelementen. Es hinterl\u00e4sst einen feinen Film auf der Haut und sch\u00fctzt so vor Feuchtigkeitsverlust und pflegt die Haut.<br \/>\nDer Duft dieses M\u00fccken-Repellents erinnert an Zimt mit einer Citrus-Note und besteht u.a. aus \u00e4therischen Citrus- und Eukalyptus\u00f6len.<br \/>\nDie Stechm\u00fccken nehmen den nat\u00fcrlichen K\u00f6rperduft des Menschen nicht mehr wahr. Wie bei allen Produkten, die mit Hilfe Ihres Duftes vor M\u00fcckenstichen bewahren sollen, ist Effizienz und Dauer von mehreren Faktoren abh\u00e4ngig, wie z.B. Auftragsmenge, pers\u00f6nlicher Geruch, Luftfeuchtigkeit, Wind oder Temperatur. Dementsprechend ist zwar eine sehr hohe, aber keine 100%ige Abwehrfunktion gegeben.<br \/>\nIn der Regel h\u00e4lt es ca. 1,5 bis 2 Stunden, dann sollte man es erneut auftragen, da die \u00e4therischen \u00d6le mit der Zeit verfliegen.<br \/>\nDie praktische Flasche ermo\u0308glicht eine sparsame und gezielte Anwendung. Auch f\u00fcr Kinder und sensible Haut geeignet.<br \/>\n* Inhaltsstoffe aus kontrolliert biologischem Anbau<\/p>\n<p>Anwendung: In ausreichender Menge und wiederholt auftragen; Augenpartie aussparen. L\u00e4sst sich sehr leicht und gleichm\u00e4\u00dfig<br \/>\nverteilen. D\u00fcnn auf die Haut auftragen.<br \/>\nBesonderheiten:<br \/>\nM\u00fcckenabwehr f\u00fcr jeden Hauttyp geeignet, auch fu\u0308r Kinder. F\u00fcr K\u00f6rper und Gesicht geeignet. Durch den speziellen Duft irritiert es Stechm\u00fccken, die den nat\u00fcrlichen K\u00f6rperduft nicht mehr wahrnehmen. Beinhaltet keine synthetischen Insektizide und stellt keine Gefahr fu\u0308r die Umwelt dar.<br \/>\nDie spezielle Flasche erm\u00f6glicht eine sparsame und gezielte Anwendung. L\u00e4sst sich leicht dosieren und hinterl\u00e4sst ein geschmeidiges Hautgef\u00fchl. Enth\u00e4lt Bestandteile aus Citrus und Eukalyptus! Nur zur \u00e4u\u00dferen Anwendung!<br \/>\nKontakt mit Augen und Schleimh\u00e4uten vermeiden! Abf\u00e4rbung m\u00f6glich!<\/p>\n","protected":false},"excerpt":{"rendered":"<p>eco cosmetics hat f\u00fcr Sie ein K\u00f6rper\u00f6l entwickelt, das Ihre Haut pflegt und sie gleichzeitig mit einem M\u00fcckenschleier belegt. Dieses Konzept basiert auf einer traditionellen Rezeptur von Heilpraktikern. Die Basis bildet Jojoba\u00f6l*, ein fl\u00fcssiges, pflanzliches Wachs. Es ist reich an ungesa\u0308ttigten Fetts\u00e4uren, Vitamin E und Spurenelementen. Es hinterl\u00e4sst einen feinen Film auf der Haut und&#8230;<\/p>\n","protected":false},"featured_media":3984,"template":"","meta":{"_kad_post_transparent":"","_kad_post_title":"","_kad_post_layout":"","_kad_post_sidebar_id":"","_kad_post_content_style":"","_kad_post_vertical_padding":"","_kad_post_feature":"","_kad_post_feature_position":"","_kad_post_header":false,"_kad_post_footer":false,"_kad_post_classname":""},"product_brand":[],"product_cat":[91,195,76],"product_tag":[],"class_list":{"0":"post-3986","1":"product","2":"type-product","3":"status-publish","4":"has-post-thumbnail","6":"product_cat-eco-cosmetics-de","7":"product_cat-hautpflege","8":"product_cat-koerper","10":"first","11":"instock","12":"shipping-taxable","13":"purchasable","14":"product-type-simple","15":"entry","16":"content-bg","17":"loop-entry"},"_links":{"self":[{"href":"https:\/\/sourcenaturelle.eu\/de\/wp-json\/wp\/v2\/product\/3986","targetHints":{"allow":["GET"]}}],"collection":[{"href":"https:\/\/sourcenaturelle.eu\/de\/wp-json\/wp\/v2\/product"}],"about":[{"href":"https:\/\/sourcenaturelle.eu\/de\/wp-json\/wp\/v2\/types\/product"}],"wp:featuredmedia":[{"embeddable":true,"href":"https:\/\/sourcenaturelle.eu\/de\/wp-json\/wp\/v2\/media\/3984"}],"wp:attachment":[{"href":"https:\/\/sourcenaturelle.eu\/de\/wp-json\/wp\/v2\/media?parent=3986"}],"wp:term":[{"taxonomy":"product_brand","embeddable":true,"href":"https:\/\/sourcenaturelle.eu\/de\/wp-json\/wp\/v2\/product_brand?post=3986"},{"taxonomy":"product_cat","embeddable":true,"href":"https:\/\/sourcenaturelle.eu\/de\/wp-json\/wp\/v2\/product_cat?post=3986"},{"taxonomy":"product_tag","embeddable":true,"href":"https:\/\/sourcenaturelle.eu\/de\/wp-json\/wp\/v2\/product_tag?post=3986"}],"curies":[{"name":"wp","href":"https:\/\/api.w.org\/{rel}","templated":true}]}}