{"id":3962,"date":"2021-06-29T22:22:10","date_gmt":"2021-06-29T22:22:10","guid":{"rendered":"https:\/\/sourcenaturelle.eu\/product\/eco-cosmetics-waschgel-125ml\/"},"modified":"2021-06-29T22:22:10","modified_gmt":"2021-06-29T22:22:10","slug":"eco-cosmetics-waschgel-125ml","status":"publish","type":"product","link":"https:\/\/sourcenaturelle.eu\/de\/produkt\/eco-cosmetics-waschgel-125ml\/","title":{"rendered":"Eco cosmetics Waschgel, 125ml"},"content":{"rendered":"<p>Mit gr\u00fcnem Tee und Weinblatt, f\u00fcr jeden Hauttyp<\/p>\n<p>Gr\u00fcndliche Tiefenreinigung und gute Pflegeeigenschaften lassen die Haut rein, samtig und geschmeidig erscheinen. Weinbl\u00e4tter,  Olivenbl\u00e4tter und Gr\u00fcner Tee sorgen f\u00fcr Feuchtigkeit. Besonders empfehlenswert bei fettender Haut.<\/p>\n","protected":false},"excerpt":{"rendered":"<p>F\u00fcr jeden Hauttyp<\/p>\n","protected":false},"featured_media":3960,"template":"","meta":{"_kad_post_transparent":"","_kad_post_title":"","_kad_post_layout":"","_kad_post_sidebar_id":"","_kad_post_content_style":"","_kad_post_vertical_padding":"","_kad_post_feature":"","_kad_post_feature_position":"","_kad_post_header":false,"_kad_post_footer":false,"_kad_post_classname":""},"product_brand":[],"product_cat":[91,94,198],"product_tag":[],"class_list":{"0":"post-3962","1":"product","2":"type-product","3":"status-publish","4":"has-post-thumbnail","6":"product_cat-eco-cosmetics-de","7":"product_cat-gesicht","8":"product_cat-gesichtsreinigung","10":"first","11":"instock","12":"shipping-taxable","13":"purchasable","14":"product-type-simple","15":"entry","16":"content-bg","17":"loop-entry"},"_links":{"self":[{"href":"https:\/\/sourcenaturelle.eu\/de\/wp-json\/wp\/v2\/product\/3962","targetHints":{"allow":["GET"]}}],"collection":[{"href":"https:\/\/sourcenaturelle.eu\/de\/wp-json\/wp\/v2\/product"}],"about":[{"href":"https:\/\/sourcenaturelle.eu\/de\/wp-json\/wp\/v2\/types\/product"}],"wp:featuredmedia":[{"embeddable":true,"href":"https:\/\/sourcenaturelle.eu\/de\/wp-json\/wp\/v2\/media\/3960"}],"wp:attachment":[{"href":"https:\/\/sourcenaturelle.eu\/de\/wp-json\/wp\/v2\/media?parent=3962"}],"wp:term":[{"taxonomy":"product_brand","embeddable":true,"href":"https:\/\/sourcenaturelle.eu\/de\/wp-json\/wp\/v2\/product_brand?post=3962"},{"taxonomy":"product_cat","embeddable":true,"href":"https:\/\/sourcenaturelle.eu\/de\/wp-json\/wp\/v2\/product_cat?post=3962"},{"taxonomy":"product_tag","embeddable":true,"href":"https:\/\/sourcenaturelle.eu\/de\/wp-json\/wp\/v2\/product_tag?post=3962"}],"curies":[{"name":"wp","href":"https:\/\/api.w.org\/{rel}","templated":true}]}}