{"id":3938,"date":"2021-06-29T19:10:09","date_gmt":"2021-06-29T19:10:09","guid":{"rendered":"https:\/\/sourcenaturelle.eu\/product\/eco-cosmetics-nachtcreme-50ml\/"},"modified":"2021-06-29T19:10:09","modified_gmt":"2021-06-29T19:10:09","slug":"eco-cosmetics-nachtcreme-50ml","status":"publish","type":"product","link":"https:\/\/sourcenaturelle.eu\/de\/produkt\/eco-cosmetics-nachtcreme-50ml\/","title":{"rendered":"Eco cosmetics Nachtcreme, 50ml"},"content":{"rendered":"<p>Mit Ginseng und Granatapfel, f\u00fcr jeden Hauttyp<\/p>\n<p>Regenerierende, reichhaltige Nachtpflege. Granatapfel-Extrakte sorgen f\u00fcr den Erhalt des Feuchtigkeitshaushaltes. Ginseng-Extrakte f\u00f6rdern die Spannkraft der Haut. F\u00fcr sehr trockene Haut auch als Tagespflege geeignet.<\/p>\n","protected":false},"excerpt":{"rendered":"<p>F\u00fcr jeden Hauttyp<\/p>\n","protected":false},"featured_media":3936,"template":"","meta":{"_kad_post_transparent":"","_kad_post_title":"","_kad_post_layout":"","_kad_post_sidebar_id":"","_kad_post_content_style":"","_kad_post_vertical_padding":"","_kad_post_feature":"","_kad_post_feature_position":"","_kad_post_header":false,"_kad_post_footer":false,"_kad_post_classname":""},"product_brand":[],"product_cat":[91,204,94],"product_tag":[],"class_list":{"0":"post-3938","1":"product","2":"type-product","3":"status-publish","4":"has-post-thumbnail","6":"product_cat-eco-cosmetics-de","7":"product_cat-feuchtigkeitspflege","8":"product_cat-gesicht","10":"first","11":"instock","12":"shipping-taxable","13":"purchasable","14":"product-type-simple","15":"entry","16":"content-bg","17":"loop-entry"},"_links":{"self":[{"href":"https:\/\/sourcenaturelle.eu\/de\/wp-json\/wp\/v2\/product\/3938","targetHints":{"allow":["GET"]}}],"collection":[{"href":"https:\/\/sourcenaturelle.eu\/de\/wp-json\/wp\/v2\/product"}],"about":[{"href":"https:\/\/sourcenaturelle.eu\/de\/wp-json\/wp\/v2\/types\/product"}],"wp:featuredmedia":[{"embeddable":true,"href":"https:\/\/sourcenaturelle.eu\/de\/wp-json\/wp\/v2\/media\/3936"}],"wp:attachment":[{"href":"https:\/\/sourcenaturelle.eu\/de\/wp-json\/wp\/v2\/media?parent=3938"}],"wp:term":[{"taxonomy":"product_brand","embeddable":true,"href":"https:\/\/sourcenaturelle.eu\/de\/wp-json\/wp\/v2\/product_brand?post=3938"},{"taxonomy":"product_cat","embeddable":true,"href":"https:\/\/sourcenaturelle.eu\/de\/wp-json\/wp\/v2\/product_cat?post=3938"},{"taxonomy":"product_tag","embeddable":true,"href":"https:\/\/sourcenaturelle.eu\/de\/wp-json\/wp\/v2\/product_tag?post=3938"}],"curies":[{"name":"wp","href":"https:\/\/api.w.org\/{rel}","templated":true}]}}