{"id":3856,"date":"2021-06-27T23:24:33","date_gmt":"2021-06-27T23:24:33","guid":{"rendered":"https:\/\/sourcenaturelle.eu\/product\/eco-cosmetics-cleansing-konjac-sponge-de\/"},"modified":"2021-06-27T23:24:33","modified_gmt":"2021-06-27T23:24:33","slug":"eco-cosmetics-cleansing-konjac-sponge-de","status":"publish","type":"product","link":"https:\/\/sourcenaturelle.eu\/de\/produkt\/eco-cosmetics-cleansing-konjac-sponge-de\/","title":{"rendered":"Eco cosmetics Cleansing Konjac Sponge"},"content":{"rendered":"<p>F\u00fcr jeden Hauttyp<\/p>\n<p>Gr\u00fcndliche Reinigung mit sanftem Peeling-Effekt. F\u00fcr ein zartes und belebendes Hautgef\u00fchl!<br \/>\nDer \u201cVegan Sponge\u201d f\u00fcr Gesicht und K\u00f6rper besteht zu 100% aus den Fasern der asiatischen Konjakwurzel. Sie k\u00f6nnen viel Wasser speichern, sie f\u00fchlt sich rein und elastisch an. Er reinigt mit leichtem Peeling-Effekt f\u00fcr ein sauberes und samtiges Hautgef\u00fchl \u2013 jeden Tag. Unser Naturfaser Reinigungsschwamm kann alternativ zu Luffa- oder Badeschw\u00e4mmen verwendet werden und ist sowohl mit als auch ohne Reinigungsprodukt anwendbar.<br \/>\nDer Schwamm eignet sich auch zur Reinigung fettiger, empfindlicher Haut und zur Babypflege. Am B\u00e4ndchen aufgeh\u00e4ngt und getrocknet ist er ca. 6 Wochen benutzbar.<br \/>\nEmpfehlung: mit ECO Reingungsmilch, Waschgel oder mit klarem Wasser verwenden.<\/p>\n<p>. Pflanzliche Fasern, 100% nat\u00fcrlich<br \/>\n. Ohne synthetische Farb-, Duft- und Konservierungsstoffe<br \/>\n. Vegan<br \/>\n. PEG, SLS und Paraben frei<br \/>\n. Ohne genmanipulierte Organismen<br \/>\n. Ohne Paraffin, Silikon und Erd\u00f6lprodukte<br \/>\n. Ohne Tierversuche (laut Gesetz)<\/p>\n<p>Anwendung: Angefeuchteten Schwamm zur Gesichtsreinigung und zur Make-Up Entfernung leicht \u00fcber die Haut kreisen lassen.<br \/>\nAuch sanft zur M\u00e4nnerhaut. Zum Trocknen aufh\u00e4ngen<\/p>\n","protected":false},"excerpt":{"rendered":"<p>F\u00fcr jeden Hauttyp Gr\u00fcndliche Reinigung mit sanftem Peeling-Effekt. F\u00fcr ein zartes und belebendes Hautgef\u00fchl! Der \u201cVegan Sponge\u201d f\u00fcr Gesicht und K\u00f6rper besteht zu 100% aus den Fasern der asiatischen Konjakwurzel. Sie k\u00f6nnen viel Wasser speichern, sie f\u00fchlt sich rein und elastisch an. Er reinigt mit leichtem Peeling-Effekt f\u00fcr ein sauberes und samtiges Hautgef\u00fchl \u2013 jeden&#8230;<\/p>\n","protected":false},"featured_media":3853,"template":"","meta":{"_kad_post_transparent":"","_kad_post_title":"","_kad_post_layout":"","_kad_post_sidebar_id":"","_kad_post_content_style":"","_kad_post_vertical_padding":"","_kad_post_feature":"","_kad_post_feature_position":"","_kad_post_header":false,"_kad_post_footer":false,"_kad_post_classname":""},"product_brand":[],"product_cat":[91,94],"product_tag":[],"class_list":{"0":"post-3856","1":"product","2":"type-product","3":"status-publish","4":"has-post-thumbnail","6":"product_cat-eco-cosmetics-de","7":"product_cat-gesicht","9":"first","10":"onbackorder","11":"shipping-taxable","12":"purchasable","13":"product-type-simple","14":"entry","15":"content-bg","16":"loop-entry"},"_links":{"self":[{"href":"https:\/\/sourcenaturelle.eu\/de\/wp-json\/wp\/v2\/product\/3856","targetHints":{"allow":["GET"]}}],"collection":[{"href":"https:\/\/sourcenaturelle.eu\/de\/wp-json\/wp\/v2\/product"}],"about":[{"href":"https:\/\/sourcenaturelle.eu\/de\/wp-json\/wp\/v2\/types\/product"}],"wp:featuredmedia":[{"embeddable":true,"href":"https:\/\/sourcenaturelle.eu\/de\/wp-json\/wp\/v2\/media\/3853"}],"wp:attachment":[{"href":"https:\/\/sourcenaturelle.eu\/de\/wp-json\/wp\/v2\/media?parent=3856"}],"wp:term":[{"taxonomy":"product_brand","embeddable":true,"href":"https:\/\/sourcenaturelle.eu\/de\/wp-json\/wp\/v2\/product_brand?post=3856"},{"taxonomy":"product_cat","embeddable":true,"href":"https:\/\/sourcenaturelle.eu\/de\/wp-json\/wp\/v2\/product_cat?post=3856"},{"taxonomy":"product_tag","embeddable":true,"href":"https:\/\/sourcenaturelle.eu\/de\/wp-json\/wp\/v2\/product_tag?post=3856"}],"curies":[{"name":"wp","href":"https:\/\/api.w.org\/{rel}","templated":true}]}}